{"id":9546,"date":"2024-11-27T19:54:45","date_gmt":"2024-11-27T16:54:45","guid":{"rendered":"https:\/\/www.makitamarket.com.tr\/site\/urun\/makita-akulu-portatif-supurge-18v\/"},"modified":"2026-04-13T23:55:50","modified_gmt":"2026-04-13T20:55:50","slug":"makita-akulu-portatif-supurge-18v","status":"publish","type":"product","link":"https:\/\/www.makitamarket.com.tr\/site\/urun\/makita-akulu-portatif-supurge-18v\/","title":{"rendered":"Makita DVC350Z AK\u00dcL\u00dc PORTAT\u0130F S\u00dcP\u00dcRGE 18V"},"content":{"rendered":"<p><strong class=\"red-title\" style=\"font-size: 16px;\">A\u00e7\u0131klama:<\/strong> <span><\/p>\n<p>Model DVC350Z<\/p>\n<p>Ak\u00fcl\u00fc Portatif S\u00fcp\u00fcrge<\/p>\n<p>18V \u2022&nbsp;Toz:3L<\/p>\n<p><strong style=\"color: rgb(0, 112, 192);\">Y\u00fcksek Performansl\u0131 Ak\u00fcl\u00fc S\u0131rt Tipi Toz Emme Makinesi <\/strong><span style=\"color: rgb(0, 112, 192);\">&nbsp;<\/span><\/p>\n<p>Hafif end\u00fcstriyel temizlik ve profesyonel kullan\u0131m i\u00e7in tasarlanm\u0131\u015f bu model, 18V LXT Li-Ion ak\u00fc sistemi ile kablosuz kullan\u0131m avantaj\u0131 sunar.3 litrelik toz haznesi kapasitesi, hafif ve ta\u015f\u0131nabilir yap\u0131s\u0131yla g\u00fcnl\u00fck temizlik i\u015flerinizde pratik bir \u00e7\u00f6z\u00fcm sunar. Sessiz \u00e7al\u0131\u015fma \u00f6zelli\u011fi ve d\u00fc\u015f\u00fck titre\u015fim seviyesi, kullan\u0131c\u0131 dostu bir temizlik deneyimi sa\u011flar. Bu model, in\u015faat sonras\u0131 temizlik, ofisler ve profesyonel temizlik projeleri i\u00e7in ideal bir \u00e7\u00f6z\u00fcmd\u00fcr.<\/p>\n<p><span style=\"color: red;\">Kullan\u0131m amac\u0131: <\/span>Bu alet kuru tozlar\u0131 toplamak amac\u0131yla kullan\u0131l\u0131r.<\/p>\n<p><u>\u00d6zellikleri:<\/u><\/p>\n<p>Ak\u00fcl\u00fc yap\u0131s\u0131 kullan\u0131c\u0131ya kablosuz kullan\u0131m imkan\u0131 sunar ve bu sayede kullan\u0131c\u0131lar geni\u015f alanlarda kablo s\u0131n\u0131rlamalar\u0131 olmadan rahat\u00e7a \u00e7al\u0131\u015fabilirler.<\/p>\n<p>Li-ion;Bataryan\u0131n daha verimli \u00e7al\u0131\u015fmas\u0131n\u0131 sa\u011flayan teknolojidir.<\/p>\n<p>LXT(Lithium-ion Xtreme Technology); LXT serisi, geleneksel ak\u00fclere k\u0131yasla daha uzun ak\u00fc \u00f6mr\u00fc, daha h\u0131zl\u0131 \u015farj s\u00fcreleri ve genel olarak geli\u015fmi\u015f performans sa\u011flamas\u0131yla bilinir.<\/p>\n<ol>\n<li data-list=\"bullet\"><span class=\"ql-ui\" contenteditable=\"false\"><\/span>Otomatik 2 h\u0131z mevcuttur.<\/li>\n<li data-list=\"bullet\"><span class=\"ql-ui\" contenteditable=\"false\"><\/span>Yumu\u015fak ba\u015flama \u00f6zelli\u011fi mevcuttur.<\/li>\n<\/ol>\n<p><span style=\"background-color: white; color: rgb(33, 37, 41);\">Not: Ta\u015f\u0131n\u0131labilirli\u011fi y\u00fcksek seviyede dizayn edilmi\u015f olup t\u00fcm Makita el aletlerine uyum sa\u011flamaktad\u0131r. Ayn\u0131 zamanda \u00fcr\u00fcn\u00fcn \u00fcfleme nozulunu takarak tek bir makine ile iki i\u015fi bir anda yapabilirsiniz. <\/span><\/p>\n<p><span style=\"color: red;\">Ak\u00fc ve \u015farj cihaz\u0131 dahil de\u011fildir. <\/span><\/p>\n<p><span style=\"background-color: white; color: rgb(33, 37, 41);\">Ambalaj i\u00e7eri\u011fi: Hortum, \u00fcfleme nozulu, omuz ask\u0131s\u0131, ekipman aparat\u0131, filtre torbas\u0131, toz torbas\u0131 <\/span><\/p>\n<p><span style=\"color: rgb(0, 112, 192);\">&nbsp;<\/span><\/p>\n<p><span style=\"color: rgb(0, 112, 192);\">&nbsp;<\/span><\/p>\n<p><\/span><strong class=\"red-title\" style=\"font-size: 16px;\">Kullan\u0131m Amac\u0131:<\/strong> <span><\/p>\n<p><\/p>\n<p><\/span><strong class=\"red-title\" style=\"font-size: 16px;\">\u00d6zellikler:<\/strong> <span><\/p>\n<p><\/p>\n<p><\/span><strong class=\"red-title\" style=\"font-size: 16px;\">Paket \u0130\u00e7eri\u011fi:<\/strong> <span><\/p>\n<p><\/p>\n<p><\/span><\/p>\n<table>\n<tr>\n<td>Maksimum Hava Hacmi<\/td>\n<td>3.4m\u00b3\/ min<\/td>\n<\/tr>\n<tr>\n<td>Emi\u015f Bas\u0131nc\u0131\/ G\u00fc\u00e7<\/td>\n<td>5.5kPa (560mm H20)<\/td>\n<\/tr>\n<tr>\n<td>Kapasite<\/td>\n<td>Toz:3.0L (0.8gal)<\/td>\n<\/tr>\n<tr>\n<td>\u00d6l\u00e7\u00fcler<\/td>\n<td>273 x 195 x 226 mm<\/td>\n<\/tr>\n<tr>\n<td>A\u011f\u0131rl\u0131k<\/td>\n<td>2.2 kg (4.8 lbs)<\/td>\n<\/tr>\n<tr>\n<td>\u015earj Cihaz\u0131<\/td>\n<td>DC18RC \/ 18V<\/td>\n<\/tr>\n<\/table>\n","protected":false},"excerpt":{"rendered":"<p><strong class=\"red-title\" style=\"font-size: 16px;\">A\u00e7\u0131klama:<\/strong> <span><\/p>\n<p>Model DVC350Z<\/p>\n<p>Ak\u00fcl\u00fc Portatif S\u00fcp\u00fcrge<\/p>\n<p>18V \u2022&nbsp;Toz:3L<\/p>\n<p><strong style=\"color: rgb(0, 112, 192);\">Y\u00fcksek Performansl\u0131 Ak\u00fcl\u00fc S\u0131rt Tipi Toz Emme Makinesi <\/strong><span style=\"color: rgb(0, 112, 192);\">&nbsp;<\/span><\/p>\n<p>Hafif end\u00fcstriyel temizlik ve profesyonel kullan\u0131m i\u00e7in tasarlanm\u0131\u015f bu model, 18V LXT Li-Ion ak\u00fc sistemi ile kablosuz kullan\u0131m avantaj\u0131 sunar.3 litrelik toz haznesi kapasitesi, hafif ve ta\u015f\u0131nabilir yap\u0131s\u0131yla g\u00fcnl\u00fck temizlik i\u015flerinizde pratik bir \u00e7\u00f6z\u00fcm sunar. Sessiz \u00e7al\u0131\u015fma \u00f6zelli\u011fi ve d\u00fc\u015f\u00fck titre\u015fim seviyesi, kullan\u0131c\u0131 dostu bir temizlik deneyimi sa\u011flar. Bu model, in\u015faat sonras\u0131 temizlik, ofisler ve profesyonel temizlik projeleri i\u00e7in ideal bir \u00e7\u00f6z\u00fcmd\u00fcr.<\/p>\n<p><span style=\"color: red;\">Kullan\u0131m amac\u0131: <\/span>Bu alet kuru tozlar\u0131 toplamak amac\u0131yla kullan\u0131l\u0131r.<\/p>\n<p><u>\u00d6zellikleri:<\/u><\/p>\n<p>Ak\u00fcl\u00fc yap\u0131s\u0131 kullan\u0131c\u0131ya kablosuz kullan\u0131m imkan\u0131 sunar ve bu sayede kullan\u0131c\u0131lar geni\u015f alanlarda kablo s\u0131n\u0131rlamalar\u0131 olmadan rahat\u00e7a \u00e7al\u0131\u015fabilirler.<\/p>\n<p>Li-ion;Bataryan\u0131n daha verimli \u00e7al\u0131\u015fmas\u0131n\u0131 sa\u011flayan teknolojidir.<\/p>\n<p>LXT(Lithium-ion Xtreme Technology); LXT serisi, geleneksel ak\u00fclere k\u0131yasla daha uzun ak\u00fc \u00f6mr\u00fc, daha h\u0131zl\u0131 \u015farj s\u00fcreleri ve genel olarak geli\u015fmi\u015f performans sa\u011flamas\u0131yla bilinir.<\/p>\n<ol>\n<li data-list=\"bullet\"><span class=\"ql-ui\" contenteditable=\"false\"><\/span>Otomatik 2 h\u0131z mevcuttur.<\/li>\n<li data-list=\"bullet\"><span class=\"ql-ui\" contenteditable=\"false\"><\/span>Yumu\u015fak ba\u015flama \u00f6zelli\u011fi mevcuttur.<\/li>\n<\/ol>\n<p><span style=\"background-color: white; color: rgb(33, 37, 41);\">Not: Ta\u015f\u0131n\u0131labilirli\u011fi y\u00fcksek seviyede dizayn edilmi\u015f olup t\u00fcm Makita el aletlerine uyum sa\u011flamaktad\u0131r. Ayn\u0131 zamanda \u00fcr\u00fcn\u00fcn \u00fcfleme nozulunu takarak tek bir makine ile iki i\u015fi bir anda yapabilirsiniz. <\/span><\/p>\n<p><span style=\"color: red;\">Ak\u00fc ve \u015farj cihaz\u0131 dahil de\u011fildir. <\/span><\/p>\n<p><span style=\"background-color: white; color: rgb(33, 37, 41);\">Ambalaj i\u00e7eri\u011fi: Hortum, \u00fcfleme nozulu, omuz ask\u0131s\u0131, ekipman aparat\u0131, filtre torbas\u0131, toz torbas\u0131 <\/span><\/p>\n<p><span style=\"color: rgb(0, 112, 192);\">&nbsp;<\/span><\/p>\n<p><span style=\"color: rgb(0, 112, 192);\">&nbsp;<\/span><\/p>\n<p><\/span><strong class=\"red-title\" style=\"font-size: 16px;\">Kullan\u0131m Amac\u0131:<\/strong> <span><\/p>\n<p><\/p>\n<p><\/span><strong class=\"red-title\" style=\"font-size: 16px;\">\u00d6zellikler:<\/strong> <span><\/p>\n<p><\/p>\n<p><\/span><strong class=\"red-title\" style=\"font-size: 16px;\">Paket \u0130\u00e7eri\u011fi:<\/strong> <span><\/p>\n<p><\/p>\n<p><\/span><\/p>\n","protected":false},"featured_media":9545,"comment_status":"open","ping_status":"closed","template":"","meta":{"_acf_changed":false},"product_brand":[1485],"product_cat":[771],"product_tag":[],"class_list":{"0":"post-9546","1":"product","2":"type-product","3":"status-publish","4":"has-post-thumbnail","6":"product_brand-makita","7":"product_cat-endustriyel-temizlik-makinalari","9":"first","10":"instock","11":"taxable","12":"shipping-taxable","13":"purchasable","14":"product-type-simple","15":"add-to-wishlist-after_add_to_cart"},"acf":[],"_links":{"self":[{"href":"https:\/\/www.makitamarket.com.tr\/site\/wp-json\/wp\/v2\/product\/9546","targetHints":{"allow":["GET"]}}],"collection":[{"href":"https:\/\/www.makitamarket.com.tr\/site\/wp-json\/wp\/v2\/product"}],"about":[{"href":"https:\/\/www.makitamarket.com.tr\/site\/wp-json\/wp\/v2\/types\/product"}],"replies":[{"embeddable":true,"href":"https:\/\/www.makitamarket.com.tr\/site\/wp-json\/wp\/v2\/comments?post=9546"}],"wp:featuredmedia":[{"embeddable":true,"href":"https:\/\/www.makitamarket.com.tr\/site\/wp-json\/wp\/v2\/media\/9545"}],"wp:attachment":[{"href":"https:\/\/www.makitamarket.com.tr\/site\/wp-json\/wp\/v2\/media?parent=9546"}],"wp:term":[{"taxonomy":"product_brand","embeddable":true,"href":"https:\/\/www.makitamarket.com.tr\/site\/wp-json\/wp\/v2\/product_brand?post=9546"},{"taxonomy":"product_cat","embeddable":true,"href":"https:\/\/www.makitamarket.com.tr\/site\/wp-json\/wp\/v2\/product_cat?post=9546"},{"taxonomy":"product_tag","embeddable":true,"href":"https:\/\/www.makitamarket.com.tr\/site\/wp-json\/wp\/v2\/product_tag?post=9546"}],"curies":[{"name":"wp","href":"https:\/\/api.w.org\/{rel}","templated":true}]}}