{"id":9548,"date":"2024-11-27T19:54:48","date_gmt":"2024-11-27T16:54:48","guid":{"rendered":"https:\/\/www.makitamarket.com.tr\/site\/urun\/bessey-alistirma-iskencesi-10-55mm-260n\/"},"modified":"2026-03-30T07:31:23","modified_gmt":"2026-03-30T04:31:23","slug":"bessey-alistirma-iskencesi-10-55mm-260n","status":"publish","type":"product","link":"https:\/\/www.makitamarket.com.tr\/site\/urun\/bessey-alistirma-iskencesi-10-55mm-260n\/","title":{"rendered":"Bessey BESPS55 ALI\u015eTIRMA \u0130\u015eKENCES\u0130 10 &#8211; 55mm 260N"},"content":{"rendered":"<p>\n\tGranit,Seramik Cam<br \/>\n\t\u00a0<\/p>\n<table>\n<tr>\n<td>A\u011f\u0131rl\u0131k<\/td>\n<td>1,55<\/td>\n<\/tr>\n<tr>\n<td>Uzunluk<\/td>\n<td>361<\/td>\n<\/tr>\n<tr>\n<td>Geni\u015flik<\/td>\n<td>147<\/td>\n<\/tr>\n<tr>\n<td>\u00c7ene Geni\u015fli\u011fi<\/td>\n<td>10-55<\/td>\n<\/tr>\n<tr>\n<td>Max. S\u0131kma Kuvveti<\/td>\n<td>260N<\/td>\n<\/tr>\n<\/table>\n","protected":false},"excerpt":{"rendered":"<p>\n\tGranit,Seramik Cam<br \/>\n\t\u00a0<\/p>\n","protected":false},"featured_media":9547,"comment_status":"open","ping_status":"closed","template":"","meta":{"_acf_changed":false},"product_brand":[1534],"product_cat":[960],"product_tag":[],"class_list":{"0":"post-9548","1":"product","2":"type-product","3":"status-publish","4":"has-post-thumbnail","6":"product_brand-bessey","7":"product_cat-mengeneler","9":"first","10":"instock","11":"taxable","12":"shipping-taxable","13":"purchasable","14":"product-type-simple","15":"add-to-wishlist-after_add_to_cart"},"acf":[],"_links":{"self":[{"href":"https:\/\/www.makitamarket.com.tr\/site\/wp-json\/wp\/v2\/product\/9548","targetHints":{"allow":["GET"]}}],"collection":[{"href":"https:\/\/www.makitamarket.com.tr\/site\/wp-json\/wp\/v2\/product"}],"about":[{"href":"https:\/\/www.makitamarket.com.tr\/site\/wp-json\/wp\/v2\/types\/product"}],"replies":[{"embeddable":true,"href":"https:\/\/www.makitamarket.com.tr\/site\/wp-json\/wp\/v2\/comments?post=9548"}],"wp:featuredmedia":[{"embeddable":true,"href":"https:\/\/www.makitamarket.com.tr\/site\/wp-json\/wp\/v2\/media\/9547"}],"wp:attachment":[{"href":"https:\/\/www.makitamarket.com.tr\/site\/wp-json\/wp\/v2\/media?parent=9548"}],"wp:term":[{"taxonomy":"product_brand","embeddable":true,"href":"https:\/\/www.makitamarket.com.tr\/site\/wp-json\/wp\/v2\/product_brand?post=9548"},{"taxonomy":"product_cat","embeddable":true,"href":"https:\/\/www.makitamarket.com.tr\/site\/wp-json\/wp\/v2\/product_cat?post=9548"},{"taxonomy":"product_tag","embeddable":true,"href":"https:\/\/www.makitamarket.com.tr\/site\/wp-json\/wp\/v2\/product_tag?post=9548"}],"curies":[{"name":"wp","href":"https:\/\/api.w.org\/{rel}","templated":true}]}}