{"id":9564,"date":"2024-11-27T19:54:56","date_gmt":"2024-11-27T16:54:56","guid":{"rendered":"https:\/\/www.makitamarket.com.tr\/site\/urun\/rapid-kemer-ve-deri-delme-pensi\/"},"modified":"2026-03-30T07:31:28","modified_gmt":"2026-03-30T04:31:28","slug":"rapid-kemer-ve-deri-delme-pensi","status":"publish","type":"product","link":"https:\/\/www.makitamarket.com.tr\/site\/urun\/rapid-kemer-ve-deri-delme-pensi\/","title":{"rendered":"Rapid RP03 KEMER VE DER\u0130 DELME PENS\u0130"},"content":{"rendered":"<div id=\"cke_pastebin\">\n\tDeri, tekstil ve plastik uygulamalar i\u00e7in \u00e7ok y\u00f6nl\u00fc, \u00e7ok de\u011ferli kemer delme aleti. Kolayca tutulmaktad\u0131r, s\u0131k kullan\u0131m i\u00e7in tasarlanm\u0131\u015ft\u0131r ve b\u00fcy\u00fck sonu\u00e7lar vermektedir.<\/div>\n<div id=\"cke_pastebin\">\n\t\u2022 2.5 ile 4.5 mm \u00e7apl\u0131 delikler deler<\/div>\n<div>\n\t\u2022 Do\u011fru \u00e7ap\u0131 se\u00e7mek i\u00e7in d\u00f6ner kafa<\/div>\n<div>\n\t\u2022 G\u00fc\u00e7l\u00fc metal par\u00e7alar<\/div>\n<div>\n\t\u2022 Krom son i\u015flem<\/div>\n<div>\n\t\u2022 2 y\u0131l garanti<\/div>\n<table><\/table>\n","protected":false},"excerpt":{"rendered":"<div id=\"cke_pastebin\">\n\tDeri, tekstil ve plastik uygulamalar i\u00e7in \u00e7ok y\u00f6nl\u00fc, \u00e7ok de\u011ferli kemer delme aleti. Kolayca tutulmaktad\u0131r, s\u0131k kullan\u0131m i\u00e7in tasarlanm\u0131\u015ft\u0131r ve b\u00fcy\u00fck sonu\u00e7lar vermektedir.<\/div>\n<div id=\"cke_pastebin\">\n\t\u2022 2.5 ile 4.5 mm \u00e7apl\u0131 delikler deler<\/div>\n<div>\n\t\u2022 Do\u011fru \u00e7ap\u0131 se\u00e7mek i\u00e7in d\u00f6ner kafa<\/div>\n<div>\n\t\u2022 G\u00fc\u00e7l\u00fc metal par\u00e7alar<\/div>\n<div>\n\t\u2022 Krom son i\u015flem<\/div>\n<div>\n\t\u2022 2 y\u0131l garanti<\/div>\n","protected":false},"featured_media":9563,"comment_status":"open","ping_status":"closed","template":"","meta":{"_acf_changed":false},"product_brand":[1491],"product_cat":[918],"product_tag":[],"class_list":{"0":"post-9564","1":"product","2":"type-product","3":"status-publish","4":"has-post-thumbnail","6":"product_brand-rapid","7":"product_cat-delik-acma-penseleri","9":"first","10":"instock","11":"taxable","12":"shipping-taxable","13":"purchasable","14":"product-type-simple","15":"add-to-wishlist-after_add_to_cart"},"acf":[],"_links":{"self":[{"href":"https:\/\/www.makitamarket.com.tr\/site\/wp-json\/wp\/v2\/product\/9564","targetHints":{"allow":["GET"]}}],"collection":[{"href":"https:\/\/www.makitamarket.com.tr\/site\/wp-json\/wp\/v2\/product"}],"about":[{"href":"https:\/\/www.makitamarket.com.tr\/site\/wp-json\/wp\/v2\/types\/product"}],"replies":[{"embeddable":true,"href":"https:\/\/www.makitamarket.com.tr\/site\/wp-json\/wp\/v2\/comments?post=9564"}],"wp:featuredmedia":[{"embeddable":true,"href":"https:\/\/www.makitamarket.com.tr\/site\/wp-json\/wp\/v2\/media\/9563"}],"wp:attachment":[{"href":"https:\/\/www.makitamarket.com.tr\/site\/wp-json\/wp\/v2\/media?parent=9564"}],"wp:term":[{"taxonomy":"product_brand","embeddable":true,"href":"https:\/\/www.makitamarket.com.tr\/site\/wp-json\/wp\/v2\/product_brand?post=9564"},{"taxonomy":"product_cat","embeddable":true,"href":"https:\/\/www.makitamarket.com.tr\/site\/wp-json\/wp\/v2\/product_cat?post=9564"},{"taxonomy":"product_tag","embeddable":true,"href":"https:\/\/www.makitamarket.com.tr\/site\/wp-json\/wp\/v2\/product_tag?post=9564"}],"curies":[{"name":"wp","href":"https:\/\/api.w.org\/{rel}","templated":true}]}}