{"id":9576,"date":"2024-11-27T19:55:03","date_gmt":"2024-11-27T16:55:03","guid":{"rendered":"https:\/\/www.makitamarket.com.tr\/site\/urun\/clipper-dynamic-cd-beton-karot-ucu-152-144-mm\/"},"modified":"2026-04-06T12:49:39","modified_gmt":"2026-04-06T09:49:39","slug":"clipper-dynamic-cd-beton-karot-ucu-152-144-mm","status":"publish","type":"product","link":"https:\/\/www.makitamarket.com.tr\/site\/urun\/clipper-dynamic-cd-beton-karot-ucu-152-144-mm\/","title":{"rendered":"Clipper 24887 DYNAMIC CD BETON KAROT UCU 152\/144 mm"},"content":{"rendered":"<p>\n\tBeton, g\u00fc\u00e7lendirilmi\u015f beton ve do\u011fal ta\u015flar i\u00e7in\u00a0<\/p>\n<table>\n<tr>\n<td>\u00c7ap (D\u0131\u015f, \u0130\u00e7)<\/td>\n<td>152\/144 mm<\/td>\n<\/tr>\n<tr>\n<td>Segman say\u0131s\u0131<\/td>\n<td>11 adet<\/td>\n<\/tr>\n<tr>\n<td>Segman (Y\/G-mm)<\/td>\n<td>24\/4.0\/10 mm<\/td>\n<\/tr>\n<tr>\n<td>Kullan\u0131\u015fl\u0131 boy<\/td>\n<td>450mm<\/td>\n<\/tr>\n<tr>\n<td>Model s\u0131n\u0131f\u0131<\/td>\n<td>Pro line<\/td>\n<\/tr>\n<tr>\n<td>Performans<\/td>\n<td>4 y\u0131ld\u0131z<\/td>\n<\/tr>\n<\/table>\n","protected":false},"excerpt":{"rendered":"<p>\n\tBeton, g\u00fc\u00e7lendirilmi\u015f beton ve do\u011fal ta\u015flar i\u00e7in\u00a0<\/p>\n","protected":false},"featured_media":9575,"comment_status":"open","ping_status":"closed","template":"","meta":{"_acf_changed":false},"product_brand":[1497],"product_cat":[1565],"product_tag":[],"class_list":{"0":"post-9576","1":"product","2":"type-product","3":"status-publish","4":"has-post-thumbnail","6":"product_brand-clipper","7":"product_cat-yok-yok","9":"first","10":"instock","11":"taxable","12":"shipping-taxable","13":"purchasable","14":"product-type-simple","15":"add-to-wishlist-after_add_to_cart"},"acf":[],"_links":{"self":[{"href":"https:\/\/www.makitamarket.com.tr\/site\/wp-json\/wp\/v2\/product\/9576","targetHints":{"allow":["GET"]}}],"collection":[{"href":"https:\/\/www.makitamarket.com.tr\/site\/wp-json\/wp\/v2\/product"}],"about":[{"href":"https:\/\/www.makitamarket.com.tr\/site\/wp-json\/wp\/v2\/types\/product"}],"replies":[{"embeddable":true,"href":"https:\/\/www.makitamarket.com.tr\/site\/wp-json\/wp\/v2\/comments?post=9576"}],"wp:featuredmedia":[{"embeddable":true,"href":"https:\/\/www.makitamarket.com.tr\/site\/wp-json\/wp\/v2\/media\/9575"}],"wp:attachment":[{"href":"https:\/\/www.makitamarket.com.tr\/site\/wp-json\/wp\/v2\/media?parent=9576"}],"wp:term":[{"taxonomy":"product_brand","embeddable":true,"href":"https:\/\/www.makitamarket.com.tr\/site\/wp-json\/wp\/v2\/product_brand?post=9576"},{"taxonomy":"product_cat","embeddable":true,"href":"https:\/\/www.makitamarket.com.tr\/site\/wp-json\/wp\/v2\/product_cat?post=9576"},{"taxonomy":"product_tag","embeddable":true,"href":"https:\/\/www.makitamarket.com.tr\/site\/wp-json\/wp\/v2\/product_tag?post=9576"}],"curies":[{"name":"wp","href":"https:\/\/api.w.org\/{rel}","templated":true}]}}