{"id":9585,"date":"2024-11-27T19:55:05","date_gmt":"2024-11-27T16:55:05","guid":{"rendered":"https:\/\/www.makitamarket.com.tr\/site\/urun\/honeywell-beyaz-xxl-tulum-type-5-6-mutex-light\/"},"modified":"2026-04-06T12:49:40","modified_gmt":"2026-04-06T09:49:40","slug":"honeywell-beyaz-xxl-tulum-type-5-6-mutex-light","status":"publish","type":"product","link":"https:\/\/www.makitamarket.com.tr\/site\/urun\/honeywell-beyaz-xxl-tulum-type-5-6-mutex-light\/","title":{"rendered":"Honeywell 4500500XXL BEYAZ XXL TULUM TYPE 5 &#8211; 6 (MUTEX LIGHT)"},"content":{"rendered":"<table>\n<tr>\n<td>Renk<\/td>\n<td>Beyaz<\/td>\n<\/tr>\n<tr>\n<td>Standard\u0131<\/td>\n<td>CE EN 1149-1 Cat.3 , Tip 5-6<\/td>\n<\/tr>\n<tr>\n<td>Koli Miktar\u0131<\/td>\n<td>25 Adet<\/td>\n<\/tr>\n<tr>\n<td>A\u011f\u0131rl\u0131k<\/td>\n<td>65 gr<\/td>\n<\/tr>\n<\/table>\n","protected":false},"excerpt":{"rendered":"<p>Renk Beyaz Standard\u0131 CE EN 1149-1 Cat.3 , Tip 5-6 Koli Miktar\u0131 25 Adet A\u011f\u0131rl\u0131k 65 gr<\/p>\n","protected":false},"featured_media":0,"comment_status":"open","ping_status":"closed","template":"","meta":{"_acf_changed":false},"product_brand":[1516],"product_cat":[1565],"product_tag":[],"class_list":{"0":"post-9585","1":"product","2":"type-product","3":"status-publish","5":"product_brand-honeywell","6":"product_cat-yok-yok","8":"first","9":"instock","10":"taxable","11":"shipping-taxable","12":"purchasable","13":"product-type-simple","14":"add-to-wishlist-after_add_to_cart"},"acf":[],"_links":{"self":[{"href":"https:\/\/www.makitamarket.com.tr\/site\/wp-json\/wp\/v2\/product\/9585","targetHints":{"allow":["GET"]}}],"collection":[{"href":"https:\/\/www.makitamarket.com.tr\/site\/wp-json\/wp\/v2\/product"}],"about":[{"href":"https:\/\/www.makitamarket.com.tr\/site\/wp-json\/wp\/v2\/types\/product"}],"replies":[{"embeddable":true,"href":"https:\/\/www.makitamarket.com.tr\/site\/wp-json\/wp\/v2\/comments?post=9585"}],"wp:attachment":[{"href":"https:\/\/www.makitamarket.com.tr\/site\/wp-json\/wp\/v2\/media?parent=9585"}],"wp:term":[{"taxonomy":"product_brand","embeddable":true,"href":"https:\/\/www.makitamarket.com.tr\/site\/wp-json\/wp\/v2\/product_brand?post=9585"},{"taxonomy":"product_cat","embeddable":true,"href":"https:\/\/www.makitamarket.com.tr\/site\/wp-json\/wp\/v2\/product_cat?post=9585"},{"taxonomy":"product_tag","embeddable":true,"href":"https:\/\/www.makitamarket.com.tr\/site\/wp-json\/wp\/v2\/product_tag?post=9585"}],"curies":[{"name":"wp","href":"https:\/\/api.w.org\/{rel}","templated":true}]}}