{"id":9589,"date":"2024-11-27T19:55:06","date_gmt":"2024-11-27T16:55:06","guid":{"rendered":"https:\/\/www.makitamarket.com.tr\/site\/urun\/mapa-mapa-harpon-319-no-9-95\/"},"modified":"2026-04-06T12:49:41","modified_gmt":"2026-04-06T09:49:41","slug":"mapa-mapa-harpon-319-no-9-95","status":"publish","type":"product","link":"https:\/\/www.makitamarket.com.tr\/site\/urun\/mapa-mapa-harpon-319-no-9-95\/","title":{"rendered":"Mapa HARPON319 MAPA HARPON 319 NO: 9 \/ 9,5"},"content":{"rendered":"<p>-Lateks mamul<br \/>\n-Pamuklu i\u00e7 y\u00fczey<br \/>\n-Dalgal\u0131 avuc ici y\u00fczeyi, y\u00fcksek tutus kabiliyeti saglar<br \/>\n<strong><br \/>\nKullan\u0131m Alanlar\u0131<\/strong><br \/>\n-Ta\u015f ocaklar\u0131<br \/>\n-Bal\u0131k\u00e7\u0131l\u0131k<br \/>\n-Metal plaka ta\u015f\u0131ma<br \/>\n-Dikenli tel ile temaslar<\/p>\n<table>\n<tr>\n<td>Uzunluk<\/td>\n<td>25 &#8211; 27 cm<\/td>\n<\/tr>\n<tr>\n<td>\u00d6l\u00e7\u00fc<\/td>\n<td>9 &#8211; 9.5<\/td>\n<\/tr>\n<tr>\n<td>Standard\u0131<\/td>\n<td>CE EN 388 &#8211; 2141<\/td>\n<\/tr>\n<tr>\n<td>Standard\u0131<\/td>\n<td>CE EN 407 &#8211; X2XXX<\/td>\n<\/tr>\n<tr>\n<td>Koli Miktar\u0131<\/td>\n<td>50 \u00c7ift<\/td>\n<\/tr>\n<\/table>\n","protected":false},"excerpt":{"rendered":"<p>-Lateks mamul<br \/>\n-Pamuklu i\u00e7 y\u00fczey<br \/>\n-Dalgal\u0131 avuc ici y\u00fczeyi, y\u00fcksek tutus kabiliyeti saglar<br \/>\n<strong><br \/>\nKullan\u0131m Alanlar\u0131<\/strong><br \/>\n-Ta\u015f ocaklar\u0131<br \/>\n-Bal\u0131k\u00e7\u0131l\u0131k<br \/>\n-Metal plaka ta\u015f\u0131ma<br \/>\n-Dikenli tel ile temaslar<\/p>\n","protected":false},"featured_media":9588,"comment_status":"open","ping_status":"closed","template":"","meta":{"_acf_changed":false},"product_brand":[1521],"product_cat":[1565],"product_tag":[],"class_list":{"0":"post-9589","1":"product","2":"type-product","3":"status-publish","4":"has-post-thumbnail","6":"product_brand-mapa","7":"product_cat-yok-yok","9":"first","10":"outofstock","11":"taxable","12":"shipping-taxable","13":"purchasable","14":"product-type-simple","15":"add-to-wishlist-after_add_to_cart"},"acf":[],"_links":{"self":[{"href":"https:\/\/www.makitamarket.com.tr\/site\/wp-json\/wp\/v2\/product\/9589","targetHints":{"allow":["GET"]}}],"collection":[{"href":"https:\/\/www.makitamarket.com.tr\/site\/wp-json\/wp\/v2\/product"}],"about":[{"href":"https:\/\/www.makitamarket.com.tr\/site\/wp-json\/wp\/v2\/types\/product"}],"replies":[{"embeddable":true,"href":"https:\/\/www.makitamarket.com.tr\/site\/wp-json\/wp\/v2\/comments?post=9589"}],"wp:featuredmedia":[{"embeddable":true,"href":"https:\/\/www.makitamarket.com.tr\/site\/wp-json\/wp\/v2\/media\/9588"}],"wp:attachment":[{"href":"https:\/\/www.makitamarket.com.tr\/site\/wp-json\/wp\/v2\/media?parent=9589"}],"wp:term":[{"taxonomy":"product_brand","embeddable":true,"href":"https:\/\/www.makitamarket.com.tr\/site\/wp-json\/wp\/v2\/product_brand?post=9589"},{"taxonomy":"product_cat","embeddable":true,"href":"https:\/\/www.makitamarket.com.tr\/site\/wp-json\/wp\/v2\/product_cat?post=9589"},{"taxonomy":"product_tag","embeddable":true,"href":"https:\/\/www.makitamarket.com.tr\/site\/wp-json\/wp\/v2\/product_tag?post=9589"}],"curies":[{"name":"wp","href":"https:\/\/api.w.org\/{rel}","templated":true}]}}