{"id":9608,"date":"2024-11-27T19:55:21","date_gmt":"2024-11-27T16:55:21","guid":{"rendered":"https:\/\/www.makitamarket.com.tr\/site\/urun\/makita-tek-akulu-yan-tirpan-18v\/"},"modified":"2026-04-06T12:49:44","modified_gmt":"2026-04-06T09:49:44","slug":"makita-tek-akulu-yan-tirpan-18v","status":"publish","type":"product","link":"https:\/\/www.makitamarket.com.tr\/site\/urun\/makita-tek-akulu-yan-tirpan-18v\/","title":{"rendered":"Makita DUR189Z TEK AK\u00dcL\u00dc YAN TIRPAN 18V"},"content":{"rendered":"<p>Model DUR189Z<\/p>\n<p>Tek Ak\u00fcl\u00fc Yan T\u0131rpan<\/p>\n<p>18V \u2022 4.000 &#8211; 6.000 dak\u02c9\u00b9<\/p>\n<p><strong style=\"color: rgb(0, 112, 192);\">Y\u00fcksek Performansl\u0131 Tek Ak\u00fcl\u00fc Yan T\u0131rpan<\/strong><\/p>\n<p>\u00c7im, yabani otlar ve \u00e7al\u0131lar\u0131n kesimi i\u00e7in tasarlanm\u0131\u015f hafif ve g\u00fc\u00e7l\u00fc bir ak\u00fcl\u00fc yan t\u0131rpan modelidir. <strong>18V LXT Li-Ion tek ak\u00fc uyumlu<\/strong> yap\u0131s\u0131 ile k\u00fc\u00e7\u00fck ve orta b\u00fcy\u00fckl\u00fckteki bah\u00e7elerde etkili bir performans sunar.Dakikada 4.000 &#8211; 6.000 bo\u015fta devire sahiptir.De\u011fi\u015fken h\u0131z kontrol\u00fc sayesinde farkl\u0131 bitki \u00f6rt\u00fclerine uyum sa\u011flamak i\u00e7in h\u0131z ayar\u0131 yap\u0131labilir. Otomatik h\u0131z modu, kesim yo\u011funlu\u011funa g\u00f6re h\u0131z\u0131 otomatik olarak ayarlayarak enerji tasarrufu sa\u011flar. Ergonomik tasar\u0131m\u0131, hafif ve dengeli yap\u0131s\u0131yla uzun s\u00fcreli kullan\u0131mlarda konfor sunar. Sessiz \u00e7al\u0131\u015fma \u00f6zelli\u011fi, d\u00fc\u015f\u00fck g\u00fcr\u00fclt\u00fc seviyesiyle rahats\u0131zl\u0131k vermeden kullan\u0131m imk\u00e2n\u0131 sa\u011flar.Bu model, bah\u00e7e bak\u0131m\u0131 ve peyzaj d\u00fczenleme i\u00e7in pratik ve verimli bir \u00e7\u00f6z\u00fcmd\u00fcr.<\/p>\n<p><span style=\"color: red;\">Kullan\u0131m amac\u0131: <\/span>\u00c7im kenarlar\u0131n\u0131 d\u00fczeltmek ve hafif otlar\u0131 bi\u00e7mek i\u00e7in tasarlanm\u0131\u015f bir ak\u00fcl\u00fc ot t\u0131rpan\u0131d\u0131r.<\/p>\n<p><u>\u00d6zellikleri:<\/u><\/p>\n<p>ADT(Otomatik Tork Ayar Teknolojisi);\u00e7al\u0131\u015fma \u015fartlar\u0131na g\u00f6re kesme h\u0131z\u0131 otomatik olarak ayarlan\u0131r.<\/p>\n<p>LXT(Lithium-ion Xtreme Technology); Makita&#8217;n\u0131n elektrikli el aletlerinde lityum iyon pil teknolojisini kullanmas\u0131. LXT serisi, geleneksel ak\u00fclere k\u0131yasla daha uzun ak\u00fc \u00f6mr\u00fc, daha h\u0131zl\u0131 \u015farj s\u00fcreleri ve genel olarak geli\u015fmi\u015f performans sa\u011flamas\u0131yla bilinir.<\/p>\n<p>BL Motor\/K\u00f6m\u00fcrs\u00fcz Motor mevcuttur. K\u00f6m\u00fcrs\u00fcz motor sayesinde \u00e7al\u0131\u015fma esnas\u0131nda olu\u015fan \u0131s\u0131 enerjisi kaybolmaz ve makinenin g\u00fcc\u00fcne iletilir.<\/p>\n<p>XPT(Ekstra Koruma Teknolojisi) sayesinde nemli ve ya\u011fmurlu ortamlarda kullan\u0131labilir. D\u00fc\u015fmeye kar\u015f\u0131 ekstra dayan\u0131kl\u0131d\u0131r.<\/p>\n<p>Ak\u00fcl\u00fc yap\u0131s\u0131 kullan\u0131c\u0131ya kablosuz kullan\u0131m imkan\u0131 sunar ve bu sayede kullan\u0131c\u0131lar geni\u015f alanlarda kablo s\u0131n\u0131rlamalar\u0131 olmadan rahat\u00e7a \u00e7al\u0131\u015fabilirler.<\/p>\n<p>Li-ion; Bataryan\u0131n daha verimli \u00e7al\u0131\u015fmas\u0131n\u0131 sa\u011flayan teknolojidir.<\/p>\n<ol>\n<li data-list=\"ordered\"><span class=\"ql-ui\" contenteditable=\"false\"><\/span>De\u011fi\u015fken h\u0131z \u00f6zelli\u011fi vard\u0131r.<\/li>\n<li data-list=\"ordered\"><span class=\"ql-ui\" contenteditable=\"false\"><\/span>Elektrik freni mevcuttur.<\/li>\n<li data-list=\"ordered\"><span class=\"ql-ui\" contenteditable=\"false\"><\/span>Sa\u011f-sol d\u00f6n\u00fc\u015f ayarl\u0131d\u0131r.<\/li>\n<li data-list=\"ordered\"><span class=\"ql-ui\" contenteditable=\"false\"><\/span>Yumu\u015fak ba\u015flama \u00f6zelli\u011fi mevcuttur.<\/li>\n<li data-list=\"ordered\"><span class=\"ql-ui\" contenteditable=\"false\"><\/span>Otomatik 3 h\u0131z mevcuttur.<\/li>\n<\/ol>\n<p>Ak\u00fc:BL1830\/1840\/1850B\/1860B<\/p>\n<p>\u015earj Cihaz\u0131:DC18RD \u00c7iftli\/ DC18RC<\/p>\n<p>Ambalaj i\u00e7eri\u011fi: 350 mm misina ba\u015fl\u0131\u011f\u0131, kullan\u0131m anahtar\u0131<\/p>\n<p><span style=\"color: red;\">Ak\u00fc ve \u015farj cihaz\u0131 dahil de\u011fildir. <\/span><\/p>\n<table>\n<tr>\n<td>S\u00fcrekli Ak\u0131m Giri\u015fi<\/td>\n<td>240W<\/td>\n<\/tr>\n<tr>\n<td>Kullan\u0131labilir Ak\u00fc<\/td>\n<td>1 adet 18V Li-ion<\/td>\n<\/tr>\n<tr>\n<td>Devir h\u0131z\u0131 3 Kademe<\/td>\n<td>6.000\/5.000\/4.000 dev\/dk<\/td>\n<\/tr>\n<tr>\n<td>Ses D\u00fczeyi<\/td>\n<td>78dBA<\/td>\n<\/tr>\n<tr>\n<td>Tutma Kolu<\/td>\n<td>Pilot kol<\/td>\n<\/tr>\n<tr>\n<td>Titre\u015fim sa\u011f el<\/td>\n<td>2.5m\/s2<\/td>\n<\/tr>\n<tr>\n<td>Titre\u015fim sol el<\/td>\n<td>0.6m\/s2<\/td>\n<\/tr>\n<tr>\n<td>\u00d6l\u00e7\u00fcler (LxWxH)<\/td>\n<td>1.618x258x396mm<\/td>\n<\/tr>\n<tr>\n<td>Net A\u011f\u0131rl\u0131k<\/td>\n<td>3,3 Kg<\/td>\n<\/tr>\n<\/table>\n","protected":false},"excerpt":{"rendered":"<p>Model DUR189Z<\/p>\n<p>Tek Ak\u00fcl\u00fc Yan T\u0131rpan<\/p>\n<p>18V \u2022 4.000 &#8211; 6.000 dak\u02c9\u00b9<\/p>\n<p><strong style=\"color: rgb(0, 112, 192);\">Y\u00fcksek Performansl\u0131 Tek Ak\u00fcl\u00fc Yan T\u0131rpan<\/strong><\/p>\n<p>\u00c7im, yabani otlar ve \u00e7al\u0131lar\u0131n kesimi i\u00e7in tasarlanm\u0131\u015f hafif ve g\u00fc\u00e7l\u00fc bir ak\u00fcl\u00fc yan t\u0131rpan modelidir. <strong>18V LXT Li-Ion tek ak\u00fc uyumlu<\/strong> yap\u0131s\u0131 ile k\u00fc\u00e7\u00fck ve orta b\u00fcy\u00fckl\u00fckteki bah\u00e7elerde etkili bir performans sunar.Dakikada 4.000 &#8211; 6.000 bo\u015fta devire sahiptir.De\u011fi\u015fken h\u0131z kontrol\u00fc sayesinde farkl\u0131 bitki \u00f6rt\u00fclerine uyum sa\u011flamak i\u00e7in h\u0131z ayar\u0131 yap\u0131labilir. Otomatik h\u0131z modu, kesim yo\u011funlu\u011funa g\u00f6re h\u0131z\u0131 otomatik olarak ayarlayarak enerji tasarrufu sa\u011flar. Ergonomik tasar\u0131m\u0131, hafif ve dengeli yap\u0131s\u0131yla uzun s\u00fcreli kullan\u0131mlarda konfor sunar. Sessiz \u00e7al\u0131\u015fma \u00f6zelli\u011fi, d\u00fc\u015f\u00fck g\u00fcr\u00fclt\u00fc seviyesiyle rahats\u0131zl\u0131k vermeden kullan\u0131m imk\u00e2n\u0131 sa\u011flar.Bu model, bah\u00e7e bak\u0131m\u0131 ve peyzaj d\u00fczenleme i\u00e7in pratik ve verimli bir \u00e7\u00f6z\u00fcmd\u00fcr.<\/p>\n<p><span style=\"color: red;\">Kullan\u0131m amac\u0131: <\/span>\u00c7im kenarlar\u0131n\u0131 d\u00fczeltmek ve hafif otlar\u0131 bi\u00e7mek i\u00e7in tasarlanm\u0131\u015f bir ak\u00fcl\u00fc ot t\u0131rpan\u0131d\u0131r.<\/p>\n<p><u>\u00d6zellikleri:<\/u><\/p>\n<p>ADT(Otomatik Tork Ayar Teknolojisi);\u00e7al\u0131\u015fma \u015fartlar\u0131na g\u00f6re kesme h\u0131z\u0131 otomatik olarak ayarlan\u0131r.<\/p>\n<p>LXT(Lithium-ion Xtreme Technology); Makita&#8217;n\u0131n elektrikli el aletlerinde lityum iyon pil teknolojisini kullanmas\u0131. LXT serisi, geleneksel ak\u00fclere k\u0131yasla daha uzun ak\u00fc \u00f6mr\u00fc, daha h\u0131zl\u0131 \u015farj s\u00fcreleri ve genel olarak geli\u015fmi\u015f performans sa\u011flamas\u0131yla bilinir.<\/p>\n<p>BL Motor\/K\u00f6m\u00fcrs\u00fcz Motor mevcuttur. K\u00f6m\u00fcrs\u00fcz motor sayesinde \u00e7al\u0131\u015fma esnas\u0131nda olu\u015fan \u0131s\u0131 enerjisi kaybolmaz ve makinenin g\u00fcc\u00fcne iletilir.<\/p>\n<p>XPT(Ekstra Koruma Teknolojisi) sayesinde nemli ve ya\u011fmurlu ortamlarda kullan\u0131labilir. D\u00fc\u015fmeye kar\u015f\u0131 ekstra dayan\u0131kl\u0131d\u0131r.<\/p>\n<p>Ak\u00fcl\u00fc yap\u0131s\u0131 kullan\u0131c\u0131ya kablosuz kullan\u0131m imkan\u0131 sunar ve bu sayede kullan\u0131c\u0131lar geni\u015f alanlarda kablo s\u0131n\u0131rlamalar\u0131 olmadan rahat\u00e7a \u00e7al\u0131\u015fabilirler.<\/p>\n<p>Li-ion; Bataryan\u0131n daha verimli \u00e7al\u0131\u015fmas\u0131n\u0131 sa\u011flayan teknolojidir.<\/p>\n<ol>\n<li data-list=\"ordered\"><span class=\"ql-ui\" contenteditable=\"false\"><\/span>De\u011fi\u015fken h\u0131z \u00f6zelli\u011fi vard\u0131r.<\/li>\n<li data-list=\"ordered\"><span class=\"ql-ui\" contenteditable=\"false\"><\/span>Elektrik freni mevcuttur.<\/li>\n<li data-list=\"ordered\"><span class=\"ql-ui\" contenteditable=\"false\"><\/span>Sa\u011f-sol d\u00f6n\u00fc\u015f ayarl\u0131d\u0131r.<\/li>\n<li data-list=\"ordered\"><span class=\"ql-ui\" contenteditable=\"false\"><\/span>Yumu\u015fak ba\u015flama \u00f6zelli\u011fi mevcuttur.<\/li>\n<li data-list=\"ordered\"><span class=\"ql-ui\" contenteditable=\"false\"><\/span>Otomatik 3 h\u0131z mevcuttur.<\/li>\n<\/ol>\n<p>Ak\u00fc:BL1830\/1840\/1850B\/1860B<\/p>\n<p>\u015earj Cihaz\u0131:DC18RD \u00c7iftli\/ DC18RC<\/p>\n<p>Ambalaj i\u00e7eri\u011fi: 350 mm misina ba\u015fl\u0131\u011f\u0131, kullan\u0131m anahtar\u0131<\/p>\n<p><span style=\"color: red;\">Ak\u00fc ve \u015farj cihaz\u0131 dahil de\u011fildir. <\/span><\/p>\n","protected":false},"featured_media":9607,"comment_status":"open","ping_status":"closed","template":"","meta":{"_acf_changed":false},"product_brand":[1485],"product_cat":[919],"product_tag":[],"class_list":{"0":"post-9608","1":"product","2":"type-product","3":"status-publish","4":"has-post-thumbnail","6":"product_brand-makita","7":"product_cat-akulu-motorlu-tirpanlar","9":"first","10":"instock","11":"taxable","12":"shipping-taxable","13":"purchasable","14":"product-type-simple","15":"add-to-wishlist-after_add_to_cart"},"acf":[],"_links":{"self":[{"href":"https:\/\/www.makitamarket.com.tr\/site\/wp-json\/wp\/v2\/product\/9608","targetHints":{"allow":["GET"]}}],"collection":[{"href":"https:\/\/www.makitamarket.com.tr\/site\/wp-json\/wp\/v2\/product"}],"about":[{"href":"https:\/\/www.makitamarket.com.tr\/site\/wp-json\/wp\/v2\/types\/product"}],"replies":[{"embeddable":true,"href":"https:\/\/www.makitamarket.com.tr\/site\/wp-json\/wp\/v2\/comments?post=9608"}],"wp:featuredmedia":[{"embeddable":true,"href":"https:\/\/www.makitamarket.com.tr\/site\/wp-json\/wp\/v2\/media\/9607"}],"wp:attachment":[{"href":"https:\/\/www.makitamarket.com.tr\/site\/wp-json\/wp\/v2\/media?parent=9608"}],"wp:term":[{"taxonomy":"product_brand","embeddable":true,"href":"https:\/\/www.makitamarket.com.tr\/site\/wp-json\/wp\/v2\/product_brand?post=9608"},{"taxonomy":"product_cat","embeddable":true,"href":"https:\/\/www.makitamarket.com.tr\/site\/wp-json\/wp\/v2\/product_cat?post=9608"},{"taxonomy":"product_tag","embeddable":true,"href":"https:\/\/www.makitamarket.com.tr\/site\/wp-json\/wp\/v2\/product_tag?post=9608"}],"curies":[{"name":"wp","href":"https:\/\/api.w.org\/{rel}","templated":true}]}}