{"id":9610,"date":"2024-11-27T19:55:22","date_gmt":"2024-11-27T16:55:22","guid":{"rendered":"https:\/\/www.makitamarket.com.tr\/site\/urun\/safeset-parasut-tip-bel-destekli-emniyet-kemeri-seti\/"},"modified":"2026-04-13T19:23:41","modified_gmt":"2026-04-13T16:23:41","slug":"safeset-parasut-tip-bel-destekli-emniyet-kemeri-seti","status":"publish","type":"product","link":"https:\/\/www.makitamarket.com.tr\/site\/urun\/safeset-parasut-tip-bel-destekli-emniyet-kemeri-seti\/","title":{"rendered":"Safeset SFP-1 PARA\u015e\u00dcT T\u0130P BEL DESTEKL\u0130 EMN\u0130YET KEMER\u0130 SET\u0130"},"content":{"rendered":"<p>\n\t<strong>Paket \u0130\u00e7eri\u011fi:<br \/>\n\t<\/strong><\/p>\n<div id=\"cke_pastebin\">\n<div id=\"cke_pastebin\">\n<div id=\"cke_pastebin\">\n<div id=\"cke_pastebin\">\n<div id=\"cke_pastebin\">\n<div id=\"cke_pastebin\">\n<div id=\"cke_pastebin\">\n<div id=\"cke_pastebin\">\n\t\t\t\t\t\t\t\t\u2022Para\u015f\u00fct Tip Bel Destekli Emniyet Kemeri + 22Kn \u00c7elik Karabina + 1,20 mt. Lanyard<\/div>\n<div>\n\t\t\t\t\t\t\t\t\u00a0<\/div>\n<div>\n<p>\n\t\t\t\t\t\t\t\t\t<strong>\u00d6zellikler:<br \/>\n\t\t\t\t\t\t\t\t\t<\/strong><\/p>\n<div id=\"cke_pastebin\">\n<div id=\"cke_pastebin\">\n<div id=\"cke_pastebin\">\n<div id=\"cke_pastebin\">\n<div id=\"cke_pastebin\">\n<div id=\"cke_pastebin\">\n<div id=\"cke_pastebin\">\n<div id=\"cke_pastebin\">\n<div id=\"cke_pastebin\">\n\t\t\t\t\t\t\t\t\t\t\t\t\t\t\t\t\t\u2022 CE Normlar\u0131na Uygun.<\/div>\n<div id=\"cke_pastebin\">\n\t\t\t\t\t\t\t\t\t\t\t\t\t\t\t\t\t\u2022 ISO 9001: 2008 Kalite y\u00f6netimi belgeli<\/div>\n<div id=\"cke_pastebin\">\n\t\t\t\t\t\t\t\t\t\t\t\t\t\t\t\t\t\u2022 Ergonomik, hafi f, kaliteli malzemelerden \u00fcretilmi\u015ftir.<\/div>\n<div id=\"cke_pastebin\">\n\t\t\t\t\t\t\t\t\t\t\t\t\t\t\t\t\t\u2022 Tam v\u00fccut ku\u015fa\u011f\u0131.<\/div>\n<div id=\"cke_pastebin\">\n\t\t\t\t\t\t\t\t\t\t\t\t\t\t\t\t\t\u2022 Bel Yast\u0131\u011f\u0131: Ergonomik Tasar\u0131m, Antibakteriyeldir. \u0130\u00e7 y\u00fcz\u00fc polarl\u0131 olup terleme yapmaz.<\/div>\n<div id=\"cke_pastebin\">\n\t\t\t\t\t\t\t\t\t\t\t\t\t\t\t\t\t\u2022 Kemer Kolonlar\u0131: 45 mm. kal\u0131nl\u0131\u011f\u0131nda %100 Polyesterden imal edilmi\u015ftir. 22Kn \u00fczeri mukavemete dayan\u0131kl\u0131d\u0131r.<\/div>\n<div id=\"cke_pastebin\">\n\t\t\t\t\t\t\t\t\t\t\t\t\t\t\t\t\t\u2022 Beden \u00d6l\u00e7\u00fcleri: S\/M\/L\/XL<\/div>\n<div id=\"cke_pastebin\">\n\t\t\t\t\t\t\t\t\t\t\t\t\t\t\t\t\t\u2022 S\u0131rttan Sabitleme<\/div>\n<div id=\"cke_pastebin\">\n\t\t\t\t\t\t\t\t\t\t\t\t\t\t\t\t\t\u2022 Ayarlanabilir Kemer ve Bel Tokalar\u0131.<\/div>\n<div id=\"cke_pastebin\">\n\t\t\t\t\t\t\t\t\t\t\t\t\t\t\t\t\t\u2022 G\u00f6\u011f\u00fcs tokas\u0131nda lastikli materyal kullan\u0131l\u0131p giyen ki\u015fiyi rahats\u0131z etmemek ad\u0131na \u00f6zel \u00fcretim elastik malzemeden yap\u0131lm\u0131\u015ft\u0131r.<\/div>\n<div id=\"cke_pastebin\">\n\t\t\t\t\t\t\t\t\t\t\t\t\t\t\t\t\t\u2022 Kemer \u00fczerinde 22Kn \u00c7elik Karabina.<\/div>\n<div id=\"cke_pastebin\">\n\t\t\t\t\t\t\t\t\t\t\t\t\t\t\t\t\t\u2022 Standart 12mm. x 1,20mt. Kemer Sabitleme ipi (Lanyard).<\/div>\n<div id=\"cke_pastebin\">\n\t\t\t\t\t\t\t\t\t\t\t\t\t\t\t\t\t\u2022 Kemer \u00fczerindeki tokalar yekpare (kaynaks\u0131z) 22Kn \u00e7elik.<\/div>\n<div id=\"cke_pastebin\">\n\t\t\t\t\t\t\t\t\t\t\t\t\t\t\t\t\t\u2022 Tokalar Tuz ve Neme kar\u015f\u0131 direnci artt\u0131r\u0131lm\u0131\u015f 3D Krom kapl\u0131d\u0131r.<\/div>\n<div id=\"cke_pastebin\">\n\t\t\t\t\t\t\t\t\t\t\t\t\t\t\t\t\t\u2022 T\u00fcm metal tokalarda 18Kn 4000 Lbs 14 CE2 uluslararas\u0131 standarta uygun \u00fcr\u00fcnler kullan\u0131lmaktad\u0131r<\/div><\/div><\/div><\/div><\/div><\/div><\/div><\/div><\/div><\/div><\/div><\/div><\/div><\/div><\/div><\/div>\n<\/div>\n<table>\n<tr>\n<td>Koli Miktar\u0131<\/td>\n<td>20 Adet<\/td>\n<\/tr>\n<tr>\n<td>Standart<\/td>\n<td>CE &#8211; EN 361<\/td>\n<\/tr>\n<\/table>\n","protected":false},"excerpt":{"rendered":"<p>\n\t<strong>Paket \u0130\u00e7eri\u011fi:<br \/>\n\t<\/strong><\/p>\n<div id=\"cke_pastebin\">\n<div id=\"cke_pastebin\">\n<div id=\"cke_pastebin\">\n<div id=\"cke_pastebin\">\n<div id=\"cke_pastebin\">\n<div id=\"cke_pastebin\">\n<div id=\"cke_pastebin\">\n<div id=\"cke_pastebin\">\n\t\t\t\t\t\t\t\t\u2022Para\u015f\u00fct Tip Bel Destekli Emniyet Kemeri + 22Kn \u00c7elik Karabina + 1,20 mt. Lanyard<\/div>\n<div>\n\t\t\t\t\t\t\t\t\u00a0<\/div>\n<div>\n<p>\n\t\t\t\t\t\t\t\t\t<strong>\u00d6zellikler:<br \/>\n\t\t\t\t\t\t\t\t\t<\/strong><\/p>\n<div id=\"cke_pastebin\">\n<div id=\"cke_pastebin\">\n<div id=\"cke_pastebin\">\n<div id=\"cke_pastebin\">\n<div id=\"cke_pastebin\">\n<div id=\"cke_pastebin\">\n<div id=\"cke_pastebin\">\n<div id=\"cke_pastebin\">\n<div id=\"cke_pastebin\">\n\t\t\t\t\t\t\t\t\t\t\t\t\t\t\t\t\t\u2022 CE Normlar\u0131na Uygun.<\/div>\n<div id=\"cke_pastebin\">\n\t\t\t\t\t\t\t\t\t\t\t\t\t\t\t\t\t\u2022 ISO 9001: 2008 Kalite y\u00f6netimi belgeli<\/div>\n<div id=\"cke_pastebin\">\n\t\t\t\t\t\t\t\t\t\t\t\t\t\t\t\t\t\u2022 Ergonomik, hafi f, kaliteli malzemelerden \u00fcretilmi\u015ftir.<\/div>\n<div id=\"cke_pastebin\">\n\t\t\t\t\t\t\t\t\t\t\t\t\t\t\t\t\t\u2022 Tam v\u00fccut ku\u015fa\u011f\u0131.<\/div>\n<div id=\"cke_pastebin\">\n\t\t\t\t\t\t\t\t\t\t\t\t\t\t\t\t\t\u2022 Bel Yast\u0131\u011f\u0131: Ergonomik Tasar\u0131m, Antibakteriyeldir. \u0130\u00e7 y\u00fcz\u00fc polarl\u0131 olup terleme yapmaz.<\/div>\n<div id=\"cke_pastebin\">\n\t\t\t\t\t\t\t\t\t\t\t\t\t\t\t\t\t\u2022 Kemer Kolonlar\u0131: 45 mm. kal\u0131nl\u0131\u011f\u0131nda %100 Polyesterden imal edilmi\u015ftir. 22Kn \u00fczeri mukavemete dayan\u0131kl\u0131d\u0131r.<\/div>\n<div id=\"cke_pastebin\">\n\t\t\t\t\t\t\t\t\t\t\t\t\t\t\t\t\t\u2022 Beden \u00d6l\u00e7\u00fcleri: S\/M\/L\/XL<\/div>\n<div id=\"cke_pastebin\">\n\t\t\t\t\t\t\t\t\t\t\t\t\t\t\t\t\t\u2022 S\u0131rttan Sabitleme<\/div>\n<div id=\"cke_pastebin\">\n\t\t\t\t\t\t\t\t\t\t\t\t\t\t\t\t\t\u2022 Ayarlanabilir Kemer ve Bel Tokalar\u0131.<\/div>\n<div id=\"cke_pastebin\">\n\t\t\t\t\t\t\t\t\t\t\t\t\t\t\t\t\t\u2022 G\u00f6\u011f\u00fcs tokas\u0131nda lastikli materyal kullan\u0131l\u0131p giyen ki\u015fiyi rahats\u0131z etmemek ad\u0131na \u00f6zel \u00fcretim elastik malzemeden yap\u0131lm\u0131\u015ft\u0131r.<\/div>\n<div id=\"cke_pastebin\">\n\t\t\t\t\t\t\t\t\t\t\t\t\t\t\t\t\t\u2022 Kemer \u00fczerinde 22Kn \u00c7elik Karabina.<\/div>\n<div id=\"cke_pastebin\">\n\t\t\t\t\t\t\t\t\t\t\t\t\t\t\t\t\t\u2022 Standart 12mm. x 1,20mt. Kemer Sabitleme ipi (Lanyard).<\/div>\n<div id=\"cke_pastebin\">\n\t\t\t\t\t\t\t\t\t\t\t\t\t\t\t\t\t\u2022 Kemer \u00fczerindeki tokalar yekpare (kaynaks\u0131z) 22Kn \u00e7elik.<\/div>\n<div id=\"cke_pastebin\">\n\t\t\t\t\t\t\t\t\t\t\t\t\t\t\t\t\t\u2022 Tokalar Tuz ve Neme kar\u015f\u0131 direnci artt\u0131r\u0131lm\u0131\u015f 3D Krom kapl\u0131d\u0131r.<\/div>\n<div id=\"cke_pastebin\">\n\t\t\t\t\t\t\t\t\t\t\t\t\t\t\t\t\t\u2022 T\u00fcm metal tokalarda 18Kn 4000 Lbs 14 CE2 uluslararas\u0131 standarta uygun \u00fcr\u00fcnler kullan\u0131lmaktad\u0131r<\/div>\n<\/p><\/div>\n<\/p><\/div>\n<\/p><\/div>\n<\/p><\/div>\n<\/p><\/div>\n<\/p><\/div>\n<\/p><\/div>\n<\/p><\/div>\n<\/p><\/div>\n<\/p><\/div>\n<\/p><\/div>\n<\/p><\/div>\n<\/p><\/div>\n<\/p><\/div>\n<\/p><\/div>\n<\/div>\n","protected":false},"featured_media":9609,"comment_status":"open","ping_status":"closed","template":"","meta":{"_acf_changed":false},"product_brand":[1536],"product_cat":[987],"product_tag":[],"class_list":{"0":"post-9610","1":"product","2":"type-product","3":"status-publish","4":"has-post-thumbnail","6":"product_brand-safeset","7":"product_cat-emniyet-kemeri","9":"first","10":"instock","11":"taxable","12":"shipping-taxable","13":"purchasable","14":"product-type-simple","15":"add-to-wishlist-after_add_to_cart"},"acf":[],"_links":{"self":[{"href":"https:\/\/www.makitamarket.com.tr\/site\/wp-json\/wp\/v2\/product\/9610","targetHints":{"allow":["GET"]}}],"collection":[{"href":"https:\/\/www.makitamarket.com.tr\/site\/wp-json\/wp\/v2\/product"}],"about":[{"href":"https:\/\/www.makitamarket.com.tr\/site\/wp-json\/wp\/v2\/types\/product"}],"replies":[{"embeddable":true,"href":"https:\/\/www.makitamarket.com.tr\/site\/wp-json\/wp\/v2\/comments?post=9610"}],"wp:featuredmedia":[{"embeddable":true,"href":"https:\/\/www.makitamarket.com.tr\/site\/wp-json\/wp\/v2\/media\/9609"}],"wp:attachment":[{"href":"https:\/\/www.makitamarket.com.tr\/site\/wp-json\/wp\/v2\/media?parent=9610"}],"wp:term":[{"taxonomy":"product_brand","embeddable":true,"href":"https:\/\/www.makitamarket.com.tr\/site\/wp-json\/wp\/v2\/product_brand?post=9610"},{"taxonomy":"product_cat","embeddable":true,"href":"https:\/\/www.makitamarket.com.tr\/site\/wp-json\/wp\/v2\/product_cat?post=9610"},{"taxonomy":"product_tag","embeddable":true,"href":"https:\/\/www.makitamarket.com.tr\/site\/wp-json\/wp\/v2\/product_tag?post=9610"}],"curies":[{"name":"wp","href":"https:\/\/api.w.org\/{rel}","templated":true}]}}