{"id":9617,"date":"2024-11-27T19:55:24","date_gmt":"2024-11-27T16:55:24","guid":{"rendered":"https:\/\/www.makitamarket.com.tr\/site\/urun\/kama-by-reis-benzinli-cim-bicme-makinasi-139-cc\/"},"modified":"2025-11-16T05:08:46","modified_gmt":"2025-11-16T02:08:46","slug":"kama-by-reis-benzinli-cim-bicme-makinasi-139-cc","status":"publish","type":"product","link":"https:\/\/www.makitamarket.com.tr\/site\/urun\/kama-by-reis-benzinli-cim-bicme-makinasi-139-cc\/","title":{"rendered":"Kama By Reis UME46 BENZ\u0130NL\u0130 \u00c7\u0130M B\u0130\u00c7ME MAK\u0130NASI 139 CC"},"content":{"rendered":"<table>\n<tr>\n<td>\u015ease<\/td>\n<td>\u00c7elik<\/td>\n<\/tr>\n<tr>\n<td>Motor \/ Motor Hacmi<\/td>\n<td>LV1P65F \/ 139cc<\/td>\n<\/tr>\n<tr>\n<td>Kesme Geni\u015fli\u011fi<\/td>\n<td>460 mm<\/td>\n<\/tr>\n<tr>\n<td>Y\u00fckseklik Ayar\u0131<\/td>\n<td>25\/75 mm 7 kademeli<\/td>\n<\/tr>\n<tr>\n<td>Tekerlek Ebat\u0131<\/td>\n<td>8&#8243;\/10&#8243;<\/td>\n<\/tr>\n<tr>\n<td>\u00c7im Haznesi<\/td>\n<td>70 L<\/td>\n<\/tr>\n<tr>\n<td>Teorik \u00c7al\u0131\u015fma Alan\u0131<\/td>\n<td>1200 m\u00b2<\/td>\n<\/tr>\n<tr>\n<td>A\u011f\u0131rl\u0131k<\/td>\n<td>33.5 kg<\/td>\n<\/tr>\n<\/table>\n","protected":false},"excerpt":{"rendered":"<p>\u015ease \u00c7elik Motor \/ Motor Hacmi LV1P65F \/ 139cc Kesme Geni\u015fli\u011fi 460 mm Y\u00fckseklik Ayar\u0131 25\/75 mm 7 kademeli Tekerlek Ebat\u0131 8&#8243;\/10&#8243; \u00c7im Haznesi 70 L Teorik \u00c7al\u0131\u015fma Alan\u0131 1200<\/p>\n","protected":false},"featured_media":9616,"comment_status":"open","ping_status":"closed","template":"","meta":{"_acf_changed":false},"product_brand":[1500],"product_cat":[1565],"product_tag":[],"class_list":{"0":"post-9617","1":"product","2":"type-product","3":"status-publish","4":"has-post-thumbnail","6":"product_brand-kama-by-reis","7":"product_cat-yok-yok","9":"first","10":"outofstock","11":"taxable","12":"shipping-taxable","13":"purchasable","14":"product-type-simple","15":"add-to-wishlist-after_add_to_cart"},"acf":[],"_links":{"self":[{"href":"https:\/\/www.makitamarket.com.tr\/site\/wp-json\/wp\/v2\/product\/9617","targetHints":{"allow":["GET"]}}],"collection":[{"href":"https:\/\/www.makitamarket.com.tr\/site\/wp-json\/wp\/v2\/product"}],"about":[{"href":"https:\/\/www.makitamarket.com.tr\/site\/wp-json\/wp\/v2\/types\/product"}],"replies":[{"embeddable":true,"href":"https:\/\/www.makitamarket.com.tr\/site\/wp-json\/wp\/v2\/comments?post=9617"}],"wp:featuredmedia":[{"embeddable":true,"href":"https:\/\/www.makitamarket.com.tr\/site\/wp-json\/wp\/v2\/media\/9616"}],"wp:attachment":[{"href":"https:\/\/www.makitamarket.com.tr\/site\/wp-json\/wp\/v2\/media?parent=9617"}],"wp:term":[{"taxonomy":"product_brand","embeddable":true,"href":"https:\/\/www.makitamarket.com.tr\/site\/wp-json\/wp\/v2\/product_brand?post=9617"},{"taxonomy":"product_cat","embeddable":true,"href":"https:\/\/www.makitamarket.com.tr\/site\/wp-json\/wp\/v2\/product_cat?post=9617"},{"taxonomy":"product_tag","embeddable":true,"href":"https:\/\/www.makitamarket.com.tr\/site\/wp-json\/wp\/v2\/product_tag?post=9617"}],"curies":[{"name":"wp","href":"https:\/\/api.w.org\/{rel}","templated":true}]}}