{"id":9625,"date":"2024-11-27T19:55:29","date_gmt":"2024-11-27T16:55:29","guid":{"rendered":"https:\/\/www.makitamarket.com.tr\/site\/urun\/fini-yagli-kompresor-8-116-bar-psi\/"},"modified":"2026-04-06T12:55:53","modified_gmt":"2026-04-06T09:55:53","slug":"fini-yagli-kompresor-8-116-bar-psi","status":"publish","type":"product","link":"https:\/\/www.makitamarket.com.tr\/site\/urun\/fini-yagli-kompresor-8-116-bar-psi\/","title":{"rendered":"Fini AMICO 25 2400 YA\u011eLI KOMPRES\u00d6R 8\/116 bar &#8211; psi"},"content":{"rendered":"<table>\n<tr>\n<td>G\u00fc\u00e7<\/td>\n<td>1.5kW \/ 2.0Hp<\/td>\n<\/tr>\n<tr>\n<td>Hava giri\u015fi (lt\/d-m3\/saat)<\/td>\n<td>170 \/ 10<\/td>\n<\/tr>\n<tr>\n<td>Bas\u0131n\u00e7 (bar-psi)<\/td>\n<td>8 \/116<\/td>\n<\/tr>\n<tr>\n<td>\u00d6l\u00e7\u00fcler<\/td>\n<td>57 x 25,5 x 59 cm<\/td>\n<\/tr>\n<tr>\n<td>Net A\u011f\u0131rl\u0131k<\/td>\n<td>22,5 kg<\/td>\n<\/tr>\n<tr>\n<td>Depo Hacmi<\/td>\n<td>25 lt<\/td>\n<\/tr>\n<tr>\n<td>Ses D\u00fczeyi (dbA)<\/td>\n<td>94<\/td>\n<\/tr>\n<\/table>\n","protected":false},"excerpt":{"rendered":"<p>G\u00fc\u00e7 1.5kW \/ 2.0Hp Hava giri\u015fi (lt\/d-m3\/saat) 170 \/ 10 Bas\u0131n\u00e7 (bar-psi) 8 \/116 \u00d6l\u00e7\u00fcler 57 x 25,5 x 59 cm Net A\u011f\u0131rl\u0131k 22,5 kg Depo Hacmi 25 lt Ses<\/p>\n","protected":false},"featured_media":9907,"comment_status":"open","ping_status":"closed","template":"","meta":{"_acf_changed":false},"product_brand":[1505],"product_cat":[756],"product_tag":[],"class_list":{"0":"post-9625","1":"product","2":"type-product","3":"status-publish","4":"has-post-thumbnail","6":"product_brand-fini","7":"product_cat-kompresorler","9":"first","10":"outofstock","11":"taxable","12":"shipping-taxable","13":"purchasable","14":"product-type-simple","15":"add-to-wishlist-after_add_to_cart"},"acf":[],"_links":{"self":[{"href":"https:\/\/www.makitamarket.com.tr\/site\/wp-json\/wp\/v2\/product\/9625","targetHints":{"allow":["GET"]}}],"collection":[{"href":"https:\/\/www.makitamarket.com.tr\/site\/wp-json\/wp\/v2\/product"}],"about":[{"href":"https:\/\/www.makitamarket.com.tr\/site\/wp-json\/wp\/v2\/types\/product"}],"replies":[{"embeddable":true,"href":"https:\/\/www.makitamarket.com.tr\/site\/wp-json\/wp\/v2\/comments?post=9625"}],"wp:featuredmedia":[{"embeddable":true,"href":"https:\/\/www.makitamarket.com.tr\/site\/wp-json\/wp\/v2\/media\/9907"}],"wp:attachment":[{"href":"https:\/\/www.makitamarket.com.tr\/site\/wp-json\/wp\/v2\/media?parent=9625"}],"wp:term":[{"taxonomy":"product_brand","embeddable":true,"href":"https:\/\/www.makitamarket.com.tr\/site\/wp-json\/wp\/v2\/product_brand?post=9625"},{"taxonomy":"product_cat","embeddable":true,"href":"https:\/\/www.makitamarket.com.tr\/site\/wp-json\/wp\/v2\/product_cat?post=9625"},{"taxonomy":"product_tag","embeddable":true,"href":"https:\/\/www.makitamarket.com.tr\/site\/wp-json\/wp\/v2\/product_tag?post=9625"}],"curies":[{"name":"wp","href":"https:\/\/api.w.org\/{rel}","templated":true}]}}