{"id":9629,"date":"2024-11-27T19:55:30","date_gmt":"2024-11-27T16:55:30","guid":{"rendered":"https:\/\/www.makitamarket.com.tr\/site\/urun\/honeywell-sperian-bilsom-thunder-t3-kulaklik\/"},"modified":"2026-04-06T12:50:37","modified_gmt":"2026-04-06T09:50:37","slug":"honeywell-sperian-bilsom-thunder-t3-kulaklik","status":"publish","type":"product","link":"https:\/\/www.makitamarket.com.tr\/site\/urun\/honeywell-sperian-bilsom-thunder-t3-kulaklik\/","title":{"rendered":"Honeywell 1010970 SPERIAN BILSOM THUNDER T3 KULAKLIK"},"content":{"rendered":"<p>-Quick-Click kolay y\u00fckseklik ayar\u0131<br \/>\n-Ge\u00e7meli kulak yast\u0131klar\u0131<br \/>\n-Yal\u0131tkan \u00f6zelli\u011fi ile elektrik bulunan ortamlarda g\u00fcvenli yal\u0131t\u0131m sa\u011flar<br \/>\n-\u0130\u00e7 havaland\u0131rmal\u0131 kafaband\u0131 sayesinde ba\u015f \u00fczerindeki bas\u0131nc\u0131 minimize ederek s\u0131cak ve nemli ortamlarda nefes al\u0131m sa\u011flar.<\/p>\n<table>\n<tr>\n<td>SNR<\/td>\n<td>35 dB<\/td>\n<\/tr>\n<tr>\n<td>Standard\u0131<\/td>\n<td>CE EN 352-1<\/td>\n<\/tr>\n<tr>\n<td>Kutu Miktar\u0131<\/td>\n<td>1 Adet<\/td>\n<\/tr>\n<tr>\n<td>Koli Miktar\u0131<\/td>\n<td>10 Adet<\/td>\n<\/tr>\n<\/table>\n","protected":false},"excerpt":{"rendered":"<p>-Quick-Click kolay y\u00fckseklik ayar\u0131<br \/>\n-Ge\u00e7meli kulak yast\u0131klar\u0131<br \/>\n-Yal\u0131tkan \u00f6zelli\u011fi ile elektrik bulunan ortamlarda g\u00fcvenli yal\u0131t\u0131m sa\u011flar<br \/>\n-\u0130\u00e7 havaland\u0131rmal\u0131 kafaband\u0131 sayesinde ba\u015f \u00fczerindeki bas\u0131nc\u0131 minimize ederek s\u0131cak ve nemli ortamlarda nefes al\u0131m sa\u011flar.<\/p>\n","protected":false},"featured_media":9628,"comment_status":"open","ping_status":"closed","template":"","meta":{"_acf_changed":false},"product_brand":[1516],"product_cat":[1565],"product_tag":[],"class_list":{"0":"post-9629","1":"product","2":"type-product","3":"status-publish","4":"has-post-thumbnail","6":"product_brand-honeywell","7":"product_cat-yok-yok","9":"first","10":"instock","11":"taxable","12":"shipping-taxable","13":"purchasable","14":"product-type-simple","15":"add-to-wishlist-after_add_to_cart"},"acf":[],"_links":{"self":[{"href":"https:\/\/www.makitamarket.com.tr\/site\/wp-json\/wp\/v2\/product\/9629","targetHints":{"allow":["GET"]}}],"collection":[{"href":"https:\/\/www.makitamarket.com.tr\/site\/wp-json\/wp\/v2\/product"}],"about":[{"href":"https:\/\/www.makitamarket.com.tr\/site\/wp-json\/wp\/v2\/types\/product"}],"replies":[{"embeddable":true,"href":"https:\/\/www.makitamarket.com.tr\/site\/wp-json\/wp\/v2\/comments?post=9629"}],"wp:featuredmedia":[{"embeddable":true,"href":"https:\/\/www.makitamarket.com.tr\/site\/wp-json\/wp\/v2\/media\/9628"}],"wp:attachment":[{"href":"https:\/\/www.makitamarket.com.tr\/site\/wp-json\/wp\/v2\/media?parent=9629"}],"wp:term":[{"taxonomy":"product_brand","embeddable":true,"href":"https:\/\/www.makitamarket.com.tr\/site\/wp-json\/wp\/v2\/product_brand?post=9629"},{"taxonomy":"product_cat","embeddable":true,"href":"https:\/\/www.makitamarket.com.tr\/site\/wp-json\/wp\/v2\/product_cat?post=9629"},{"taxonomy":"product_tag","embeddable":true,"href":"https:\/\/www.makitamarket.com.tr\/site\/wp-json\/wp\/v2\/product_tag?post=9629"}],"curies":[{"name":"wp","href":"https:\/\/api.w.org\/{rel}","templated":true}]}}