{"id":9633,"date":"2024-11-27T19:55:31","date_gmt":"2024-11-27T16:55:31","guid":{"rendered":"https:\/\/www.makitamarket.com.tr\/site\/urun\/bea-mekanik-koli-kapama-tabancasi-19-22-mm\/"},"modified":"2026-04-06T12:50:38","modified_gmt":"2026-04-06T09:50:38","slug":"bea-mekanik-koli-kapama-tabancasi-19-22-mm","status":"publish","type":"product","link":"https:\/\/www.makitamarket.com.tr\/site\/urun\/bea-mekanik-koli-kapama-tabancasi-19-22-mm\/","title":{"rendered":"Bea MTA-22 MEKAN\u0130K KOL\u0130 KAPAMA TABANCASI 19 &#8211; 22 mm"},"content":{"rendered":"<div>\n\t<strong>\u2022<\/strong> Her t\u00fcrl\u00fc karton kutu paketleme i\u015flerinde.<\/div>\n<table>\n<tr>\n<td>Z\u0131mba Teli<\/td>\n<td>19-22mm &#8221;A&#8221; tipi 3\/4&#8221; +7\/8&#8221;<\/td>\n<\/tr>\n<tr>\n<td>Magazin Tipi<\/td>\n<td>Arkadan doldurma<\/td>\n<\/tr>\n<tr>\n<td>Magazin Kapasitesi<\/td>\n<td>100<\/td>\n<\/tr>\n<tr>\n<td>A\u011f\u0131rl\u0131k<\/td>\n<td>2.1 kg<\/td>\n<\/tr>\n<\/table>\n","protected":false},"excerpt":{"rendered":"<div>\n\t<strong>\u2022<\/strong> Her t\u00fcrl\u00fc karton kutu paketleme i\u015flerinde.<\/div>\n","protected":false},"featured_media":9632,"comment_status":"open","ping_status":"closed","template":"","meta":{"_acf_changed":false},"product_brand":[1508],"product_cat":[922],"product_tag":[],"class_list":{"0":"post-9633","1":"product","2":"type-product","3":"status-publish","4":"has-post-thumbnail","6":"product_brand-bea","7":"product_cat-koli-kapama-tabancalari","9":"first","10":"outofstock","11":"taxable","12":"shipping-taxable","13":"purchasable","14":"product-type-simple","15":"add-to-wishlist-after_add_to_cart"},"acf":[],"_links":{"self":[{"href":"https:\/\/www.makitamarket.com.tr\/site\/wp-json\/wp\/v2\/product\/9633","targetHints":{"allow":["GET"]}}],"collection":[{"href":"https:\/\/www.makitamarket.com.tr\/site\/wp-json\/wp\/v2\/product"}],"about":[{"href":"https:\/\/www.makitamarket.com.tr\/site\/wp-json\/wp\/v2\/types\/product"}],"replies":[{"embeddable":true,"href":"https:\/\/www.makitamarket.com.tr\/site\/wp-json\/wp\/v2\/comments?post=9633"}],"wp:featuredmedia":[{"embeddable":true,"href":"https:\/\/www.makitamarket.com.tr\/site\/wp-json\/wp\/v2\/media\/9632"}],"wp:attachment":[{"href":"https:\/\/www.makitamarket.com.tr\/site\/wp-json\/wp\/v2\/media?parent=9633"}],"wp:term":[{"taxonomy":"product_brand","embeddable":true,"href":"https:\/\/www.makitamarket.com.tr\/site\/wp-json\/wp\/v2\/product_brand?post=9633"},{"taxonomy":"product_cat","embeddable":true,"href":"https:\/\/www.makitamarket.com.tr\/site\/wp-json\/wp\/v2\/product_cat?post=9633"},{"taxonomy":"product_tag","embeddable":true,"href":"https:\/\/www.makitamarket.com.tr\/site\/wp-json\/wp\/v2\/product_tag?post=9633"}],"curies":[{"name":"wp","href":"https:\/\/api.w.org\/{rel}","templated":true}]}}