{"id":9642,"date":"2024-11-27T19:55:38","date_gmt":"2024-11-27T16:55:38","guid":{"rendered":"https:\/\/www.makitamarket.com.tr\/site\/urun\/powerwash-islak-kuru-supurge-3600w\/"},"modified":"2025-11-16T05:08:48","modified_gmt":"2025-11-16T02:08:48","slug":"powerwash-islak-kuru-supurge-3600w","status":"publish","type":"product","link":"https:\/\/www.makitamarket.com.tr\/site\/urun\/powerwash-islak-kuru-supurge-3600w\/","title":{"rendered":"Powerwash AC60-3 ISLAK &#8211; KURU S\u00dcP\u00dcRGE 3600W"},"content":{"rendered":"<div id=\"cke_pastebin\">\n\tStandart Aksesuar: Vakum Hortumu,Dar Vakum A\u011fz\u0131<\/div>\n<div>\n\t(Standart d\u0131\u015f\u0131 aksesuarlar i\u00e7in Aksesuar sayfas\u0131na bak\u0131n\u0131z.)<\/div>\n<table>\n<tr>\n<td>Motor<\/td>\n<td>3600 Watt<\/td>\n<\/tr>\n<tr>\n<td>Vakum<\/td>\n<td>2000mm H2O<\/td>\n<\/tr>\n<tr>\n<td>So\u011futma<\/td>\n<td>By-Pass<\/td>\n<\/tr>\n<tr>\n<td>Kapasite<\/td>\n<td>72 lt Kazan<\/td>\n<\/tr>\n<tr>\n<td>A\u011f\u0131rl\u0131k<\/td>\n<td>23 kg<\/td>\n<\/tr>\n<tr>\n<td>Ses<\/td>\n<td>85 dB(A)<\/td>\n<\/tr>\n<tr>\n<td>Sistem<\/td>\n<td>Islak&#038;kuru<\/td>\n<\/tr>\n<tr>\n<td>Kablo<\/td>\n<td>5m<\/td>\n<\/tr>\n<tr>\n<td>\u00c7al\u0131\u015fma Voltaj\u0131<\/td>\n<td>220V-50Hz<\/td>\n<\/tr>\n<tr>\n<td>\u00d6l\u00e7\u00fcler<\/td>\n<td>51x60x100<\/td>\n<\/tr>\n<\/table>\n","protected":false},"excerpt":{"rendered":"<div id=\"cke_pastebin\">\n\tStandart Aksesuar: Vakum Hortumu,Dar Vakum A\u011fz\u0131<\/div>\n<div>\n\t(Standart d\u0131\u015f\u0131 aksesuarlar i\u00e7in Aksesuar sayfas\u0131na bak\u0131n\u0131z.)<\/div>\n","protected":false},"featured_media":9641,"comment_status":"open","ping_status":"closed","template":"","meta":{"_acf_changed":false},"product_brand":[1489],"product_cat":[1565],"product_tag":[],"class_list":{"0":"post-9642","1":"product","2":"type-product","3":"status-publish","4":"has-post-thumbnail","6":"product_brand-powerwash","7":"product_cat-yok-yok","9":"first","10":"outofstock","11":"taxable","12":"shipping-taxable","13":"purchasable","14":"product-type-simple","15":"add-to-wishlist-after_add_to_cart"},"acf":[],"_links":{"self":[{"href":"https:\/\/www.makitamarket.com.tr\/site\/wp-json\/wp\/v2\/product\/9642","targetHints":{"allow":["GET"]}}],"collection":[{"href":"https:\/\/www.makitamarket.com.tr\/site\/wp-json\/wp\/v2\/product"}],"about":[{"href":"https:\/\/www.makitamarket.com.tr\/site\/wp-json\/wp\/v2\/types\/product"}],"replies":[{"embeddable":true,"href":"https:\/\/www.makitamarket.com.tr\/site\/wp-json\/wp\/v2\/comments?post=9642"}],"wp:featuredmedia":[{"embeddable":true,"href":"https:\/\/www.makitamarket.com.tr\/site\/wp-json\/wp\/v2\/media\/9641"}],"wp:attachment":[{"href":"https:\/\/www.makitamarket.com.tr\/site\/wp-json\/wp\/v2\/media?parent=9642"}],"wp:term":[{"taxonomy":"product_brand","embeddable":true,"href":"https:\/\/www.makitamarket.com.tr\/site\/wp-json\/wp\/v2\/product_brand?post=9642"},{"taxonomy":"product_cat","embeddable":true,"href":"https:\/\/www.makitamarket.com.tr\/site\/wp-json\/wp\/v2\/product_cat?post=9642"},{"taxonomy":"product_tag","embeddable":true,"href":"https:\/\/www.makitamarket.com.tr\/site\/wp-json\/wp\/v2\/product_tag?post=9642"}],"curies":[{"name":"wp","href":"https:\/\/api.w.org\/{rel}","templated":true}]}}