{"id":9644,"date":"2024-11-27T19:55:38","date_gmt":"2024-11-27T16:55:38","guid":{"rendered":"https:\/\/www.makitamarket.com.tr\/site\/urun\/mapa-termal-koruma-eldiveni-no-9\/"},"modified":"2026-03-30T07:32:28","modified_gmt":"2026-03-30T04:32:28","slug":"mapa-termal-koruma-eldiveni-no-9","status":"publish","type":"product","link":"https:\/\/www.makitamarket.com.tr\/site\/urun\/mapa-termal-koruma-eldiveni-no-9\/","title":{"rendered":"Mapa TEMPDEX710 TERMAL KORUMA ELD\u0130VEN\u0130 NO: 9"},"content":{"rendered":"<div>\n\t<strong>Kullan\u0131m Alanlar\u0131:<\/strong><\/div>\n<div>\n<div id=\"cke_pastebin\">\n<div id=\"cke_pastebin\">\n<div id=\"cke_pastebin\">\n<div id=\"cke_pastebin\">\n<div id=\"cke_pastebin\">\n<div id=\"cke_pastebin\">\n\t\t\t\t\t\t\tSeramik, plastik ve kompozit end\u00fcstrileri:<\/div>\n<div id=\"cke_pastebin\">\n\t\t\t\t\t\t\tIs\u0131 i\u015fleminden sonra kompozit malzemelerin<\/div>\n<div id=\"cke_pastebin\">\n\t\t\t\t\t\t\ti\u015flenmesi<\/div>\n<div>\n\t\t\t\t\t\t\t\u00a0<\/div>\n<div id=\"cke_pastebin\">\n\t\t\t\t\t\t\t\u0130n\u015faat sekt\u00f6r\u00fc:<\/div>\n<div id=\"cke_pastebin\">\n\t\t\t\t\t\t\tBoru ve oluklar\u0131n bak\u0131m\u0131<\/div>\n<div>\n\t\t\t\t\t\t\t\u00a0<\/div>\n<div id=\"cke_pastebin\">\n\t\t\t\t\t\t\tDi\u011fer sekt\u00f6rler:<\/div>\n<div id=\"cke_pastebin\">\n\t\t\t\t\t\t\tS\u0131cak borularla yap\u0131lan i\u015fler<\/div>\n<div id=\"cke_pastebin\">\n\t\t\t\t\t\t\tKaynak sonras\u0131 s\u0131cak \u00e7elik i\u015fleri<\/div>\n<div id=\"cke_pastebin\">\n\t\t\t\t\t\t\tS\u0131cak bask\u0131 sonras\u0131 metal levha i\u015fleri<\/div>\n<div>\n\t\t\t\t\t\t\t\u00a0<\/div>\n<div id=\"cke_pastebin\">\n\t\t\t\t\t\t\t<strong>\u00d6nerilen maksimum s\u0131cakl\u0131k 125\u00b0C<\/strong><\/div><\/div><\/div><\/div><\/div><\/div>\n<\/div>\n<table>\n<tr>\n<td>Uzunluk \/ Kal\u0131nl\u0131k<\/td>\n<td>25cm \/ 27mm<\/td>\n<\/tr>\n<tr>\n<td>\u00d6l\u00e7\u00fc<\/td>\n<td>9<\/td>\n<\/tr>\n<tr>\n<td>Standard\u0131<\/td>\n<td>EN 388 &#8211; 4111<\/td>\n<\/tr>\n<tr>\n<td>Standard\u0131<\/td>\n<td>EN 407 &#8211; X1XXXX<\/td>\n<\/tr>\n<tr>\n<td>Standard\u0131<\/td>\n<td>EN 420 &#8211; CAT2<\/td>\n<\/tr>\n<tr>\n<td>Koli Miktar\u0131<\/td>\n<td>50 \u00c7ift<\/td>\n<\/tr>\n<tr>\n<td>Kaplama<\/td>\n<td>Nitril<\/td>\n<\/tr>\n<tr>\n<td>Tan\u0131m<\/td>\n<td>Y\u00fcksek el becerisi ve termal koruma<\/td>\n<\/tr>\n<tr>\n<td>\u0130\u00e7 \/ D\u0131\u015f Y\u00fczey<\/td>\n<td>Diki\u015fsiz kuma\u015f astar \/ Avu\u00e7 i\u00e7i ve parmaklarda nokta kabartmal\u0131 nitril kaplama<\/td>\n<\/tr>\n<\/table>\n","protected":false},"excerpt":{"rendered":"<div>\n\t<strong>Kullan\u0131m Alanlar\u0131:<\/strong><\/div>\n<div>\n<div id=\"cke_pastebin\">\n<div id=\"cke_pastebin\">\n<div id=\"cke_pastebin\">\n<div id=\"cke_pastebin\">\n<div id=\"cke_pastebin\">\n<div id=\"cke_pastebin\">\n\t\t\t\t\t\t\tSeramik, plastik ve kompozit end\u00fcstrileri:<\/div>\n<div id=\"cke_pastebin\">\n\t\t\t\t\t\t\tIs\u0131 i\u015fleminden sonra kompozit malzemelerin<\/div>\n<div id=\"cke_pastebin\">\n\t\t\t\t\t\t\ti\u015flenmesi<\/div>\n<div>\n\t\t\t\t\t\t\t\u00a0<\/div>\n<div id=\"cke_pastebin\">\n\t\t\t\t\t\t\t\u0130n\u015faat sekt\u00f6r\u00fc:<\/div>\n<div id=\"cke_pastebin\">\n\t\t\t\t\t\t\tBoru ve oluklar\u0131n bak\u0131m\u0131<\/div>\n<div>\n\t\t\t\t\t\t\t\u00a0<\/div>\n<div id=\"cke_pastebin\">\n\t\t\t\t\t\t\tDi\u011fer sekt\u00f6rler:<\/div>\n<div id=\"cke_pastebin\">\n\t\t\t\t\t\t\tS\u0131cak borularla yap\u0131lan i\u015fler<\/div>\n<div id=\"cke_pastebin\">\n\t\t\t\t\t\t\tKaynak sonras\u0131 s\u0131cak \u00e7elik i\u015fleri<\/div>\n<div id=\"cke_pastebin\">\n\t\t\t\t\t\t\tS\u0131cak bask\u0131 sonras\u0131 metal levha i\u015fleri<\/div>\n<div>\n\t\t\t\t\t\t\t\u00a0<\/div>\n<div id=\"cke_pastebin\">\n\t\t\t\t\t\t\t<strong>\u00d6nerilen maksimum s\u0131cakl\u0131k 125\u00b0C<\/strong><\/div>\n<\/p><\/div>\n<\/p><\/div>\n<\/p><\/div>\n<\/p><\/div>\n<\/p><\/div>\n<\/div>\n","protected":false},"featured_media":9643,"comment_status":"open","ping_status":"closed","template":"","meta":{"_acf_changed":false},"product_brand":[1521],"product_cat":[708],"product_tag":[],"class_list":{"0":"post-9644","1":"product","2":"type-product","3":"status-publish","4":"has-post-thumbnail","6":"product_brand-mapa","7":"product_cat-el-koruyucular","9":"first","10":"outofstock","11":"taxable","12":"shipping-taxable","13":"purchasable","14":"product-type-simple","15":"add-to-wishlist-after_add_to_cart"},"acf":[],"_links":{"self":[{"href":"https:\/\/www.makitamarket.com.tr\/site\/wp-json\/wp\/v2\/product\/9644","targetHints":{"allow":["GET"]}}],"collection":[{"href":"https:\/\/www.makitamarket.com.tr\/site\/wp-json\/wp\/v2\/product"}],"about":[{"href":"https:\/\/www.makitamarket.com.tr\/site\/wp-json\/wp\/v2\/types\/product"}],"replies":[{"embeddable":true,"href":"https:\/\/www.makitamarket.com.tr\/site\/wp-json\/wp\/v2\/comments?post=9644"}],"wp:featuredmedia":[{"embeddable":true,"href":"https:\/\/www.makitamarket.com.tr\/site\/wp-json\/wp\/v2\/media\/9643"}],"wp:attachment":[{"href":"https:\/\/www.makitamarket.com.tr\/site\/wp-json\/wp\/v2\/media?parent=9644"}],"wp:term":[{"taxonomy":"product_brand","embeddable":true,"href":"https:\/\/www.makitamarket.com.tr\/site\/wp-json\/wp\/v2\/product_brand?post=9644"},{"taxonomy":"product_cat","embeddable":true,"href":"https:\/\/www.makitamarket.com.tr\/site\/wp-json\/wp\/v2\/product_cat?post=9644"},{"taxonomy":"product_tag","embeddable":true,"href":"https:\/\/www.makitamarket.com.tr\/site\/wp-json\/wp\/v2\/product_tag?post=9644"}],"curies":[{"name":"wp","href":"https:\/\/api.w.org\/{rel}","templated":true}]}}