{"id":9650,"date":"2024-11-27T19:55:40","date_gmt":"2024-11-27T16:55:40","guid":{"rendered":"https:\/\/www.makitamarket.com.tr\/site\/urun\/max-safety-kaynakci-bas-maskesi-2x4-1-4\/"},"modified":"2026-03-30T07:32:30","modified_gmt":"2026-03-30T04:32:30","slug":"max-safety-kaynakci-bas-maskesi-2x4-1-4","status":"publish","type":"product","link":"https:\/\/www.makitamarket.com.tr\/site\/urun\/max-safety-kaynakci-bas-maskesi-2x4-1-4\/","title":{"rendered":"Max Safety SE2720 KAYNAK\u00c7I BA\u015e MASKES\u0130 2&#8243;x4 &#8211; 1\/4&#8243;"},"content":{"rendered":"<div>\n\tStraight durable shell impact resistance,<\/div>\n<div>\n\t2&#8243; x 4-1\/4&#8243; flip front lens for easy weld inspection,<\/div>\n<div>\n\tAdjustable ratchet suspension,<\/div>\n<div>\n\tcurved top extends well over the head for added protection.<\/div>\n<div>\n\t\u00a0<\/div>\n<div>\n\t<span style=\"font-size:14px;\"><strong>General Application\u00a0<\/strong><\/span><\/div>\n<div>\n\tProtects upper chest and throat from sparks and spatter.<\/div>\n<table>\n<tr>\n<td>Size<\/td>\n<td>2&#8243; x 4-1\/4&#8243;<\/td>\n<\/tr>\n<tr>\n<td>Standards<\/td>\n<td>CE EN 175<\/td>\n<\/tr>\n<\/table>\n","protected":false},"excerpt":{"rendered":"<div>\n\tStraight durable shell impact resistance,<\/div>\n<div>\n\t2&#8243; x 4-1\/4&#8243; flip front lens for easy weld inspection,<\/div>\n<div>\n\tAdjustable ratchet suspension,<\/div>\n<div>\n\tcurved top extends well over the head for added protection.<\/div>\n<div>\n\t\u00a0<\/div>\n<div>\n\t<span style=\"font-size:14px;\"><strong>General Application\u00a0<\/strong><\/span><\/div>\n<div>\n\tProtects upper chest and throat from sparks and spatter.<\/div>\n","protected":false},"featured_media":9649,"comment_status":"open","ping_status":"closed","template":"","meta":{"_acf_changed":false},"product_brand":[1492],"product_cat":[711],"product_tag":[],"class_list":{"0":"post-9650","1":"product","2":"type-product","3":"status-publish","4":"has-post-thumbnail","6":"product_brand-max-safety","7":"product_cat-yuz-ve-basustu-koruyucular","9":"first","10":"instock","11":"taxable","12":"shipping-taxable","13":"purchasable","14":"product-type-simple","15":"add-to-wishlist-after_add_to_cart"},"acf":[],"_links":{"self":[{"href":"https:\/\/www.makitamarket.com.tr\/site\/wp-json\/wp\/v2\/product\/9650","targetHints":{"allow":["GET"]}}],"collection":[{"href":"https:\/\/www.makitamarket.com.tr\/site\/wp-json\/wp\/v2\/product"}],"about":[{"href":"https:\/\/www.makitamarket.com.tr\/site\/wp-json\/wp\/v2\/types\/product"}],"replies":[{"embeddable":true,"href":"https:\/\/www.makitamarket.com.tr\/site\/wp-json\/wp\/v2\/comments?post=9650"}],"wp:featuredmedia":[{"embeddable":true,"href":"https:\/\/www.makitamarket.com.tr\/site\/wp-json\/wp\/v2\/media\/9649"}],"wp:attachment":[{"href":"https:\/\/www.makitamarket.com.tr\/site\/wp-json\/wp\/v2\/media?parent=9650"}],"wp:term":[{"taxonomy":"product_brand","embeddable":true,"href":"https:\/\/www.makitamarket.com.tr\/site\/wp-json\/wp\/v2\/product_brand?post=9650"},{"taxonomy":"product_cat","embeddable":true,"href":"https:\/\/www.makitamarket.com.tr\/site\/wp-json\/wp\/v2\/product_cat?post=9650"},{"taxonomy":"product_tag","embeddable":true,"href":"https:\/\/www.makitamarket.com.tr\/site\/wp-json\/wp\/v2\/product_tag?post=9650"}],"curies":[{"name":"wp","href":"https:\/\/api.w.org\/{rel}","templated":true}]}}