{"id":9659,"date":"2024-11-27T19:55:42","date_gmt":"2024-11-27T16:55:42","guid":{"rendered":"https:\/\/www.makitamarket.com.tr\/site\/urun\/mapa-agir-is-eldiveni-no-9-9-5\/"},"modified":"2026-04-06T12:50:44","modified_gmt":"2026-04-06T09:50:44","slug":"mapa-agir-is-eldiveni-no-9-9-5","status":"publish","type":"product","link":"https:\/\/www.makitamarket.com.tr\/site\/urun\/mapa-agir-is-eldiveni-no-9-9-5\/","title":{"rendered":"Mapa HARPON321 A\u011eIR \u0130\u015e ELD\u0130VEN\u0130 NO: 9 &#8211; 9.5"},"content":{"rendered":"<div style=\"color: rgb(34, 34, 34); font-family: Arial, Verdana, sans-serif; font-size: 12px; background-color: rgb(255, 255, 255);\">\n<div>\n\t\t<strong>Kullan\u0131m Alanlar\u0131:<\/strong><\/div>\n<div>\n<div>\n<div id=\"cke_pastebin\">\n<div id=\"cke_pastebin\">\n<div id=\"cke_pastebin\">\n<div id=\"cke_pastebin\">\n<div id=\"cke_pastebin\">\n<div>\n\t\t\t\t\t\t\t\t\t\u0130n\u015faat ve Bay\u0131nd\u0131rl\u0131k \u0130\u015fleri:<\/div>\n<div>\n\t\t\t\t\t\t\t\t\tElyaf ve Yap\u0131 malzemeler ile \u00e7al\u0131\u015fma<\/div>\n<div>\n\t\t\t\t\t\t\t\t\t\u00a0<\/div>\n<div>\n\t\t\t\t\t\t\t\t\t\u00c7evre:<\/div>\n<div>\n\t\t\t\t\t\t\t\t\tOrmanc\u0131l\u0131k, Park ve bah\u00e7e uygulamalar\u0131, At\u0131k toplama<\/div>\n<div>\n\t\t\t\t\t\t\t\t\t\u00a0<\/div>\n<div>\n\t\t\t\t\t\t\t\t\tDi\u011fer End\u00fcstriler:<\/div>\n<div>\n\t\t\t\t\t\t\t\t\tG\u00fcbre serpme, Cam ve metal i\u015fleri, Donmu\u015f \u00fcr\u00fcnlerle \u00e7al\u0131\u015fma, Bal\u0131k\u00e7\u0131l\u0131k<\/div><\/div><\/div><\/div><\/div><\/div><\/div><\/div>\n<\/div>\n<table>\n<tr>\n<td>Kaplama<\/td>\n<td>Lateks<\/td>\n<\/tr>\n<tr>\n<td>\u00d6l\u00e7\u00fc<\/td>\n<td>9 &#8211; 9.5<\/td>\n<\/tr>\n<tr>\n<td>Uzunluk \/ Kal\u0131nl\u0131k<\/td>\n<td>32cm \/ 1.35mm<\/td>\n<\/tr>\n<tr>\n<td>Standard\u0131<\/td>\n<td>EN 388 &#8211; 3141X<\/td>\n<\/tr>\n<tr>\n<td>Standard\u0131<\/td>\n<td>EN 374-1 &#8211; KPT<\/td>\n<\/tr>\n<tr>\n<td>Standard\u0131<\/td>\n<td>EN 407 &#8211; X1XXXX<\/td>\n<\/tr>\n<tr>\n<td>Standard\u0131<\/td>\n<td>EN 420 &#8211; CAT2<\/td>\n<\/tr>\n<tr>\n<td>Koli Miktar\u0131<\/td>\n<td>50 \u00c7ift<\/td>\n<\/tr>\n<tr>\n<td>Tan\u0131m<\/td>\n<td>Y\u00fcksek oranda zorlay\u0131c\u0131 \u015fartlarda  a\u011f\u0131r, sert ya da kaygan cisimleri  tutarken rahatl\u0131k ve g\u00fcvenlik<\/td>\n<\/tr>\n<tr>\n<td>\u0130\u00e7 \/ D\u0131\u015f Y\u00fczey<\/td>\n<td>Kuma\u015f astar \/ Takviyeli kavrama<\/td>\n<\/tr>\n<\/table>\n","protected":false},"excerpt":{"rendered":"<div style=\"color: rgb(34, 34, 34); font-family: Arial, Verdana, sans-serif; font-size: 12px; background-color: rgb(255, 255, 255);\">\n<div>\n\t\t<strong>Kullan\u0131m Alanlar\u0131:<\/strong><\/div>\n<div>\n<div>\n<div id=\"cke_pastebin\">\n<div id=\"cke_pastebin\">\n<div id=\"cke_pastebin\">\n<div id=\"cke_pastebin\">\n<div id=\"cke_pastebin\">\n<div>\n\t\t\t\t\t\t\t\t\t\u0130n\u015faat ve Bay\u0131nd\u0131rl\u0131k \u0130\u015fleri:<\/div>\n<div>\n\t\t\t\t\t\t\t\t\tElyaf ve Yap\u0131 malzemeler ile \u00e7al\u0131\u015fma<\/div>\n<div>\n\t\t\t\t\t\t\t\t\t\u00a0<\/div>\n<div>\n\t\t\t\t\t\t\t\t\t\u00c7evre:<\/div>\n<div>\n\t\t\t\t\t\t\t\t\tOrmanc\u0131l\u0131k, Park ve bah\u00e7e uygulamalar\u0131, At\u0131k toplama<\/div>\n<div>\n\t\t\t\t\t\t\t\t\t\u00a0<\/div>\n<div>\n\t\t\t\t\t\t\t\t\tDi\u011fer End\u00fcstriler:<\/div>\n<div>\n\t\t\t\t\t\t\t\t\tG\u00fcbre serpme, Cam ve metal i\u015fleri, Donmu\u015f \u00fcr\u00fcnlerle \u00e7al\u0131\u015fma, Bal\u0131k\u00e7\u0131l\u0131k<\/div>\n<\/p><\/div>\n<\/p><\/div>\n<\/p><\/div>\n<\/p><\/div>\n<\/p><\/div>\n<\/p><\/div>\n<\/p><\/div>\n<\/div>\n","protected":false},"featured_media":9658,"comment_status":"open","ping_status":"closed","template":"","meta":{"_acf_changed":false},"product_brand":[1521],"product_cat":[708],"product_tag":[],"class_list":{"0":"post-9659","1":"product","2":"type-product","3":"status-publish","4":"has-post-thumbnail","6":"product_brand-mapa","7":"product_cat-el-koruyucular","9":"first","10":"outofstock","11":"taxable","12":"shipping-taxable","13":"purchasable","14":"product-type-simple","15":"add-to-wishlist-after_add_to_cart"},"acf":[],"_links":{"self":[{"href":"https:\/\/www.makitamarket.com.tr\/site\/wp-json\/wp\/v2\/product\/9659","targetHints":{"allow":["GET"]}}],"collection":[{"href":"https:\/\/www.makitamarket.com.tr\/site\/wp-json\/wp\/v2\/product"}],"about":[{"href":"https:\/\/www.makitamarket.com.tr\/site\/wp-json\/wp\/v2\/types\/product"}],"replies":[{"embeddable":true,"href":"https:\/\/www.makitamarket.com.tr\/site\/wp-json\/wp\/v2\/comments?post=9659"}],"wp:featuredmedia":[{"embeddable":true,"href":"https:\/\/www.makitamarket.com.tr\/site\/wp-json\/wp\/v2\/media\/9658"}],"wp:attachment":[{"href":"https:\/\/www.makitamarket.com.tr\/site\/wp-json\/wp\/v2\/media?parent=9659"}],"wp:term":[{"taxonomy":"product_brand","embeddable":true,"href":"https:\/\/www.makitamarket.com.tr\/site\/wp-json\/wp\/v2\/product_brand?post=9659"},{"taxonomy":"product_cat","embeddable":true,"href":"https:\/\/www.makitamarket.com.tr\/site\/wp-json\/wp\/v2\/product_cat?post=9659"},{"taxonomy":"product_tag","embeddable":true,"href":"https:\/\/www.makitamarket.com.tr\/site\/wp-json\/wp\/v2\/product_tag?post=9659"}],"curies":[{"name":"wp","href":"https:\/\/api.w.org\/{rel}","templated":true}]}}