{"id":9667,"date":"2024-11-27T19:55:48","date_gmt":"2024-11-27T16:55:48","guid":{"rendered":"https:\/\/www.makitamarket.com.tr\/site\/urun\/knipex-97-43-200a-icin-cene\/"},"modified":"2026-03-30T08:17:23","modified_gmt":"2026-03-30T05:17:23","slug":"knipex-97-43-200a-icin-cene","status":"publish","type":"product","link":"https:\/\/www.makitamarket.com.tr\/site\/urun\/knipex-97-43-200a-icin-cene\/","title":{"rendered":"Knipex 974930 97 43 200A \u0130\u00c7\u0130N \u00c7ENE"},"content":{"rendered":"<p><b>97 49 30 S\u0131kma profili<\/b><br \/>Uygulama: DIN 46267&#8217;ye uygun yal\u0131t\u0131ms\u0131z s\u0131k\u0131\u015ft\u0131rma konekt\u00f6rleri 1,5 &#8211; 4,0 ve 6,0 + 10,0 mm\u00b2. <\/p>\n<li><b>Uygulama: <\/b>DIN 46267 uyar\u0131nca izolesiz preslemeli konekt\u00f6r<\/li>\n<li><b>Kapasite milimetrekare: <\/b>1,5 \u2014 10 mm\u00b2<\/li>\n<table>\n<tr>\n<td>A\u00e7\u0131klama<\/td>\n<td>1.5-4.0 (1.5-10) mm2<\/td>\n<\/tr>\n<tr>\n<td>AWG<\/td>\n<td>15-11 10+7<\/td>\n<\/tr>\n<\/table>\n","protected":false},"excerpt":{"rendered":"<p><b>97 49 30 S\u0131kma profili<\/b><br \/>Uygulama: DIN 46267&#8217;ye uygun yal\u0131t\u0131ms\u0131z s\u0131k\u0131\u015ft\u0131rma konekt\u00f6rleri 1,5 &#8211; 4,0 ve 6,0 + 10,0 mm\u00b2. <\/p>\n<li><b>Uygulama: <\/b>DIN 46267 uyar\u0131nca izolesiz preslemeli konekt\u00f6r<\/li>\n<li><b>Kapasite milimetrekare: <\/b>1,5 \u2014 10 mm\u00b2<\/li>\n","protected":false},"featured_media":12253,"comment_status":"open","ping_status":"closed","template":"","meta":{"_acf_changed":false},"product_brand":[1486],"product_cat":[852],"product_tag":[],"class_list":{"0":"post-9667","1":"product","2":"type-product","3":"status-publish","4":"has-post-thumbnail","6":"product_brand-knipex","7":"product_cat-kablo-yuksuk-ve-pabuc-sikmalar","9":"first","10":"instock","11":"taxable","12":"shipping-taxable","13":"purchasable","14":"product-type-simple","15":"add-to-wishlist-after_add_to_cart"},"acf":[],"_links":{"self":[{"href":"https:\/\/www.makitamarket.com.tr\/site\/wp-json\/wp\/v2\/product\/9667","targetHints":{"allow":["GET"]}}],"collection":[{"href":"https:\/\/www.makitamarket.com.tr\/site\/wp-json\/wp\/v2\/product"}],"about":[{"href":"https:\/\/www.makitamarket.com.tr\/site\/wp-json\/wp\/v2\/types\/product"}],"replies":[{"embeddable":true,"href":"https:\/\/www.makitamarket.com.tr\/site\/wp-json\/wp\/v2\/comments?post=9667"}],"wp:featuredmedia":[{"embeddable":true,"href":"https:\/\/www.makitamarket.com.tr\/site\/wp-json\/wp\/v2\/media\/12253"}],"wp:attachment":[{"href":"https:\/\/www.makitamarket.com.tr\/site\/wp-json\/wp\/v2\/media?parent=9667"}],"wp:term":[{"taxonomy":"product_brand","embeddable":true,"href":"https:\/\/www.makitamarket.com.tr\/site\/wp-json\/wp\/v2\/product_brand?post=9667"},{"taxonomy":"product_cat","embeddable":true,"href":"https:\/\/www.makitamarket.com.tr\/site\/wp-json\/wp\/v2\/product_cat?post=9667"},{"taxonomy":"product_tag","embeddable":true,"href":"https:\/\/www.makitamarket.com.tr\/site\/wp-json\/wp\/v2\/product_tag?post=9667"}],"curies":[{"name":"wp","href":"https:\/\/api.w.org\/{rel}","templated":true}]}}