{"id":9683,"date":"2024-11-27T19:55:52","date_gmt":"2024-11-27T16:55:52","guid":{"rendered":"https:\/\/www.makitamarket.com.tr\/site\/urun\/proxxon-proxxon-20165-bfw-40e-matkap-freze\/"},"modified":"2026-03-30T07:34:17","modified_gmt":"2026-03-30T04:34:17","slug":"proxxon-proxxon-20165-bfw-40e-matkap-freze","status":"publish","type":"product","link":"https:\/\/www.makitamarket.com.tr\/site\/urun\/proxxon-proxxon-20165-bfw-40e-matkap-freze\/","title":{"rendered":"Proxxon 20165 BFW 40\/E PROXXON 20165 BFW 40E MATKAP FREZE"},"content":{"rendered":"<div>\n\t<strong>Kullan\u0131m Alanlar\u0131 : <\/strong>Hassas delme ve frezeleme i\u015flerinde ideal.<\/div>\n<div>\n\t<strong>Sevkiyat kapsam\u0131: <\/strong>2,35-3,0-3,2-4,0-5,0-6,0mm s\u0131kma pensleri ve 2 adet anahtarla.<\/div>\n<div>\n\t\u2022 Resimdeki Koordinat sehpas\u0131, matkap stand\u0131 ve k\u0131ska\u00e7lar dahil de\u011fildir.<\/div>\n<div>\n\t<strong>Uyumlu Aksesuarlar:<\/strong><\/div>\n<div>\n\t<strong>20150:<\/strong> KT150 Koordinat sehpas\u0131<\/div>\n<div>\n\t<strong>20000:<\/strong> BFB 2000 matkap freze stand\u0131<\/div>\n<table>\n<tr>\n<td>G\u00fc\u00e7<\/td>\n<td>250 W<\/td>\n<\/tr>\n<tr>\n<td>Devir<\/td>\n<td>900-6.000d\/dak<\/td>\n<\/tr>\n<tr>\n<td>\u00d6l\u00e7\u00fc<\/td>\n<td>43 mm boyunluk<\/td>\n<\/tr>\n<tr>\n<td>\u00c7al\u0131\u015fma gerilimi<\/td>\n<td>220-240V<\/td>\n<\/tr>\n<\/table>\n","protected":false},"excerpt":{"rendered":"<div>\n\t<strong>Kullan\u0131m Alanlar\u0131 : <\/strong>Hassas delme ve frezeleme i\u015flerinde ideal.<\/div>\n<div>\n\t<strong>Sevkiyat kapsam\u0131: <\/strong>2,35-3,0-3,2-4,0-5,0-6,0mm s\u0131kma pensleri ve 2 adet anahtarla.<\/div>\n<div>\n\t\u2022 Resimdeki Koordinat sehpas\u0131, matkap stand\u0131 ve k\u0131ska\u00e7lar dahil de\u011fildir.<\/div>\n<div>\n\t<strong>Uyumlu Aksesuarlar:<\/strong><\/div>\n<div>\n\t<strong>20150:<\/strong> KT150 Koordinat sehpas\u0131<\/div>\n<div>\n\t<strong>20000:<\/strong> BFB 2000 matkap freze stand\u0131<\/div>\n","protected":false},"featured_media":9682,"comment_status":"open","ping_status":"closed","template":"","meta":{"_acf_changed":false},"product_brand":[1501],"product_cat":[993],"product_tag":[],"class_list":{"0":"post-9683","1":"product","2":"type-product","3":"status-publish","4":"has-post-thumbnail","6":"product_brand-proxxon","7":"product_cat-matkap-freze-standlari","9":"first","10":"instock","11":"taxable","12":"shipping-taxable","13":"purchasable","14":"product-type-simple","15":"add-to-wishlist-after_add_to_cart"},"acf":[],"_links":{"self":[{"href":"https:\/\/www.makitamarket.com.tr\/site\/wp-json\/wp\/v2\/product\/9683","targetHints":{"allow":["GET"]}}],"collection":[{"href":"https:\/\/www.makitamarket.com.tr\/site\/wp-json\/wp\/v2\/product"}],"about":[{"href":"https:\/\/www.makitamarket.com.tr\/site\/wp-json\/wp\/v2\/types\/product"}],"replies":[{"embeddable":true,"href":"https:\/\/www.makitamarket.com.tr\/site\/wp-json\/wp\/v2\/comments?post=9683"}],"wp:featuredmedia":[{"embeddable":true,"href":"https:\/\/www.makitamarket.com.tr\/site\/wp-json\/wp\/v2\/media\/9682"}],"wp:attachment":[{"href":"https:\/\/www.makitamarket.com.tr\/site\/wp-json\/wp\/v2\/media?parent=9683"}],"wp:term":[{"taxonomy":"product_brand","embeddable":true,"href":"https:\/\/www.makitamarket.com.tr\/site\/wp-json\/wp\/v2\/product_brand?post=9683"},{"taxonomy":"product_cat","embeddable":true,"href":"https:\/\/www.makitamarket.com.tr\/site\/wp-json\/wp\/v2\/product_cat?post=9683"},{"taxonomy":"product_tag","embeddable":true,"href":"https:\/\/www.makitamarket.com.tr\/site\/wp-json\/wp\/v2\/product_tag?post=9683"}],"curies":[{"name":"wp","href":"https:\/\/api.w.org\/{rel}","templated":true}]}}