{"id":9689,"date":"2024-11-27T19:55:57","date_gmt":"2024-11-27T16:55:57","guid":{"rendered":"https:\/\/www.makitamarket.com.tr\/site\/urun\/leica-leica-distod2-bluetoothlu-lazer-metre\/"},"modified":"2026-04-06T12:51:37","modified_gmt":"2026-04-06T09:51:37","slug":"leica-leica-distod2-bluetoothlu-lazer-metre","status":"publish","type":"product","link":"https:\/\/www.makitamarket.com.tr\/site\/urun\/leica-leica-distod2-bluetoothlu-lazer-metre\/","title":{"rendered":"Leica D2 LEICA DISTO\u2122D2 BLUETOOTH&#8217;LU LAZER METRE"},"content":{"rendered":"<div>\n\t\u2022\u00a0<strong>XRange Power Technology<\/strong><\/div>\n<div>\n\t\u2022\u00a0Her cebe uygun.<\/div>\n<div>\n\t\u2022\u00a0Son 10 \u00f6l\u00e7\u00fcm sonucunu haf\u0131zaya alabilme.<\/div>\n<div>\n\t\u2022\u00a0Alan, hacim ve \u00e7evre hesaplama.<\/div>\n<div>\n\t\u2022\u00a0Boyac\u0131 fonksiyonu.<\/div>\n<div>\n\t\u2022\u00a0Otomatik alg\u0131lamal\u0131 referans plakas\u0131.<\/div>\n<div>\n\t\u2022\u00a0Bluetooth Smart ile kablosuz veri transferi.<\/div>\n<div>\n\t\u2022\u00a0S\u00fcrekli \u00f6l\u00e7\u00fcm moduyla min\/maks \u00f6l\u00e7\u00fcm.<\/div>\n<div>\n\t\u2022\u00a0Pisagor fonksiyonlar\u0131 (dolayl\u0131 y\u00fckseklik ve geni\u015flik \u00f6l\u00e7\u00fcm\u00fc)<\/div>\n<div>\n\t\u2022\u00a03 sat\u0131r ayd\u0131nlatmal\u0131 ekran.<\/div>\n<div>\n\t\u2022\u00a0Timer \u00f6zelli\u011fiyle otomatik \u00f6l\u00e7\u00fcm imkan\u0131.<\/div>\n<table>\n<tr>\n<td>Menzil<\/td>\n<td>0,05-100metre<\/td>\n<\/tr>\n<tr>\n<td>Hassasiyet<\/td>\n<td>+ \/ &#8211; 1,5 mm<\/td>\n<\/tr>\n<\/table>\n","protected":false},"excerpt":{"rendered":"<div>\n\t\u2022\u00a0<strong>XRange Power Technology<\/strong><\/div>\n<div>\n\t\u2022\u00a0Her cebe uygun.<\/div>\n<div>\n\t\u2022\u00a0Son 10 \u00f6l\u00e7\u00fcm sonucunu haf\u0131zaya alabilme.<\/div>\n<div>\n\t\u2022\u00a0Alan, hacim ve \u00e7evre hesaplama.<\/div>\n<div>\n\t\u2022\u00a0Boyac\u0131 fonksiyonu.<\/div>\n<div>\n\t\u2022\u00a0Otomatik alg\u0131lamal\u0131 referans plakas\u0131.<\/div>\n<div>\n\t\u2022\u00a0Bluetooth Smart ile kablosuz veri transferi.<\/div>\n<div>\n\t\u2022\u00a0S\u00fcrekli \u00f6l\u00e7\u00fcm moduyla min\/maks \u00f6l\u00e7\u00fcm.<\/div>\n<div>\n\t\u2022\u00a0Pisagor fonksiyonlar\u0131 (dolayl\u0131 y\u00fckseklik ve geni\u015flik \u00f6l\u00e7\u00fcm\u00fc)<\/div>\n<div>\n\t\u2022\u00a03 sat\u0131r ayd\u0131nlatmal\u0131 ekran.<\/div>\n<div>\n\t\u2022\u00a0Timer \u00f6zelli\u011fiyle otomatik \u00f6l\u00e7\u00fcm imkan\u0131.<\/div>\n","protected":false},"featured_media":9688,"comment_status":"open","ping_status":"closed","template":"","meta":{"_acf_changed":false},"product_brand":[1504],"product_cat":[754],"product_tag":[],"class_list":{"0":"post-9689","1":"product","2":"type-product","3":"status-publish","4":"has-post-thumbnail","6":"product_brand-leica","7":"product_cat-lazer-metreler","9":"first","10":"instock","11":"taxable","12":"shipping-taxable","13":"purchasable","14":"product-type-simple","15":"add-to-wishlist-after_add_to_cart"},"acf":[],"_links":{"self":[{"href":"https:\/\/www.makitamarket.com.tr\/site\/wp-json\/wp\/v2\/product\/9689","targetHints":{"allow":["GET"]}}],"collection":[{"href":"https:\/\/www.makitamarket.com.tr\/site\/wp-json\/wp\/v2\/product"}],"about":[{"href":"https:\/\/www.makitamarket.com.tr\/site\/wp-json\/wp\/v2\/types\/product"}],"replies":[{"embeddable":true,"href":"https:\/\/www.makitamarket.com.tr\/site\/wp-json\/wp\/v2\/comments?post=9689"}],"wp:featuredmedia":[{"embeddable":true,"href":"https:\/\/www.makitamarket.com.tr\/site\/wp-json\/wp\/v2\/media\/9688"}],"wp:attachment":[{"href":"https:\/\/www.makitamarket.com.tr\/site\/wp-json\/wp\/v2\/media?parent=9689"}],"wp:term":[{"taxonomy":"product_brand","embeddable":true,"href":"https:\/\/www.makitamarket.com.tr\/site\/wp-json\/wp\/v2\/product_brand?post=9689"},{"taxonomy":"product_cat","embeddable":true,"href":"https:\/\/www.makitamarket.com.tr\/site\/wp-json\/wp\/v2\/product_cat?post=9689"},{"taxonomy":"product_tag","embeddable":true,"href":"https:\/\/www.makitamarket.com.tr\/site\/wp-json\/wp\/v2\/product_tag?post=9689"}],"curies":[{"name":"wp","href":"https:\/\/api.w.org\/{rel}","templated":true}]}}