{"id":9701,"date":"2024-11-27T19:56:01","date_gmt":"2024-11-27T16:56:01","guid":{"rendered":"https:\/\/www.makitamarket.com.tr\/site\/urun\/proxxon-akulu-eksantrik-polisaj-ep-a\/"},"modified":"2026-04-06T12:51:43","modified_gmt":"2026-04-06T09:51:43","slug":"proxxon-akulu-eksantrik-polisaj-ep-a","status":"publish","type":"product","link":"https:\/\/www.makitamarket.com.tr\/site\/urun\/proxxon-akulu-eksantrik-polisaj-ep-a\/","title":{"rendered":"Proxxon PROX29835 AK\u00dcL\u00dc EKSANTR\u0130K POL\u0130SAJ EP\/A"},"content":{"rendered":"<div>\n\t<strong>Sevkiyat Kapsam\u0131: <\/strong>Lastik z\u0131mpara altl\u0131\u011f\u0131 c\u0131rtl\u0131 sistem, polisaj s\u00fcngeri (orta sert), koyun y\u00fcn\u00fc polisaj diski, polisaj ke\u00e7esi (orta sert), 12 adt 2000 kum z\u0131mpara ve NIGRIN polisaj (75ml), mikro fiber bez, tak\u0131m de\u011fi\u015fimi i\u00e7in anahtar. Li\/A2 (10,8V) lityum batarya ve LG\/A2 h\u0131zl\u0131 \u015farj cihaz\u0131yla birlikte.<\/div>\n<table>\n<tr>\n<td>G\u00fc\u00e7<\/td>\n<td>10,8 V<\/td>\n<\/tr>\n<tr>\n<td>Devir<\/td>\n<td>1,100-2,600 d\/dak<\/td>\n<\/tr>\n<tr>\n<td>Uzunluk<\/td>\n<td>30,5cm<\/td>\n<\/tr>\n<tr>\n<td>Eksantrik sal\u0131n\u0131m\u0131<\/td>\n<td>11mm<\/td>\n<\/tr>\n<tr>\n<td>A\u011f\u0131rl\u0131k<\/td>\n<td>950g (Batarya dahil)<\/td>\n<\/tr>\n<tr>\n<td>Muhafaza<\/td>\n<td>Dayan\u0131kl\u0131 Plastik Kutu<\/td>\n<\/tr>\n<\/table>\n","protected":false},"excerpt":{"rendered":"<div>\n\t<strong>Sevkiyat Kapsam\u0131: <\/strong>Lastik z\u0131mpara altl\u0131\u011f\u0131 c\u0131rtl\u0131 sistem, polisaj s\u00fcngeri (orta sert), koyun y\u00fcn\u00fc polisaj diski, polisaj ke\u00e7esi (orta sert), 12 adt 2000 kum z\u0131mpara ve NIGRIN polisaj (75ml), mikro fiber bez, tak\u0131m de\u011fi\u015fimi i\u00e7in anahtar. Li\/A2 (10,8V) lityum batarya ve LG\/A2 h\u0131zl\u0131 \u015farj cihaz\u0131yla birlikte.<\/div>\n","protected":false},"featured_media":9700,"comment_status":"open","ping_status":"closed","template":"","meta":{"_acf_changed":false},"product_brand":[1501],"product_cat":[999],"product_tag":[],"class_list":{"0":"post-9701","1":"product","2":"type-product","3":"status-publish","4":"has-post-thumbnail","6":"product_brand-proxxon","7":"product_cat-polisaj-makinalari","9":"first","10":"instock","11":"taxable","12":"shipping-taxable","13":"purchasable","14":"product-type-simple","15":"add-to-wishlist-after_add_to_cart"},"acf":[],"_links":{"self":[{"href":"https:\/\/www.makitamarket.com.tr\/site\/wp-json\/wp\/v2\/product\/9701","targetHints":{"allow":["GET"]}}],"collection":[{"href":"https:\/\/www.makitamarket.com.tr\/site\/wp-json\/wp\/v2\/product"}],"about":[{"href":"https:\/\/www.makitamarket.com.tr\/site\/wp-json\/wp\/v2\/types\/product"}],"replies":[{"embeddable":true,"href":"https:\/\/www.makitamarket.com.tr\/site\/wp-json\/wp\/v2\/comments?post=9701"}],"wp:featuredmedia":[{"embeddable":true,"href":"https:\/\/www.makitamarket.com.tr\/site\/wp-json\/wp\/v2\/media\/9700"}],"wp:attachment":[{"href":"https:\/\/www.makitamarket.com.tr\/site\/wp-json\/wp\/v2\/media?parent=9701"}],"wp:term":[{"taxonomy":"product_brand","embeddable":true,"href":"https:\/\/www.makitamarket.com.tr\/site\/wp-json\/wp\/v2\/product_brand?post=9701"},{"taxonomy":"product_cat","embeddable":true,"href":"https:\/\/www.makitamarket.com.tr\/site\/wp-json\/wp\/v2\/product_cat?post=9701"},{"taxonomy":"product_tag","embeddable":true,"href":"https:\/\/www.makitamarket.com.tr\/site\/wp-json\/wp\/v2\/product_tag?post=9701"}],"curies":[{"name":"wp","href":"https:\/\/api.w.org\/{rel}","templated":true}]}}