{"id":9710,"date":"2024-11-27T19:56:06","date_gmt":"2024-11-27T16:56:06","guid":{"rendered":"https:\/\/www.makitamarket.com.tr\/site\/urun\/biglift-biglift-bighub6-1-5-hubzug-6-ton-1-5-mt\/"},"modified":"2026-03-30T07:34:23","modified_gmt":"2026-03-30T04:34:23","slug":"biglift-biglift-bighub6-1-5-hubzug-6-ton-1-5-mt","status":"publish","type":"product","link":"https:\/\/www.makitamarket.com.tr\/site\/urun\/biglift-biglift-bighub6-1-5-hubzug-6-ton-1-5-mt\/","title":{"rendered":"Biglift BIGHUB6-1.5 BIGLIFT BIGHUB6 &#8211; 1.5 HUBZUG 6 TON 1.5 MT"},"content":{"rendered":"<table>\n<tr>\n<td>Kapasite<\/td>\n<td>6000<\/td>\n<\/tr>\n<tr>\n<td>Zincir Boyu<\/td>\n<td>1.5<\/td>\n<\/tr>\n<tr>\n<td>Zincir Donam Say\u0131s\u0131<\/td>\n<td>2<\/td>\n<\/tr>\n<tr>\n<td>Y\u00fck Zincir \u00c7ap\u0131<\/td>\n<td>10<\/td>\n<\/tr>\n<tr>\n<td>Boyutlar<\/td>\n<td>54x18x21.5<\/td>\n<\/tr>\n<tr>\n<td>A\u011f\u0131rl\u0131k<\/td>\n<td>31<\/td>\n<\/tr>\n<\/table>\n","protected":false},"excerpt":{"rendered":"<p>Kapasite 6000 Zincir Boyu 1.5 Zincir Donam Say\u0131s\u0131 2 Y\u00fck Zincir \u00c7ap\u0131 10 Boyutlar 54x18x21.5 A\u011f\u0131rl\u0131k 31<\/p>\n","protected":false},"featured_media":9709,"comment_status":"open","ping_status":"closed","template":"","meta":{"_acf_changed":false},"product_brand":[1490],"product_cat":[780],"product_tag":[],"class_list":{"0":"post-9710","1":"product","2":"type-product","3":"status-publish","4":"has-post-thumbnail","6":"product_brand-biglift","7":"product_cat-vincler-caraskallar-hubsuglar","9":"first","10":"instock","11":"taxable","12":"shipping-taxable","13":"purchasable","14":"product-type-simple","15":"add-to-wishlist-after_add_to_cart"},"acf":[],"_links":{"self":[{"href":"https:\/\/www.makitamarket.com.tr\/site\/wp-json\/wp\/v2\/product\/9710","targetHints":{"allow":["GET"]}}],"collection":[{"href":"https:\/\/www.makitamarket.com.tr\/site\/wp-json\/wp\/v2\/product"}],"about":[{"href":"https:\/\/www.makitamarket.com.tr\/site\/wp-json\/wp\/v2\/types\/product"}],"replies":[{"embeddable":true,"href":"https:\/\/www.makitamarket.com.tr\/site\/wp-json\/wp\/v2\/comments?post=9710"}],"wp:featuredmedia":[{"embeddable":true,"href":"https:\/\/www.makitamarket.com.tr\/site\/wp-json\/wp\/v2\/media\/9709"}],"wp:attachment":[{"href":"https:\/\/www.makitamarket.com.tr\/site\/wp-json\/wp\/v2\/media?parent=9710"}],"wp:term":[{"taxonomy":"product_brand","embeddable":true,"href":"https:\/\/www.makitamarket.com.tr\/site\/wp-json\/wp\/v2\/product_brand?post=9710"},{"taxonomy":"product_cat","embeddable":true,"href":"https:\/\/www.makitamarket.com.tr\/site\/wp-json\/wp\/v2\/product_cat?post=9710"},{"taxonomy":"product_tag","embeddable":true,"href":"https:\/\/www.makitamarket.com.tr\/site\/wp-json\/wp\/v2\/product_tag?post=9710"}],"curies":[{"name":"wp","href":"https:\/\/api.w.org\/{rel}","templated":true}]}}