{"id":9712,"date":"2024-11-27T19:56:07","date_gmt":"2024-11-27T16:56:07","guid":{"rendered":"https:\/\/www.makitamarket.com.tr\/site\/urun\/powerwash-powerwash-apw-vsa-150p-basincli-yik-mak\/"},"modified":"2025-11-16T05:11:24","modified_gmt":"2025-11-16T02:11:24","slug":"powerwash-powerwash-apw-vsa-150p-basincli-yik-mak","status":"publish","type":"product","link":"https:\/\/www.makitamarket.com.tr\/site\/urun\/powerwash-powerwash-apw-vsa-150p-basincli-yik-mak\/","title":{"rendered":"Powerwash APW-VSA-150P POWERWASH APW &#8211; VSA &#8211; 150P BASINCLI YIK.MAK."},"content":{"rendered":"<p>\n\t<strong>Standart Aksesuarlar :\u00a0<\/strong><\/p>\n<ul>\n<li>\n\t\tTetik t\u00fcfek<\/li>\n<li>\n\t\t5 m hortum<\/li>\n<li>\n\t\t\u015eampuan haznesi<\/li>\n<li>\n\t\tTotal stop<\/li>\n<li>\n\t\t5 m elektrik kablosu<\/li>\n<li>\n\t\tEnd\u00fcksiyon motor<\/li>\n<\/ul>\n<table>\n<tr>\n<td>Max.Bas\u0131n\u00e7<\/td>\n<td>150 bar<\/td>\n<\/tr>\n<tr>\n<td>Debi<\/td>\n<td>420 lt.\/s<\/td>\n<\/tr>\n<tr>\n<td>Is\u0131<\/td>\n<td>40 C<\/td>\n<\/tr>\n<tr>\n<td>Motor G\u00fcc\u00fc<\/td>\n<td>3000 Watt \/ 220V<\/td>\n<\/tr>\n<tr>\n<td>A\u011f\u0131rl\u0131k<\/td>\n<td>24 kg<\/td>\n<\/tr>\n<\/table>\n","protected":false},"excerpt":{"rendered":"<p>\n\t<strong>Standart Aksesuarlar :\u00a0<\/strong><\/p>\n<ul>\n<li>\n\t\tTetik t\u00fcfek<\/li>\n<li>\n\t\t5 m hortum<\/li>\n<li>\n\t\t\u015eampuan haznesi<\/li>\n<li>\n\t\tTotal stop<\/li>\n<li>\n\t\t5 m elektrik kablosu<\/li>\n<li>\n\t\tEnd\u00fcksiyon motor<\/li>\n<\/ul>\n","protected":false},"featured_media":9711,"comment_status":"open","ping_status":"closed","template":"","meta":{"_acf_changed":false},"product_brand":[1489],"product_cat":[1565],"product_tag":[],"class_list":{"0":"post-9712","1":"product","2":"type-product","3":"status-publish","4":"has-post-thumbnail","6":"product_brand-powerwash","7":"product_cat-yok-yok","9":"first","10":"outofstock","11":"taxable","12":"shipping-taxable","13":"purchasable","14":"product-type-simple","15":"add-to-wishlist-after_add_to_cart"},"acf":[],"_links":{"self":[{"href":"https:\/\/www.makitamarket.com.tr\/site\/wp-json\/wp\/v2\/product\/9712","targetHints":{"allow":["GET"]}}],"collection":[{"href":"https:\/\/www.makitamarket.com.tr\/site\/wp-json\/wp\/v2\/product"}],"about":[{"href":"https:\/\/www.makitamarket.com.tr\/site\/wp-json\/wp\/v2\/types\/product"}],"replies":[{"embeddable":true,"href":"https:\/\/www.makitamarket.com.tr\/site\/wp-json\/wp\/v2\/comments?post=9712"}],"wp:featuredmedia":[{"embeddable":true,"href":"https:\/\/www.makitamarket.com.tr\/site\/wp-json\/wp\/v2\/media\/9711"}],"wp:attachment":[{"href":"https:\/\/www.makitamarket.com.tr\/site\/wp-json\/wp\/v2\/media?parent=9712"}],"wp:term":[{"taxonomy":"product_brand","embeddable":true,"href":"https:\/\/www.makitamarket.com.tr\/site\/wp-json\/wp\/v2\/product_brand?post=9712"},{"taxonomy":"product_cat","embeddable":true,"href":"https:\/\/www.makitamarket.com.tr\/site\/wp-json\/wp\/v2\/product_cat?post=9712"},{"taxonomy":"product_tag","embeddable":true,"href":"https:\/\/www.makitamarket.com.tr\/site\/wp-json\/wp\/v2\/product_tag?post=9712"}],"curies":[{"name":"wp","href":"https:\/\/api.w.org\/{rel}","templated":true}]}}