{"id":9727,"date":"2024-11-27T19:56:16","date_gmt":"2024-11-27T16:56:16","guid":{"rendered":"https:\/\/www.makitamarket.com.tr\/site\/urun\/makita-kilic-testere-12v\/"},"modified":"2026-04-06T12:53:55","modified_gmt":"2026-04-06T09:53:55","slug":"makita-kilic-testere-12v","status":"publish","type":"product","link":"https:\/\/www.makitamarket.com.tr\/site\/urun\/makita-kilic-testere-12v\/","title":{"rendered":"Makita JR105DWAE KILI\u00c7 TESTERE 12V"},"content":{"rendered":"<p><span style=\"background-color: white; color: rgb(33, 37, 41);\">Model JR105DWAE<\/span><\/p>\n<p><span style=\"background-color: white; color: rgb(33, 37, 41);\">K\u0131l\u0131\u00e7 Testere<\/span><\/p>\n<p><span style=\"background-color: white; color: rgb(33, 37, 41);\">12V maks. \u2022 0 \u2013 3.300 dak\u207b\u00b9 \u2022 13 mm<\/span><\/p>\n<p><span style=\"background-color: white; color: rgb(0, 112, 192);\">Hafif kullan\u0131m i\u00e7in kompakt k\u0131l\u0131\u00e7 testere<\/span><\/p>\n<p><span style=\"background-color: white; color: rgb(33, 37, 41);\">Led \u0131\u015f\u0131\u011f\u0131 \u00f6zelli\u011fi olan k\u00fc\u00e7\u00fck kompakt k\u0131l\u0131\u00e7 testere dar alanlara eri\u015fim sa\u011flar. 13 mm var-gel uzunlu\u011fu, dakikada var gel say\u0131s\u0131 0 \u2013 3.300 devir\/dakika aras\u0131nda ayarlanabilir. <\/span><\/p>\n<p><span style=\"background-color: white; color: red;\">Kullan\u0131m amac\u0131:<\/span><span style=\"background-color: white; color: rgb(33, 37, 41);\"> Bu alet ah\u015fap,plastik ve metal malzemeleri kesmek amac\u0131yla kullan\u0131l\u0131r.<\/span><\/p>\n<p><u>\u00d6zellikleri:<\/u><\/p>\n<p><span style=\"background-color: white; color: rgb(33, 37, 41);\">12V max Lithium-ion,CXT,\u00c7ift Ak\u00fcl\u00fc<\/span><\/p>\n<p>Li-ion;Bataryan\u0131n daha verimli \u00e7al\u0131\u015fmas\u0131n\u0131 sa\u011flayan teknolojidir.<\/p>\n<p>Ak\u00fcl\u00fc yap\u0131s\u0131 kullan\u0131c\u0131ya kablosuz kullan\u0131m imkan\u0131 sunar ve bu sayede kullan\u0131c\u0131lar geni\u015f alanlarda kablo s\u0131n\u0131rlamalar\u0131 olmadan rahat\u00e7a \u00e7al\u0131\u015fabilirler.<\/p>\n<p>CXT(Compact Extreme Technology); 12V Max CXT serisi, \u00fcst\u00fcn makine g\u00fcc\u00fc performans\u0131n\u0131 m\u00fcmk\u00fcn olan en k\u00fc\u00e7\u00fck makine profiline entegre eder.<\/p>\n<ol>\n<li data-list=\"bullet\"><span class=\"ql-ui\" contenteditable=\"false\"><\/span>De\u011fi\u015fken h\u0131z \u00f6zelli\u011fine sahiptir.<\/li>\n<li data-list=\"bullet\"><span class=\"ql-ui\" contenteditable=\"false\"><\/span>Elektrik freni mevcuttur.<\/li>\n<li data-list=\"bullet\"><span class=\"ql-ui\" contenteditable=\"false\"><\/span><span style=\"color: black;\">Kama tipi dekupaj b\u0131\u00e7a\u011f\u0131 mevcuttur.<\/span><\/li>\n<li data-list=\"bullet\"><span class=\"ql-ui\" contenteditable=\"false\"><\/span>Led \u0131\u015f\u0131\u011f\u0131 vard\u0131r.<\/li>\n<li data-list=\"bullet\"><span class=\"ql-ui\" contenteditable=\"false\"><\/span><span style=\"color: rgb(33, 37, 41);\">Plastik ta\u015f\u0131ma \u00e7antal\u0131d\u0131r.<\/span><\/li>\n<\/ol>\n<p><span style=\"background-color: white; color: rgb(33, 37, 41);\">Ambalaj i\u00e7eri\u011fi: K\u0131l\u0131\u00e7 testere b\u0131\u00e7aklar\u0131, \u00e7ift ak\u00fc, \u015farj cihaz\u0131<\/span><\/p>\n<p><span style=\"background-color: white; color: rgb(33, 37, 41);\">Dekupaj ve k\u0131l\u0131\u00e7 testere b\u0131\u00e7aklar\u0131 kullan\u0131l\u0131r.<\/span><\/p>\n<table>\n<tr>\n<td>Kapasite<\/td>\n<td>Boru: 50mm, Ah\u015fap: 50<\/td>\n<\/tr>\n<tr>\n<td>Vargel Uzunlu\u011fu<\/td>\n<td>13mm<\/td>\n<\/tr>\n<tr>\n<td>Dakikada Var-gel Say\u0131s\u0131<\/td>\n<td>0-3.300 devir\/dk<\/td>\n<\/tr>\n<tr>\n<td>Net A\u011f\u0131rl\u0131k<\/td>\n<td>1.2kg<\/td>\n<\/tr>\n<tr>\n<td>G\u00fc\u00e7-Kapasite<\/td>\n<td>12V\/2.0Ah\/Li-on<\/td>\n<\/tr>\n<tr>\n<td>Ak\u00fc \/ \u015earj Cihaz\u0131<\/td>\n<td>BL1020B \/ DC10WC<\/td>\n<\/tr>\n<\/table>\n","protected":false},"excerpt":{"rendered":"<p><span style=\"background-color: white; color: rgb(33, 37, 41);\">Model JR105DWAE<\/span><\/p>\n<p><span style=\"background-color: white; color: rgb(33, 37, 41);\">K\u0131l\u0131\u00e7 Testere<\/span><\/p>\n<p><span style=\"background-color: white; color: rgb(33, 37, 41);\">12V maks. \u2022 0 \u2013 3.300 dak\u207b\u00b9 \u2022 13 mm<\/span><\/p>\n<p><span style=\"background-color: white; color: rgb(0, 112, 192);\">Hafif kullan\u0131m i\u00e7in kompakt k\u0131l\u0131\u00e7 testere<\/span><\/p>\n<p><span style=\"background-color: white; color: rgb(33, 37, 41);\">Led \u0131\u015f\u0131\u011f\u0131 \u00f6zelli\u011fi olan k\u00fc\u00e7\u00fck kompakt k\u0131l\u0131\u00e7 testere dar alanlara eri\u015fim sa\u011flar. 13 mm var-gel uzunlu\u011fu, dakikada var gel say\u0131s\u0131 0 \u2013 3.300 devir\/dakika aras\u0131nda ayarlanabilir. <\/span><\/p>\n<p><span style=\"background-color: white; color: red;\">Kullan\u0131m amac\u0131:<\/span><span style=\"background-color: white; color: rgb(33, 37, 41);\"> Bu alet ah\u015fap,plastik ve metal malzemeleri kesmek amac\u0131yla kullan\u0131l\u0131r.<\/span><\/p>\n<p><u>\u00d6zellikleri:<\/u><\/p>\n<p><span style=\"background-color: white; color: rgb(33, 37, 41);\">12V max Lithium-ion,CXT,\u00c7ift Ak\u00fcl\u00fc<\/span><\/p>\n<p>Li-ion;Bataryan\u0131n daha verimli \u00e7al\u0131\u015fmas\u0131n\u0131 sa\u011flayan teknolojidir.<\/p>\n<p>Ak\u00fcl\u00fc yap\u0131s\u0131 kullan\u0131c\u0131ya kablosuz kullan\u0131m imkan\u0131 sunar ve bu sayede kullan\u0131c\u0131lar geni\u015f alanlarda kablo s\u0131n\u0131rlamalar\u0131 olmadan rahat\u00e7a \u00e7al\u0131\u015fabilirler.<\/p>\n<p>CXT(Compact Extreme Technology); 12V Max CXT serisi, \u00fcst\u00fcn makine g\u00fcc\u00fc performans\u0131n\u0131 m\u00fcmk\u00fcn olan en k\u00fc\u00e7\u00fck makine profiline entegre eder.<\/p>\n<ol>\n<li data-list=\"bullet\"><span class=\"ql-ui\" contenteditable=\"false\"><\/span>De\u011fi\u015fken h\u0131z \u00f6zelli\u011fine sahiptir.<\/li>\n<li data-list=\"bullet\"><span class=\"ql-ui\" contenteditable=\"false\"><\/span>Elektrik freni mevcuttur.<\/li>\n<li data-list=\"bullet\"><span class=\"ql-ui\" contenteditable=\"false\"><\/span><span style=\"color: black;\">Kama tipi dekupaj b\u0131\u00e7a\u011f\u0131 mevcuttur.<\/span><\/li>\n<li data-list=\"bullet\"><span class=\"ql-ui\" contenteditable=\"false\"><\/span>Led \u0131\u015f\u0131\u011f\u0131 vard\u0131r.<\/li>\n<li data-list=\"bullet\"><span class=\"ql-ui\" contenteditable=\"false\"><\/span><span style=\"color: rgb(33, 37, 41);\">Plastik ta\u015f\u0131ma \u00e7antal\u0131d\u0131r.<\/span><\/li>\n<\/ol>\n<p><span style=\"background-color: white; color: rgb(33, 37, 41);\">Ambalaj i\u00e7eri\u011fi: K\u0131l\u0131\u00e7 testere b\u0131\u00e7aklar\u0131, \u00e7ift ak\u00fc, \u015farj cihaz\u0131<\/span><\/p>\n<p><span style=\"background-color: white; color: rgb(33, 37, 41);\">Dekupaj ve k\u0131l\u0131\u00e7 testere b\u0131\u00e7aklar\u0131 kullan\u0131l\u0131r.<\/span><\/p>\n","protected":false},"featured_media":9818,"comment_status":"open","ping_status":"closed","template":"","meta":{"_acf_changed":false},"product_brand":[1485],"product_cat":[921],"product_tag":[],"class_list":{"0":"post-9727","1":"product","2":"type-product","3":"status-publish","4":"has-post-thumbnail","6":"product_brand-makita","7":"product_cat-12-volt","9":"first","10":"instock","11":"taxable","12":"shipping-taxable","13":"purchasable","14":"product-type-simple","15":"add-to-wishlist-after_add_to_cart"},"acf":[],"_links":{"self":[{"href":"https:\/\/www.makitamarket.com.tr\/site\/wp-json\/wp\/v2\/product\/9727","targetHints":{"allow":["GET"]}}],"collection":[{"href":"https:\/\/www.makitamarket.com.tr\/site\/wp-json\/wp\/v2\/product"}],"about":[{"href":"https:\/\/www.makitamarket.com.tr\/site\/wp-json\/wp\/v2\/types\/product"}],"replies":[{"embeddable":true,"href":"https:\/\/www.makitamarket.com.tr\/site\/wp-json\/wp\/v2\/comments?post=9727"}],"wp:featuredmedia":[{"embeddable":true,"href":"https:\/\/www.makitamarket.com.tr\/site\/wp-json\/wp\/v2\/media\/9818"}],"wp:attachment":[{"href":"https:\/\/www.makitamarket.com.tr\/site\/wp-json\/wp\/v2\/media?parent=9727"}],"wp:term":[{"taxonomy":"product_brand","embeddable":true,"href":"https:\/\/www.makitamarket.com.tr\/site\/wp-json\/wp\/v2\/product_brand?post=9727"},{"taxonomy":"product_cat","embeddable":true,"href":"https:\/\/www.makitamarket.com.tr\/site\/wp-json\/wp\/v2\/product_cat?post=9727"},{"taxonomy":"product_tag","embeddable":true,"href":"https:\/\/www.makitamarket.com.tr\/site\/wp-json\/wp\/v2\/product_tag?post=9727"}],"curies":[{"name":"wp","href":"https:\/\/api.w.org\/{rel}","templated":true}]}}