{"id":9732,"date":"2024-11-27T19:56:23","date_gmt":"2024-11-27T16:56:23","guid":{"rendered":"https:\/\/www.makitamarket.com.tr\/site\/urun\/makita-darbesiz-matkap\/"},"modified":"2026-04-06T18:48:30","modified_gmt":"2026-04-06T15:48:30","slug":"makita-darbesiz-matkap","status":"publish","type":"product","link":"https:\/\/www.makitamarket.com.tr\/site\/urun\/makita-darbesiz-matkap\/","title":{"rendered":"Makita 6413 DARBES\u0130Z MATKAP"},"content":{"rendered":"<p>Model 6413<\/p>\n<p>Darbesiz Matkap 3\/8\u201d<\/p>\n<p>450 W \u2022 0 \u2013 3.400 dk\u207b\u00b9<\/p>\n<p><span style=\"color: rgb(0, 112, 192);\">Kompakt ve Hafif Tasar\u0131ma Sahip Genel Ama\u00e7l\u0131 Darbesiz Matkap<\/span><\/p>\n<p>Model 6413 total uzunlu\u011fu 234mm olan elektrikli matkapt\u0131r. Kompakt ve hafif, ancak yeterli g\u00fcce sahiptir.\u00c7elikte 10 mm, ah\u015fapta ise 25 mm delme kapasitesi mevcuttur.Dakikada 0-3.400 bo\u015fta devire sahiptir. 450W S\u00fcrekli Giri\u015fli G\u00fc\u00e7l\u00fc Motoru vard\u0131r.&nbsp;<\/p>\n<p><span style=\"color: red;\">Kullan\u0131m amac\u0131: <\/span>Bu alet tahta,metal ve plastik malzemede delik a\u00e7mak i\u00e7in tasarlanm\u0131\u015ft\u0131r.<\/p>\n<p><u>\u00d6zellikleri:<\/u><\/p>\n<p><span style=\"color: red;\">G\u00fc\u00e7 Kayna\u011f\u0131: <\/span>Aletin, yaln\u0131zca isim levhas\u0131nda belirtilenle ayn\u0131 voltajl\u0131 g\u00fc\u00e7 kayna\u011f\u0131na ba\u011flanmas\u0131 gerekir ve yaln\u0131zca tek fazl\u0131 AC g\u00fc\u00e7 kayna\u011f\u0131yla \u00e7al\u0131\u015ft\u0131r\u0131labilir. \u00c7ifte yal\u0131t\u0131ml\u0131d\u0131r ve topraklamas\u0131z prizlerle de kullan\u0131labilir. <\/p>\n<ol>\n<li data-list=\"bullet\"><span class=\"ql-ui\" contenteditable=\"false\"><\/span>\u00c7ift yal\u0131t\u0131ml\u0131d\u0131r.<\/li>\n<li data-list=\"bullet\"><span class=\"ql-ui\" contenteditable=\"false\"><\/span>De\u011fi\u015fken h\u0131z \u00f6zelli\u011fi vard\u0131r.<\/li>\n<li data-list=\"bullet\"><span class=\"ql-ui\" contenteditable=\"false\"><\/span>Sa\u011f-sol d\u00f6n\u00fc\u015f ayarl\u0131d\u0131r.<\/li>\n<li data-list=\"bullet\"><span class=\"ql-ui\" contenteditable=\"false\"><\/span>Otomatik mandrenlidir.<\/li>\n<\/ol>\n<table>\n<tr>\n<td>Kapasite<\/td>\n<td>\u00c7elik:10 mm, Ah\u015fap:25 mm<\/td>\n<\/tr>\n<tr>\n<td>Bo\u015fta Devir<\/td>\n<td>0-3.400 devir\/dk<\/td>\n<\/tr>\n<tr>\n<td>Net A\u011f\u0131rl\u0131k<\/td>\n<td>1.3<\/td>\n<\/tr>\n<tr>\n<td>S\u00fcrekli Ak\u0131m Giri\u015fi<\/td>\n<td>450W<\/td>\n<\/tr>\n<tr>\n<td>Mandren<\/td>\n<td>3\/8&#8243;<\/td>\n<\/tr>\n<\/table>\n","protected":false},"excerpt":{"rendered":"<p>Model 6413<\/p>\n<p>Darbesiz Matkap 3\/8\u201d<\/p>\n<p>450 W \u2022 0 \u2013 3.400 dk\u207b\u00b9<\/p>\n<p><span style=\"color: rgb(0, 112, 192);\">Kompakt ve Hafif Tasar\u0131ma Sahip Genel Ama\u00e7l\u0131 Darbesiz Matkap<\/span><\/p>\n<p>Model 6413 total uzunlu\u011fu 234mm olan elektrikli matkapt\u0131r. Kompakt ve hafif, ancak yeterli g\u00fcce sahiptir.\u00c7elikte 10 mm, ah\u015fapta ise 25 mm delme kapasitesi mevcuttur.Dakikada 0-3.400 bo\u015fta devire sahiptir. 450W S\u00fcrekli Giri\u015fli G\u00fc\u00e7l\u00fc Motoru vard\u0131r.&nbsp;<\/p>\n<p><span style=\"color: red;\">Kullan\u0131m amac\u0131: <\/span>Bu alet tahta,metal ve plastik malzemede delik a\u00e7mak i\u00e7in tasarlanm\u0131\u015ft\u0131r.<\/p>\n<p><u>\u00d6zellikleri:<\/u><\/p>\n<p><span style=\"color: red;\">G\u00fc\u00e7 Kayna\u011f\u0131: <\/span>Aletin, yaln\u0131zca isim levhas\u0131nda belirtilenle ayn\u0131 voltajl\u0131 g\u00fc\u00e7 kayna\u011f\u0131na ba\u011flanmas\u0131 gerekir ve yaln\u0131zca tek fazl\u0131 AC g\u00fc\u00e7 kayna\u011f\u0131yla \u00e7al\u0131\u015ft\u0131r\u0131labilir. \u00c7ifte yal\u0131t\u0131ml\u0131d\u0131r ve topraklamas\u0131z prizlerle de kullan\u0131labilir. <\/p>\n<ol>\n<li data-list=\"bullet\"><span class=\"ql-ui\" contenteditable=\"false\"><\/span>\u00c7ift yal\u0131t\u0131ml\u0131d\u0131r.<\/li>\n<li data-list=\"bullet\"><span class=\"ql-ui\" contenteditable=\"false\"><\/span>De\u011fi\u015fken h\u0131z \u00f6zelli\u011fi vard\u0131r.<\/li>\n<li data-list=\"bullet\"><span class=\"ql-ui\" contenteditable=\"false\"><\/span>Sa\u011f-sol d\u00f6n\u00fc\u015f ayarl\u0131d\u0131r.<\/li>\n<li data-list=\"bullet\"><span class=\"ql-ui\" contenteditable=\"false\"><\/span>Otomatik mandrenlidir.<\/li>\n<\/ol>\n","protected":false},"featured_media":12407,"comment_status":"open","ping_status":"closed","template":"","meta":{"_acf_changed":false},"product_brand":[1485],"product_cat":[1002],"product_tag":[],"class_list":{"0":"post-9732","1":"product","2":"type-product","3":"status-publish","4":"has-post-thumbnail","6":"product_brand-makita","7":"product_cat-darbesiz-matkaplar","9":"first","10":"instock","11":"taxable","12":"shipping-taxable","13":"purchasable","14":"product-type-simple","15":"add-to-wishlist-after_add_to_cart"},"acf":[],"_links":{"self":[{"href":"https:\/\/www.makitamarket.com.tr\/site\/wp-json\/wp\/v2\/product\/9732","targetHints":{"allow":["GET"]}}],"collection":[{"href":"https:\/\/www.makitamarket.com.tr\/site\/wp-json\/wp\/v2\/product"}],"about":[{"href":"https:\/\/www.makitamarket.com.tr\/site\/wp-json\/wp\/v2\/types\/product"}],"replies":[{"embeddable":true,"href":"https:\/\/www.makitamarket.com.tr\/site\/wp-json\/wp\/v2\/comments?post=9732"}],"wp:featuredmedia":[{"embeddable":true,"href":"https:\/\/www.makitamarket.com.tr\/site\/wp-json\/wp\/v2\/media\/12407"}],"wp:attachment":[{"href":"https:\/\/www.makitamarket.com.tr\/site\/wp-json\/wp\/v2\/media?parent=9732"}],"wp:term":[{"taxonomy":"product_brand","embeddable":true,"href":"https:\/\/www.makitamarket.com.tr\/site\/wp-json\/wp\/v2\/product_brand?post=9732"},{"taxonomy":"product_cat","embeddable":true,"href":"https:\/\/www.makitamarket.com.tr\/site\/wp-json\/wp\/v2\/product_cat?post=9732"},{"taxonomy":"product_tag","embeddable":true,"href":"https:\/\/www.makitamarket.com.tr\/site\/wp-json\/wp\/v2\/product_tag?post=9732"}],"curies":[{"name":"wp","href":"https:\/\/api.w.org\/{rel}","templated":true}]}}