{"id":9752,"date":"2024-11-27T19:56:30","date_gmt":"2024-11-27T16:56:30","guid":{"rendered":"https:\/\/www.makitamarket.com.tr\/site\/urun\/clipper-extreme-beton-silencio-testere-300-mm\/"},"modified":"2026-04-06T12:52:49","modified_gmt":"2026-04-06T09:52:49","slug":"clipper-extreme-beton-silencio-testere-300-mm","status":"publish","type":"product","link":"https:\/\/www.makitamarket.com.tr\/site\/urun\/clipper-extreme-beton-silencio-testere-300-mm\/","title":{"rendered":"Clipper 42421 EXTREME BETON SILENCIO TESTERE 300 mm"},"content":{"rendered":"<p>\n\tULTRA SESS\u2039Z ELMAS TESTERE<\/p>\n<p>\n\tBeton, g\u00fc\u00e7lendirilmi\u015f beton, ytong, demirli beton, beton \u00fcst\u00fc asfalt kaplamalar ve genel ama\u00e7l\u0131 in\u015faat malzemeleri kullan\u0131l\u0131r.<\/p>\n<table>\n<tr>\n<td>\u00c7ap<\/td>\n<td>300mm<\/td>\n<\/tr>\n<tr>\n<td>Merkez<\/td>\n<td>25,4mm<\/td>\n<\/tr>\n<tr>\n<td>Segman (Y\/G-mm)<\/td>\n<td>15\/3.1 mm<\/td>\n<\/tr>\n<tr>\n<td>Performans<\/td>\n<td>4 y\u0131ld\u0131z<\/td>\n<\/tr>\n<\/table>\n","protected":false},"excerpt":{"rendered":"<p>\n\tULTRA SESS\u2039Z ELMAS TESTERE<\/p>\n<p>\n\tBeton, g\u00fc\u00e7lendirilmi\u015f beton, ytong, demirli beton, beton \u00fcst\u00fc asfalt kaplamalar ve genel ama\u00e7l\u0131 in\u015faat malzemeleri kullan\u0131l\u0131r.<\/p>\n","protected":false},"featured_media":9751,"comment_status":"open","ping_status":"closed","template":"","meta":{"_acf_changed":false},"product_brand":[1497],"product_cat":[1565],"product_tag":[],"class_list":{"0":"post-9752","1":"product","2":"type-product","3":"status-publish","4":"has-post-thumbnail","6":"product_brand-clipper","7":"product_cat-yok-yok","9":"first","10":"instock","11":"taxable","12":"shipping-taxable","13":"purchasable","14":"product-type-simple","15":"add-to-wishlist-after_add_to_cart"},"acf":[],"_links":{"self":[{"href":"https:\/\/www.makitamarket.com.tr\/site\/wp-json\/wp\/v2\/product\/9752","targetHints":{"allow":["GET"]}}],"collection":[{"href":"https:\/\/www.makitamarket.com.tr\/site\/wp-json\/wp\/v2\/product"}],"about":[{"href":"https:\/\/www.makitamarket.com.tr\/site\/wp-json\/wp\/v2\/types\/product"}],"replies":[{"embeddable":true,"href":"https:\/\/www.makitamarket.com.tr\/site\/wp-json\/wp\/v2\/comments?post=9752"}],"wp:featuredmedia":[{"embeddable":true,"href":"https:\/\/www.makitamarket.com.tr\/site\/wp-json\/wp\/v2\/media\/9751"}],"wp:attachment":[{"href":"https:\/\/www.makitamarket.com.tr\/site\/wp-json\/wp\/v2\/media?parent=9752"}],"wp:term":[{"taxonomy":"product_brand","embeddable":true,"href":"https:\/\/www.makitamarket.com.tr\/site\/wp-json\/wp\/v2\/product_brand?post=9752"},{"taxonomy":"product_cat","embeddable":true,"href":"https:\/\/www.makitamarket.com.tr\/site\/wp-json\/wp\/v2\/product_cat?post=9752"},{"taxonomy":"product_tag","embeddable":true,"href":"https:\/\/www.makitamarket.com.tr\/site\/wp-json\/wp\/v2\/product_tag?post=9752"}],"curies":[{"name":"wp","href":"https:\/\/api.w.org\/{rel}","templated":true}]}}