{"id":9757,"date":"2024-11-27T19:56:32","date_gmt":"2024-11-27T16:56:32","guid":{"rendered":"https:\/\/www.makitamarket.com.tr\/site\/urun\/gison-mini-firca-kompresoru\/"},"modified":"2025-11-16T05:13:16","modified_gmt":"2025-11-16T02:13:16","slug":"gison-mini-firca-kompresoru","status":"publish","type":"product","link":"https:\/\/www.makitamarket.com.tr\/site\/urun\/gison-mini-firca-kompresoru\/","title":{"rendered":"Gison GPGAS2000 M\u0130N\u0130 FIR\u00c7A KOMPRES\u00d6R\u00dc"},"content":{"rendered":"<table>\n<tr>\n<td>\u00c7al\u0131\u015fma Voltaj\u0131<\/td>\n<td>220V.AC\/50Hz<\/td>\n<\/tr>\n<tr>\n<td>\u00c7ekti\u011fi Ak\u0131m<\/td>\n<td>0.6 amper<\/td>\n<\/tr>\n<tr>\n<td>G\u00fc\u00e7<\/td>\n<td>1\/8 HP<\/td>\n<\/tr>\n<tr>\n<td>Kapasitesi<\/td>\n<td>2.0 cfm<\/td>\n<\/tr>\n<\/table>\n","protected":false},"excerpt":{"rendered":"<p>\u00c7al\u0131\u015fma Voltaj\u0131 220V.AC\/50Hz \u00c7ekti\u011fi Ak\u0131m 0.6 amper G\u00fc\u00e7 1\/8 HP Kapasitesi 2.0 cfm<\/p>\n","protected":false},"featured_media":9756,"comment_status":"open","ping_status":"closed","template":"","meta":{"_acf_changed":false},"product_brand":[1512],"product_cat":[1007],"product_tag":[],"class_list":{"0":"post-9757","1":"product","2":"type-product","3":"status-publish","4":"has-post-thumbnail","6":"product_brand-gison","7":"product_cat-havali-firca-setleri-ve-firca-kompresorleri","9":"first","10":"outofstock","11":"taxable","12":"shipping-taxable","13":"purchasable","14":"product-type-simple","15":"add-to-wishlist-after_add_to_cart"},"acf":[],"_links":{"self":[{"href":"https:\/\/www.makitamarket.com.tr\/site\/wp-json\/wp\/v2\/product\/9757","targetHints":{"allow":["GET"]}}],"collection":[{"href":"https:\/\/www.makitamarket.com.tr\/site\/wp-json\/wp\/v2\/product"}],"about":[{"href":"https:\/\/www.makitamarket.com.tr\/site\/wp-json\/wp\/v2\/types\/product"}],"replies":[{"embeddable":true,"href":"https:\/\/www.makitamarket.com.tr\/site\/wp-json\/wp\/v2\/comments?post=9757"}],"wp:featuredmedia":[{"embeddable":true,"href":"https:\/\/www.makitamarket.com.tr\/site\/wp-json\/wp\/v2\/media\/9756"}],"wp:attachment":[{"href":"https:\/\/www.makitamarket.com.tr\/site\/wp-json\/wp\/v2\/media?parent=9757"}],"wp:term":[{"taxonomy":"product_brand","embeddable":true,"href":"https:\/\/www.makitamarket.com.tr\/site\/wp-json\/wp\/v2\/product_brand?post=9757"},{"taxonomy":"product_cat","embeddable":true,"href":"https:\/\/www.makitamarket.com.tr\/site\/wp-json\/wp\/v2\/product_cat?post=9757"},{"taxonomy":"product_tag","embeddable":true,"href":"https:\/\/www.makitamarket.com.tr\/site\/wp-json\/wp\/v2\/product_tag?post=9757"}],"curies":[{"name":"wp","href":"https:\/\/api.w.org\/{rel}","templated":true}]}}