{"id":9759,"date":"2024-11-27T19:56:32","date_gmt":"2024-11-27T16:56:32","guid":{"rendered":"https:\/\/www.makitamarket.com.tr\/site\/urun\/makita-elektrikli-cim-bicme-makinasi-1300w\/"},"modified":"2025-07-11T19:22:13","modified_gmt":"2025-07-11T16:22:13","slug":"makita-elektrikli-cim-bicme-makinasi-1300w","status":"publish","type":"product","link":"https:\/\/www.makitamarket.com.tr\/site\/urun\/makita-elektrikli-cim-bicme-makinasi-1300w\/","title":{"rendered":"Makita ELM3711 ELEKTR\u0130KL\u0130 \u00c7\u0130M B\u0130\u00c7ME MAK\u0130NASI 1300W"},"content":{"rendered":"<table>\n<tr>\n<td>\u015ease<\/td>\n<td>ABS<\/td>\n<\/tr>\n<tr>\n<td>Kesme Geni\u015fli\u011fi<\/td>\n<td>37 cm<\/td>\n<\/tr>\n<tr>\n<td>Y\u00fckseklik Ayar\u0131<\/td>\n<td>3 Kademe 20\/40\/55 mm<\/td>\n<\/tr>\n<tr>\n<td>\u00c7im Haznesi<\/td>\n<td>35lt Plastik<\/td>\n<\/tr>\n<tr>\n<td>Kullan\u0131labilir Alan<\/td>\n<td>500m2<\/td>\n<\/tr>\n<tr>\n<td>Motor<\/td>\n<td>1300watt<\/td>\n<\/tr>\n<tr>\n<td>\u00d6l\u00e7\u00fcler (LxWxH)<\/td>\n<td>662x412x312mm<\/td>\n<\/tr>\n<tr>\n<td>A\u011f\u0131rl\u0131k<\/td>\n<td>14.8 kg<\/td>\n<\/tr>\n<\/table>\n","protected":false},"excerpt":{"rendered":"<p>\u015ease ABS Kesme Geni\u015fli\u011fi 37 cm Y\u00fckseklik Ayar\u0131 3 Kademe 20\/40\/55 mm \u00c7im Haznesi 35lt Plastik Kullan\u0131labilir Alan 500m2 Motor 1300watt \u00d6l\u00e7\u00fcler (LxWxH) 662x412x312mm A\u011f\u0131rl\u0131k 14.8 kg<\/p>\n","protected":false},"featured_media":9758,"comment_status":"open","ping_status":"closed","template":"","meta":{"_acf_changed":false},"product_brand":[],"product_cat":[911],"product_tag":[],"class_list":{"0":"post-9759","1":"product","2":"type-product","3":"status-publish","4":"has-post-thumbnail","6":"product_cat-elektrikli","8":"first","9":"outofstock","10":"taxable","11":"shipping-taxable","12":"purchasable","13":"product-type-simple","14":"add-to-wishlist-after_add_to_cart"},"acf":[],"_links":{"self":[{"href":"https:\/\/www.makitamarket.com.tr\/site\/wp-json\/wp\/v2\/product\/9759","targetHints":{"allow":["GET"]}}],"collection":[{"href":"https:\/\/www.makitamarket.com.tr\/site\/wp-json\/wp\/v2\/product"}],"about":[{"href":"https:\/\/www.makitamarket.com.tr\/site\/wp-json\/wp\/v2\/types\/product"}],"replies":[{"embeddable":true,"href":"https:\/\/www.makitamarket.com.tr\/site\/wp-json\/wp\/v2\/comments?post=9759"}],"wp:featuredmedia":[{"embeddable":true,"href":"https:\/\/www.makitamarket.com.tr\/site\/wp-json\/wp\/v2\/media\/9758"}],"wp:attachment":[{"href":"https:\/\/www.makitamarket.com.tr\/site\/wp-json\/wp\/v2\/media?parent=9759"}],"wp:term":[{"taxonomy":"product_brand","embeddable":true,"href":"https:\/\/www.makitamarket.com.tr\/site\/wp-json\/wp\/v2\/product_brand?post=9759"},{"taxonomy":"product_cat","embeddable":true,"href":"https:\/\/www.makitamarket.com.tr\/site\/wp-json\/wp\/v2\/product_cat?post=9759"},{"taxonomy":"product_tag","embeddable":true,"href":"https:\/\/www.makitamarket.com.tr\/site\/wp-json\/wp\/v2\/product_tag?post=9759"}],"curies":[{"name":"wp","href":"https:\/\/api.w.org\/{rel}","templated":true}]}}