{"id":9776,"date":"2024-11-27T19:56:40","date_gmt":"2024-11-27T16:56:40","guid":{"rendered":"https:\/\/www.makitamarket.com.tr\/site\/urun\/rapid-zimba-teli-sokucu\/"},"modified":"2026-04-06T12:52:58","modified_gmt":"2026-04-06T09:52:58","slug":"rapid-zimba-teli-sokucu","status":"publish","type":"product","link":"https:\/\/www.makitamarket.com.tr\/site\/urun\/rapid-zimba-teli-sokucu\/","title":{"rendered":"Rapid R3 ZIMBA TEL\u0130 S\u00d6K\u00dcC\u00dc"},"content":{"rendered":"<div id=\"cke_pastebin\">\n\tProfesyonel ya da DIY [Kendin Yap] ve evde kullan\u0131m i\u00e7in kolay kullan\u0131\u015fl\u0131 z\u0131mba teli s\u00f6k\u00fcc\u00fc. Neredeyse her t\u00fcr z\u0131mba telini \u00e7evredeki malzemeye zarar vermeden s\u00f6kebilmektedir.<\/div>\n<div>\n\t\u2022 \u00c7elik a\u015f\u0131nan par\u00e7alar<\/div>\n<div>\n\t\u2022 Mengene \u00e7ene<\/div>\n<div>\n\t\u2022 Ergonomik sap<\/div>\n<div>\n\t\u2022 2 y\u0131l garanti<\/div>\n<table><\/table>\n","protected":false},"excerpt":{"rendered":"<div id=\"cke_pastebin\">\n\tProfesyonel ya da DIY [Kendin Yap] ve evde kullan\u0131m i\u00e7in kolay kullan\u0131\u015fl\u0131 z\u0131mba teli s\u00f6k\u00fcc\u00fc. Neredeyse her t\u00fcr z\u0131mba telini \u00e7evredeki malzemeye zarar vermeden s\u00f6kebilmektedir.<\/div>\n<div>\n\t\u2022 \u00c7elik a\u015f\u0131nan par\u00e7alar<\/div>\n<div>\n\t\u2022 Mengene \u00e7ene<\/div>\n<div>\n\t\u2022 Ergonomik sap<\/div>\n<div>\n\t\u2022 2 y\u0131l garanti<\/div>\n","protected":false},"featured_media":9775,"comment_status":"open","ping_status":"closed","template":"","meta":{"_acf_changed":false},"product_brand":[1491],"product_cat":[712],"product_tag":[],"class_list":{"0":"post-9776","1":"product","2":"type-product","3":"status-publish","4":"has-post-thumbnail","6":"product_brand-rapid","7":"product_cat-zimba-tabancalari","9":"first","10":"instock","11":"taxable","12":"shipping-taxable","13":"purchasable","14":"product-type-simple","15":"add-to-wishlist-after_add_to_cart"},"acf":[],"_links":{"self":[{"href":"https:\/\/www.makitamarket.com.tr\/site\/wp-json\/wp\/v2\/product\/9776","targetHints":{"allow":["GET"]}}],"collection":[{"href":"https:\/\/www.makitamarket.com.tr\/site\/wp-json\/wp\/v2\/product"}],"about":[{"href":"https:\/\/www.makitamarket.com.tr\/site\/wp-json\/wp\/v2\/types\/product"}],"replies":[{"embeddable":true,"href":"https:\/\/www.makitamarket.com.tr\/site\/wp-json\/wp\/v2\/comments?post=9776"}],"wp:featuredmedia":[{"embeddable":true,"href":"https:\/\/www.makitamarket.com.tr\/site\/wp-json\/wp\/v2\/media\/9775"}],"wp:attachment":[{"href":"https:\/\/www.makitamarket.com.tr\/site\/wp-json\/wp\/v2\/media?parent=9776"}],"wp:term":[{"taxonomy":"product_brand","embeddable":true,"href":"https:\/\/www.makitamarket.com.tr\/site\/wp-json\/wp\/v2\/product_brand?post=9776"},{"taxonomy":"product_cat","embeddable":true,"href":"https:\/\/www.makitamarket.com.tr\/site\/wp-json\/wp\/v2\/product_cat?post=9776"},{"taxonomy":"product_tag","embeddable":true,"href":"https:\/\/www.makitamarket.com.tr\/site\/wp-json\/wp\/v2\/product_tag?post=9776"}],"curies":[{"name":"wp","href":"https:\/\/api.w.org\/{rel}","templated":true}]}}