{"id":9789,"date":"2024-11-27T19:56:45","date_gmt":"2024-11-27T16:56:45","guid":{"rendered":"https:\/\/www.makitamarket.com.tr\/site\/urun\/makita-akulu-cim-kesme-makasi-18v\/"},"modified":"2026-04-06T12:53:41","modified_gmt":"2026-04-06T09:53:41","slug":"makita-akulu-cim-kesme-makasi-18v","status":"publish","type":"product","link":"https:\/\/www.makitamarket.com.tr\/site\/urun\/makita-akulu-cim-kesme-makasi-18v\/","title":{"rendered":"Makita DUM111SYX AK\u00dcL\u00dc \u00c7\u0130M KESME MAKASI 18V"},"content":{"rendered":"<p>Model DUM111SYX<\/p>\n<p>Ak\u00fcl\u00fc \u00c7im Kesme Makas\u0131<\/p>\n<p>18V \u2022&nbsp;110mm&nbsp;\u2022 2.500 dak\u207b\u00b9<\/p>\n<p><strong style=\"color: rgb(0, 112, 192);\">Y\u00fcksek Performansl\u0131 Ak\u00fcl\u00fc \u00c7im Kesme&nbsp;Makinesi <\/strong><\/p>\n<p>\u00c7im ve \u00e7al\u0131 budama i\u015flemleri i\u00e7in tasarlanm\u0131\u015f bu model, 18V LXT Li-Ion ak\u00fc sistemi ile kablosuz kullan\u0131m avantaj\u0131 sa\u011flar. 110 mm kesim geni\u015fli\u011fi ile \u00e7imlerin hassas ve h\u0131zl\u0131 kesimini sa\u011flarken \u00e7al\u0131 b\u0131\u00e7a\u011f\u0131 ile k\u00fc\u00e7\u00fck \u00e7al\u0131lar\u0131n pratik budamas\u0131n\u0131 m\u00fcmk\u00fcn k\u0131lar. Dakikada 2.500 bo\u015fta devire sahiptir. Ergonomik tasar\u0131m\u0131, hafif yap\u0131s\u0131 ve kau\u00e7uk kapl\u0131 tutma yeri, uzun s\u00fcreli kullan\u0131mlarda konfor sunar. De\u011fi\u015ftirilebilir b\u0131\u00e7ak sistemi sayesinde kullan\u0131m esnekli\u011fi sunan bu model, sessiz \u00e7al\u0131\u015fma \u00f6zelli\u011fi ile bah\u00e7elerde keyifli bir deneyim sa\u011flar. \u00c7im bak\u0131m\u0131 ve \u00e7al\u0131 d\u00fczenleme i\u00e7in ideal bir \u00e7\u00f6z\u00fcmd\u00fcr.<\/p>\n<p><span style=\"color: red;\">Kullan\u0131m amac\u0131: <\/span>Bu alet \u00e7im alanlar\u0131n kenarlar\u0131n\u0131 ve s\u00fcrg\u00fcnleri kesmek i\u00e7in tasarlanm\u0131\u015ft\u0131r.<\/p>\n<p><u>\u00d6zellikleri:<\/u><\/p>\n<p>LXT(Lithium-ion Xtreme Technology); Makita&#8217;n\u0131n elektrikli el aletlerinde lityum iyon pil teknolojisini kullanmas\u0131. LXT serisi, geleneksel ak\u00fclere k\u0131yasla daha uzun ak\u00fc \u00f6mr\u00fc, daha h\u0131zl\u0131 \u015farj s\u00fcreleri ve genel olarak geli\u015fmi\u015f performans sa\u011flamas\u0131yla bilinir.<\/p>\n<p>Ak\u00fcl\u00fc yap\u0131s\u0131 kullan\u0131c\u0131ya kablosuz kullan\u0131m imkan\u0131 sunar ve bu sayede kullan\u0131c\u0131lar geni\u015f alanlarda kablo s\u0131n\u0131rlamalar\u0131 olmadan rahat\u00e7a \u00e7al\u0131\u015fabilirler.<\/p>\n<p>Li-ion; Bataryan\u0131n daha verimli \u00e7al\u0131\u015fmas\u0131n\u0131 sa\u011flayan teknolojidir.<\/p>\n<ol>\n<li data-list=\"ordered\"><span class=\"ql-ui\" contenteditable=\"false\"><\/span>Yumu\u015fak ba\u015flama \u00f6zelli\u011fi mevcuttur.<\/li>\n<li data-list=\"ordered\"><span class=\"ql-ui\" contenteditable=\"false\"><\/span>Otomatik 2 h\u0131z mevcuttur.<\/li>\n<li data-list=\"ordered\"><span class=\"ql-ui\" contenteditable=\"false\"><\/span><span style=\"color: black;\">Sabit h\u0131z \u00f6zelli\u011fi vard\u0131r.<\/span><\/li>\n<\/ol>\n<p>Hem \u00e7it budama \u00e7im kesme \u00f6zelli\u011fi vard\u0131r.<\/p>\n<p><span style=\"background-color: white; color: black;\">Ak\u00fc:BL1021\/1041B<\/span><\/p>\n<p>\u015earj Cihaz\u0131: DC10SB<\/p>\n<p>Ambalaj i\u00e7eri\u011fi: \u00c7im bi\u00e7me b\u0131\u00e7a\u011f\u0131, kurulum anahtar\u0131, ak\u00fc, \u015farj aleti<\/p>\n<table>\n<tr>\n<td>Kesme Geni\u015fli\u011fi<\/td>\n<td>110 mm<\/td>\n<\/tr>\n<tr>\n<td>Devir Say\u0131s\u0131<\/td>\n<td>2500 devir\/dk<\/td>\n<\/tr>\n<tr>\n<td>Kullan\u0131labilir Ak\u00fc<\/td>\n<td>1 Adet 18V Li-ion<\/td>\n<\/tr>\n<tr>\n<td>Titre\u015fim<\/td>\n<td>1,5 m\/s2<\/td>\n<\/tr>\n<tr>\n<td>\u00d6l\u00e7\u00fcler (LxWxH)<\/td>\n<td>Ak\u00fcs\u00fcz-300x120x130 mm<\/td>\n<\/tr>\n<tr>\n<td>Net A\u011f\u0131rl\u0131k<\/td>\n<td>1,4 kg<\/td>\n<\/tr>\n<\/table>\n","protected":false},"excerpt":{"rendered":"<p>Model DUM111SYX<\/p>\n<p>Ak\u00fcl\u00fc \u00c7im Kesme Makas\u0131<\/p>\n<p>18V \u2022&nbsp;110mm&nbsp;\u2022 2.500 dak\u207b\u00b9<\/p>\n<p><strong style=\"color: rgb(0, 112, 192);\">Y\u00fcksek Performansl\u0131 Ak\u00fcl\u00fc \u00c7im Kesme&nbsp;Makinesi <\/strong><\/p>\n<p>\u00c7im ve \u00e7al\u0131 budama i\u015flemleri i\u00e7in tasarlanm\u0131\u015f bu model, 18V LXT Li-Ion ak\u00fc sistemi ile kablosuz kullan\u0131m avantaj\u0131 sa\u011flar. 110 mm kesim geni\u015fli\u011fi ile \u00e7imlerin hassas ve h\u0131zl\u0131 kesimini sa\u011flarken \u00e7al\u0131 b\u0131\u00e7a\u011f\u0131 ile k\u00fc\u00e7\u00fck \u00e7al\u0131lar\u0131n pratik budamas\u0131n\u0131 m\u00fcmk\u00fcn k\u0131lar. Dakikada 2.500 bo\u015fta devire sahiptir. Ergonomik tasar\u0131m\u0131, hafif yap\u0131s\u0131 ve kau\u00e7uk kapl\u0131 tutma yeri, uzun s\u00fcreli kullan\u0131mlarda konfor sunar. De\u011fi\u015ftirilebilir b\u0131\u00e7ak sistemi sayesinde kullan\u0131m esnekli\u011fi sunan bu model, sessiz \u00e7al\u0131\u015fma \u00f6zelli\u011fi ile bah\u00e7elerde keyifli bir deneyim sa\u011flar. \u00c7im bak\u0131m\u0131 ve \u00e7al\u0131 d\u00fczenleme i\u00e7in ideal bir \u00e7\u00f6z\u00fcmd\u00fcr.<\/p>\n<p><span style=\"color: red;\">Kullan\u0131m amac\u0131: <\/span>Bu alet \u00e7im alanlar\u0131n kenarlar\u0131n\u0131 ve s\u00fcrg\u00fcnleri kesmek i\u00e7in tasarlanm\u0131\u015ft\u0131r.<\/p>\n<p><u>\u00d6zellikleri:<\/u><\/p>\n<p>LXT(Lithium-ion Xtreme Technology); Makita&#8217;n\u0131n elektrikli el aletlerinde lityum iyon pil teknolojisini kullanmas\u0131. LXT serisi, geleneksel ak\u00fclere k\u0131yasla daha uzun ak\u00fc \u00f6mr\u00fc, daha h\u0131zl\u0131 \u015farj s\u00fcreleri ve genel olarak geli\u015fmi\u015f performans sa\u011flamas\u0131yla bilinir.<\/p>\n<p>Ak\u00fcl\u00fc yap\u0131s\u0131 kullan\u0131c\u0131ya kablosuz kullan\u0131m imkan\u0131 sunar ve bu sayede kullan\u0131c\u0131lar geni\u015f alanlarda kablo s\u0131n\u0131rlamalar\u0131 olmadan rahat\u00e7a \u00e7al\u0131\u015fabilirler.<\/p>\n<p>Li-ion; Bataryan\u0131n daha verimli \u00e7al\u0131\u015fmas\u0131n\u0131 sa\u011flayan teknolojidir.<\/p>\n<ol>\n<li data-list=\"ordered\"><span class=\"ql-ui\" contenteditable=\"false\"><\/span>Yumu\u015fak ba\u015flama \u00f6zelli\u011fi mevcuttur.<\/li>\n<li data-list=\"ordered\"><span class=\"ql-ui\" contenteditable=\"false\"><\/span>Otomatik 2 h\u0131z mevcuttur.<\/li>\n<li data-list=\"ordered\"><span class=\"ql-ui\" contenteditable=\"false\"><\/span><span style=\"color: black;\">Sabit h\u0131z \u00f6zelli\u011fi vard\u0131r.<\/span><\/li>\n<\/ol>\n<p>Hem \u00e7it budama \u00e7im kesme \u00f6zelli\u011fi vard\u0131r.<\/p>\n<p><span style=\"background-color: white; color: black;\">Ak\u00fc:BL1021\/1041B<\/span><\/p>\n<p>\u015earj Cihaz\u0131: DC10SB<\/p>\n<p>Ambalaj i\u00e7eri\u011fi: \u00c7im bi\u00e7me b\u0131\u00e7a\u011f\u0131, kurulum anahtar\u0131, ak\u00fc, \u015farj aleti<\/p>\n","protected":false},"featured_media":9788,"comment_status":"open","ping_status":"closed","template":"","meta":{"_acf_changed":false},"product_brand":[1485],"product_cat":[1009],"product_tag":[],"class_list":{"0":"post-9789","1":"product","2":"type-product","3":"status-publish","4":"has-post-thumbnail","6":"product_brand-makita","7":"product_cat-akulu-cim-kesme-makinalari","9":"first","10":"instock","11":"taxable","12":"shipping-taxable","13":"purchasable","14":"product-type-simple","15":"add-to-wishlist-after_add_to_cart"},"acf":[],"_links":{"self":[{"href":"https:\/\/www.makitamarket.com.tr\/site\/wp-json\/wp\/v2\/product\/9789","targetHints":{"allow":["GET"]}}],"collection":[{"href":"https:\/\/www.makitamarket.com.tr\/site\/wp-json\/wp\/v2\/product"}],"about":[{"href":"https:\/\/www.makitamarket.com.tr\/site\/wp-json\/wp\/v2\/types\/product"}],"replies":[{"embeddable":true,"href":"https:\/\/www.makitamarket.com.tr\/site\/wp-json\/wp\/v2\/comments?post=9789"}],"wp:featuredmedia":[{"embeddable":true,"href":"https:\/\/www.makitamarket.com.tr\/site\/wp-json\/wp\/v2\/media\/9788"}],"wp:attachment":[{"href":"https:\/\/www.makitamarket.com.tr\/site\/wp-json\/wp\/v2\/media?parent=9789"}],"wp:term":[{"taxonomy":"product_brand","embeddable":true,"href":"https:\/\/www.makitamarket.com.tr\/site\/wp-json\/wp\/v2\/product_brand?post=9789"},{"taxonomy":"product_cat","embeddable":true,"href":"https:\/\/www.makitamarket.com.tr\/site\/wp-json\/wp\/v2\/product_cat?post=9789"},{"taxonomy":"product_tag","embeddable":true,"href":"https:\/\/www.makitamarket.com.tr\/site\/wp-json\/wp\/v2\/product_tag?post=9789"}],"curies":[{"name":"wp","href":"https:\/\/api.w.org\/{rel}","templated":true}]}}