{"id":9791,"date":"2024-11-27T19:56:46","date_gmt":"2024-11-27T16:56:46","guid":{"rendered":"https:\/\/www.makitamarket.com.tr\/site\/urun\/biglift-elektrikli-vinc-500-1000\/"},"modified":"2026-04-06T12:53:42","modified_gmt":"2026-04-06T09:53:42","slug":"biglift-elektrikli-vinc-500-1000","status":"publish","type":"product","link":"https:\/\/www.makitamarket.com.tr\/site\/urun\/biglift-elektrikli-vinc-500-1000\/","title":{"rendered":"Biglift MAXVINC500\/1000 ELEKTR\u0130KL\u0130 V\u0130N\u00c7 500\/1000"},"content":{"rendered":"<p>500\/1000 kald\u0131rma kapasiteli 20\/10 mt halat boyuyla y\u00fcklerin kald\u0131r\u0131lmas\u0131nda ve ta\u015f\u0131nmas\u0131nda kullan\u0131lan bir ekipmand\u0131r.<\/p>\n<table>\n<tr>\n<td>Kapasite<\/td>\n<td>500\/1000<\/td>\n<\/tr>\n<tr>\n<td>Boyutlar<\/td>\n<td>560x250x350<\/td>\n<\/tr>\n<tr>\n<td>Motor G\u00fcc\u00fc<\/td>\n<td>1600 W<\/td>\n<\/tr>\n<tr>\n<td>Halat Boyu<\/td>\n<td>20\/10 mt<\/td>\n<\/tr>\n<tr>\n<td>Koruma S\u0131n\u0131f\u0131<\/td>\n<td>IP54<\/td>\n<\/tr>\n<\/table>\n","protected":false},"excerpt":{"rendered":"<p>500\/1000 kald\u0131rma kapasiteli 20\/10 mt halat boyuyla y\u00fcklerin kald\u0131r\u0131lmas\u0131nda ve ta\u015f\u0131nmas\u0131nda kullan\u0131lan bir ekipmand\u0131r.<\/p>\n","protected":false},"featured_media":9790,"comment_status":"open","ping_status":"closed","template":"","meta":{"_acf_changed":false},"product_brand":[1490],"product_cat":[780],"product_tag":[],"class_list":{"0":"post-9791","1":"product","2":"type-product","3":"status-publish","4":"has-post-thumbnail","6":"product_brand-biglift","7":"product_cat-vincler-caraskallar-hubsuglar","9":"first","10":"outofstock","11":"taxable","12":"shipping-taxable","13":"purchasable","14":"product-type-simple","15":"add-to-wishlist-after_add_to_cart"},"acf":[],"_links":{"self":[{"href":"https:\/\/www.makitamarket.com.tr\/site\/wp-json\/wp\/v2\/product\/9791","targetHints":{"allow":["GET"]}}],"collection":[{"href":"https:\/\/www.makitamarket.com.tr\/site\/wp-json\/wp\/v2\/product"}],"about":[{"href":"https:\/\/www.makitamarket.com.tr\/site\/wp-json\/wp\/v2\/types\/product"}],"replies":[{"embeddable":true,"href":"https:\/\/www.makitamarket.com.tr\/site\/wp-json\/wp\/v2\/comments?post=9791"}],"wp:featuredmedia":[{"embeddable":true,"href":"https:\/\/www.makitamarket.com.tr\/site\/wp-json\/wp\/v2\/media\/9790"}],"wp:attachment":[{"href":"https:\/\/www.makitamarket.com.tr\/site\/wp-json\/wp\/v2\/media?parent=9791"}],"wp:term":[{"taxonomy":"product_brand","embeddable":true,"href":"https:\/\/www.makitamarket.com.tr\/site\/wp-json\/wp\/v2\/product_brand?post=9791"},{"taxonomy":"product_cat","embeddable":true,"href":"https:\/\/www.makitamarket.com.tr\/site\/wp-json\/wp\/v2\/product_cat?post=9791"},{"taxonomy":"product_tag","embeddable":true,"href":"https:\/\/www.makitamarket.com.tr\/site\/wp-json\/wp\/v2\/product_tag?post=9791"}],"curies":[{"name":"wp","href":"https:\/\/api.w.org\/{rel}","templated":true}]}}