{"id":9825,"date":"2024-11-27T19:57:01","date_gmt":"2024-11-27T16:57:01","guid":{"rendered":"https:\/\/www.makitamarket.com.tr\/site\/urun\/makita-metal-kesme-daire-testere-305x60-dis\/"},"modified":"2026-04-06T13:32:57","modified_gmt":"2026-04-06T10:32:57","slug":"makita-metal-kesme-daire-testere-305x60-dis","status":"publish","type":"product","link":"https:\/\/www.makitamarket.com.tr\/site\/urun\/makita-metal-kesme-daire-testere-305x60-dis\/","title":{"rendered":"Makita A-87242 METAL KESME DA\u0130RE TESTERE 305&#215;60 D\u0130\u015e"},"content":{"rendered":"<p>\n\tA-87242 kodlu testere ile altta belirtilen \u00f6l\u00e7\u00fclerde kesim yapabilirsiniz.<\/p>\n<p>\n\t<strong>Boru<\/strong> : 3.8 mm kal\u0131nl\u0131\u011f\u0131nda ki malzemelerde tam rand\u0131manl\u0131 kesim yap\u0131l\u0131r.<\/p>\n<p>\n\t<strong>C Profil<\/strong> : 3.2 mm kal\u0131nl\u0131\u011f\u0131nda ki malzemelerde tam rand\u0131manl\u0131 kesim yap\u0131l\u0131r.<\/p>\n<p>\n\t<strong>K\u00f6\u015febent <\/strong>: 4 mm &#8211; 5 mm kal\u0131nl\u0131\u011f\u0131ndaki kesimlerde rand\u0131man al\u0131n\u0131r.<\/p>\n<p>\n\t<strong>Kutu Profil<\/strong> : 3 mm kal\u0131nl\u0131\u011f\u0131ndaki kesimlerde rand\u0131man al\u0131n\u0131r<\/p>\n<p>\n\tPaslanmaz malzeme kesimi i\u00e7in hi\u00e7 bir \u015fekilde tavsiye edilmiyor.<\/p>\n<p>\n\tMalzeme kesimlerinde kesilecek olan malzemenin direk \u00fczerine s\u00fcrt\u00fcnme yolu ile yer a\u00e7arak yapaca\u011f\u0131n\u0131z kesimlerde testerenin elmaslar\u0131na zarar vermenize neden olmaktad\u0131r. Bu sebeple kesilecek olan malzemeyi dik tutarak sadece k\u00f6\u015fesinden kesime ba\u015flanmas\u0131 gerekmektedir. Bu i\u015flem testerenin d\u00fczg\u00fcn kesim yapmas\u0131n\u0131 sa\u011flarken ayn\u0131 zamanda malzemeninde minimum \u00e7apaks\u0131z kesilmesini sa\u011flamaktad\u0131r. Sadece Makita LC1230 metal kesme makinas\u0131 ve muadilleri ile kullan\u0131l\u0131r. Flex ta\u015f ile kesim yapan makinalarda devir say\u0131s\u0131 sebebiyle kullan\u0131lmas\u0131 uygun de\u011fildir. Kullan\u0131lacak olan makina ile testere \u00fczerinde yaz\u0131l\u0131 olan devir say\u0131s\u0131n\u0131 mutlaka kontrol ediniz.<\/p>\n<table>\n<tr>\n<td>Testere \u00e7ap\u0131<\/td>\n<td>305 mm<\/td>\n<\/tr>\n<tr>\n<td>G\u00f6bek \u00e7ap\u0131<\/td>\n<td>25.4 mm<\/td>\n<\/tr>\n<tr>\n<td>Elmas Kal\u0131nl\u0131\u011f\u0131<\/td>\n<td>2.1 mm<\/td>\n<\/tr>\n<tr>\n<td>G\u00f6vde Kal\u0131nl\u0131\u011f\u0131<\/td>\n<td>1.7 mm<\/td>\n<\/tr>\n<tr>\n<td>Di\u015f Say\u0131s\u0131<\/td>\n<td>60<\/td>\n<\/tr>\n<tr>\n<td>Elmas A\u00e7\u0131s\u0131<\/td>\n<td>0\u02da<\/td>\n<\/tr>\n<tr>\n<td>Di\u015f Tipi<\/td>\n<td>TCG<\/td>\n<\/tr>\n<tr>\n<td>Kullan\u0131m Alan\u0131<\/td>\n<td>Yumu\u015fak \u00c7elik<\/td>\n<\/tr>\n<\/table>\n","protected":false},"excerpt":{"rendered":"<p>\n\tA-87242 kodlu testere ile altta belirtilen \u00f6l\u00e7\u00fclerde kesim yapabilirsiniz.<\/p>\n<p>\n\t<strong>Boru<\/strong> : 3.8 mm kal\u0131nl\u0131\u011f\u0131nda ki malzemelerde tam rand\u0131manl\u0131 kesim yap\u0131l\u0131r.<\/p>\n<p>\n\t<strong>C Profil<\/strong> : 3.2 mm kal\u0131nl\u0131\u011f\u0131nda ki malzemelerde tam rand\u0131manl\u0131 kesim yap\u0131l\u0131r.<\/p>\n<p>\n\t<strong>K\u00f6\u015febent <\/strong>: 4 mm &#8211; 5 mm kal\u0131nl\u0131\u011f\u0131ndaki kesimlerde rand\u0131man al\u0131n\u0131r.<\/p>\n<p>\n\t<strong>Kutu Profil<\/strong> : 3 mm kal\u0131nl\u0131\u011f\u0131ndaki kesimlerde rand\u0131man al\u0131n\u0131r<\/p>\n<p>\n\tPaslanmaz malzeme kesimi i\u00e7in hi\u00e7 bir \u015fekilde tavsiye edilmiyor.<\/p>\n<p>\n\tMalzeme kesimlerinde kesilecek olan malzemenin direk \u00fczerine s\u00fcrt\u00fcnme yolu ile yer a\u00e7arak yapaca\u011f\u0131n\u0131z kesimlerde testerenin elmaslar\u0131na zarar vermenize neden olmaktad\u0131r. Bu sebeple kesilecek olan malzemeyi dik tutarak sadece k\u00f6\u015fesinden kesime ba\u015flanmas\u0131 gerekmektedir. Bu i\u015flem testerenin d\u00fczg\u00fcn kesim yapmas\u0131n\u0131 sa\u011flarken ayn\u0131 zamanda malzemeninde minimum \u00e7apaks\u0131z kesilmesini sa\u011flamaktad\u0131r. Sadece Makita LC1230 metal kesme makinas\u0131 ve muadilleri ile kullan\u0131l\u0131r. Flex ta\u015f ile kesim yapan makinalarda devir say\u0131s\u0131 sebebiyle kullan\u0131lmas\u0131 uygun de\u011fildir. Kullan\u0131lacak olan makina ile testere \u00fczerinde yaz\u0131l\u0131 olan devir say\u0131s\u0131n\u0131 mutlaka kontrol ediniz.<\/p>\n","protected":false},"featured_media":11131,"comment_status":"open","ping_status":"closed","template":"","meta":{"_acf_changed":false},"product_brand":[1485],"product_cat":[958],"product_tag":[],"class_list":{"0":"post-9825","1":"product","2":"type-product","3":"status-publish","4":"has-post-thumbnail","6":"product_brand-makita","7":"product_cat-metal-kesme-daire-testereler","9":"first","10":"outofstock","11":"taxable","12":"shipping-taxable","13":"purchasable","14":"product-type-simple","15":"add-to-wishlist-after_add_to_cart"},"acf":[],"_links":{"self":[{"href":"https:\/\/www.makitamarket.com.tr\/site\/wp-json\/wp\/v2\/product\/9825","targetHints":{"allow":["GET"]}}],"collection":[{"href":"https:\/\/www.makitamarket.com.tr\/site\/wp-json\/wp\/v2\/product"}],"about":[{"href":"https:\/\/www.makitamarket.com.tr\/site\/wp-json\/wp\/v2\/types\/product"}],"replies":[{"embeddable":true,"href":"https:\/\/www.makitamarket.com.tr\/site\/wp-json\/wp\/v2\/comments?post=9825"}],"wp:featuredmedia":[{"embeddable":true,"href":"https:\/\/www.makitamarket.com.tr\/site\/wp-json\/wp\/v2\/media\/11131"}],"wp:attachment":[{"href":"https:\/\/www.makitamarket.com.tr\/site\/wp-json\/wp\/v2\/media?parent=9825"}],"wp:term":[{"taxonomy":"product_brand","embeddable":true,"href":"https:\/\/www.makitamarket.com.tr\/site\/wp-json\/wp\/v2\/product_brand?post=9825"},{"taxonomy":"product_cat","embeddable":true,"href":"https:\/\/www.makitamarket.com.tr\/site\/wp-json\/wp\/v2\/product_cat?post=9825"},{"taxonomy":"product_tag","embeddable":true,"href":"https:\/\/www.makitamarket.com.tr\/site\/wp-json\/wp\/v2\/product_tag?post=9825"}],"curies":[{"name":"wp","href":"https:\/\/api.w.org\/{rel}","templated":true}]}}