{"id":9840,"date":"2024-11-27T19:57:07","date_gmt":"2024-11-27T16:57:07","guid":{"rendered":"https:\/\/www.makitamarket.com.tr\/site\/urun\/big-red-bigred-tr71001-hidr-dogrultma-10t-34kg\/"},"modified":"2026-03-30T07:36:35","modified_gmt":"2026-03-30T04:36:35","slug":"big-red-bigred-tr71001-hidr-dogrultma-10t-34kg","status":"publish","type":"product","link":"https:\/\/www.makitamarket.com.tr\/site\/urun\/big-red-bigred-tr71001-hidr-dogrultma-10t-34kg\/","title":{"rendered":"Big Red TR71001 BIGRED TR71001 HIDR.DOGRULTMA 10T &#8211; 34KG"},"content":{"rendered":"<p>Hidorlik do\u011frultmalar<\/p>\n<table>\n<tr>\n<td>Kald\u0131rma Kapasitesi<\/td>\n<td>10 Ton<\/td>\n<\/tr>\n<tr>\n<td>Minimum kol y\u00fcksekli\u011fi<\/td>\n<td>367 mm<\/td>\n<\/tr>\n<tr>\n<td>\u00d6l\u00e7\u00fcleri<\/td>\n<td>730mmx400mmx160mm<\/td>\n<\/tr>\n<tr>\n<td>Net A\u011f\u0131rl\u0131k<\/td>\n<td>34kg<\/td>\n<\/tr>\n<tr>\n<td>Kol kald\u0131rma y\u00fcksekli\u011fi<\/td>\n<td>150 mm<\/td>\n<\/tr>\n<\/table>\n","protected":false},"excerpt":{"rendered":"<p>Hidorlik do\u011frultmalar<\/p>\n","protected":false},"featured_media":9839,"comment_status":"open","ping_status":"closed","template":"","meta":{"_acf_changed":false},"product_brand":[1519],"product_cat":[1013],"product_tag":[],"class_list":{"0":"post-9840","1":"product","2":"type-product","3":"status-publish","4":"has-post-thumbnail","6":"product_brand-big-red","7":"product_cat-hidrolik-dogrultmalar","9":"first","10":"instock","11":"taxable","12":"shipping-taxable","13":"purchasable","14":"product-type-simple","15":"add-to-wishlist-after_add_to_cart"},"acf":[],"_links":{"self":[{"href":"https:\/\/www.makitamarket.com.tr\/site\/wp-json\/wp\/v2\/product\/9840","targetHints":{"allow":["GET"]}}],"collection":[{"href":"https:\/\/www.makitamarket.com.tr\/site\/wp-json\/wp\/v2\/product"}],"about":[{"href":"https:\/\/www.makitamarket.com.tr\/site\/wp-json\/wp\/v2\/types\/product"}],"replies":[{"embeddable":true,"href":"https:\/\/www.makitamarket.com.tr\/site\/wp-json\/wp\/v2\/comments?post=9840"}],"wp:featuredmedia":[{"embeddable":true,"href":"https:\/\/www.makitamarket.com.tr\/site\/wp-json\/wp\/v2\/media\/9839"}],"wp:attachment":[{"href":"https:\/\/www.makitamarket.com.tr\/site\/wp-json\/wp\/v2\/media?parent=9840"}],"wp:term":[{"taxonomy":"product_brand","embeddable":true,"href":"https:\/\/www.makitamarket.com.tr\/site\/wp-json\/wp\/v2\/product_brand?post=9840"},{"taxonomy":"product_cat","embeddable":true,"href":"https:\/\/www.makitamarket.com.tr\/site\/wp-json\/wp\/v2\/product_cat?post=9840"},{"taxonomy":"product_tag","embeddable":true,"href":"https:\/\/www.makitamarket.com.tr\/site\/wp-json\/wp\/v2\/product_tag?post=9840"}],"curies":[{"name":"wp","href":"https:\/\/api.w.org\/{rel}","templated":true}]}}