{"id":9881,"date":"2024-11-27T19:57:30","date_gmt":"2024-11-27T16:57:30","guid":{"rendered":"https:\/\/www.makitamarket.com.tr\/site\/urun\/optimum-camlock-baglantili-ayna-flansi-325-mm\/"},"modified":"2025-11-16T05:15:46","modified_gmt":"2025-11-16T02:15:46","slug":"optimum-camlock-baglantili-ayna-flansi-325-mm","status":"publish","type":"product","link":"https:\/\/www.makitamarket.com.tr\/site\/urun\/optimum-camlock-baglantili-ayna-flansi-325-mm\/","title":{"rendered":"Optimum 3444042 CAMLOCK BA\u011eLANTILI AYNA FLAN\u015eI 325 mm"},"content":{"rendered":"<p>\n\t\u2022 Torna aynas\u0131n\u0131 monte etmek i\u00e7in<\/p>\n<table>\n<tr>\n<td>Tan\u0131m\u0131<\/td>\n<td>\u00d8 325 mm Camlock D 1 &#8211; 8&#8243;<\/td>\n<\/tr>\n<\/table>\n","protected":false},"excerpt":{"rendered":"<p>\n\t\u2022 Torna aynas\u0131n\u0131 monte etmek i\u00e7in<\/p>\n","protected":false},"featured_media":0,"comment_status":"open","ping_status":"closed","template":"","meta":{"_acf_changed":false},"product_brand":[1511],"product_cat":[824],"product_tag":[],"class_list":{"0":"post-9881","1":"product","2":"type-product","3":"status-publish","5":"product_brand-optimum","6":"product_cat-aksesuarlar-metal-isleme-makinalari-2","8":"first","9":"outofstock","10":"taxable","11":"shipping-taxable","12":"purchasable","13":"product-type-simple","14":"add-to-wishlist-after_add_to_cart"},"acf":[],"_links":{"self":[{"href":"https:\/\/www.makitamarket.com.tr\/site\/wp-json\/wp\/v2\/product\/9881","targetHints":{"allow":["GET"]}}],"collection":[{"href":"https:\/\/www.makitamarket.com.tr\/site\/wp-json\/wp\/v2\/product"}],"about":[{"href":"https:\/\/www.makitamarket.com.tr\/site\/wp-json\/wp\/v2\/types\/product"}],"replies":[{"embeddable":true,"href":"https:\/\/www.makitamarket.com.tr\/site\/wp-json\/wp\/v2\/comments?post=9881"}],"wp:attachment":[{"href":"https:\/\/www.makitamarket.com.tr\/site\/wp-json\/wp\/v2\/media?parent=9881"}],"wp:term":[{"taxonomy":"product_brand","embeddable":true,"href":"https:\/\/www.makitamarket.com.tr\/site\/wp-json\/wp\/v2\/product_brand?post=9881"},{"taxonomy":"product_cat","embeddable":true,"href":"https:\/\/www.makitamarket.com.tr\/site\/wp-json\/wp\/v2\/product_cat?post=9881"},{"taxonomy":"product_tag","embeddable":true,"href":"https:\/\/www.makitamarket.com.tr\/site\/wp-json\/wp\/v2\/product_tag?post=9881"}],"curies":[{"name":"wp","href":"https:\/\/api.w.org\/{rel}","templated":true}]}}