{"id":9900,"date":"2024-11-27T19:57:42","date_gmt":"2024-11-27T16:57:42","guid":{"rendered":"https:\/\/www.makitamarket.com.tr\/site\/urun\/proxxon-akulu-zimpara-was-a\/"},"modified":"2026-04-06T13:10:32","modified_gmt":"2026-04-06T10:10:32","slug":"proxxon-akulu-zimpara-was-a","status":"publish","type":"product","link":"https:\/\/www.makitamarket.com.tr\/site\/urun\/proxxon-akulu-zimpara-was-a\/","title":{"rendered":"Proxxon 29840\u00a0 AK\u00dcL\u00dc ZIMPARA WAS\/A"},"content":{"rendered":"<div>\n\tAyarlanan tork de\u011ferine ula\u015f\u0131ld\u0131\u011f\u0131nda otomatik olarak mil kilitlenir. Pratik: ihtiya\u00e7 halinde vidalar daha sonra elle daha y\u00fcksek tork uygulanarak s\u0131k\u0131labilir. \u00bc\u201d alt\u0131gen standart u\u00e7lar i\u00e7in uygundur. U\u00e7lar kilitleme segman\u0131 sayesine s\u00f6k\u00fcl\u00fcp tak\u0131labilir. Karanl\u0131k alanlarda \u00e7al\u0131\u015fmak i\u00e7in parlak LED ayd\u0131nlatma. Dokuz par\u00e7a end\u00fcstriyel kalite \u00bc\u201d u\u00e7la birlikte; PH 0 \u2013 1 \u2013 2, HX 3 \u2013 4 \u2013 5, TX 10 \u2013 15 \u2013 20. Li\/ A2 lityum batarya ve LG\/A2 h\u0131zl\u0131 \u015farj cihaz\u0131yla birlikte.<\/div>\n<table>\n<tr>\n<td>G\u00fc\u00e7<\/td>\n<td>10,8 V<\/td>\n<\/tr>\n<tr>\n<td>Tork aral\u0131\u011f\u0131<\/td>\n<td>0.25-5Nm<\/td>\n<\/tr>\n<tr>\n<td>H\u0131z<\/td>\n<td>\u00c7ift kademe- 250 d\/dak vidalama i\u00e7in- 750 d\/dak delme i\u00e7in<\/td>\n<\/tr>\n<tr>\n<td>Uzunluk<\/td>\n<td>290mm<\/td>\n<\/tr>\n<tr>\n<td>A\u011f\u0131rl\u0131k<\/td>\n<td>600g<\/td>\n<\/tr>\n<tr>\n<td>Muhafaza<\/td>\n<td>Dayan\u0131kl\u0131 Plastik Kutu<\/td>\n<\/tr>\n<\/table>\n","protected":false},"excerpt":{"rendered":"<div>\n\tAyarlanan tork de\u011ferine ula\u015f\u0131ld\u0131\u011f\u0131nda otomatik olarak mil kilitlenir. Pratik: ihtiya\u00e7 halinde vidalar daha sonra elle daha y\u00fcksek tork uygulanarak s\u0131k\u0131labilir. \u00bc\u201d alt\u0131gen standart u\u00e7lar i\u00e7in uygundur. U\u00e7lar kilitleme segman\u0131 sayesine s\u00f6k\u00fcl\u00fcp tak\u0131labilir. Karanl\u0131k alanlarda \u00e7al\u0131\u015fmak i\u00e7in parlak LED ayd\u0131nlatma. Dokuz par\u00e7a end\u00fcstriyel kalite \u00bc\u201d u\u00e7la birlikte; PH 0 \u2013 1 \u2013 2, HX 3 \u2013 4 \u2013 5, TX 10 \u2013 15 \u2013 20. Li\/ A2 lityum batarya ve LG\/A2 h\u0131zl\u0131 \u015farj cihaz\u0131yla birlikte.<\/div>\n","protected":false},"featured_media":10226,"comment_status":"open","ping_status":"closed","template":"","meta":{"_acf_changed":false},"product_brand":[1501],"product_cat":[1565],"product_tag":[],"class_list":{"0":"post-9900","1":"product","2":"type-product","3":"status-publish","4":"has-post-thumbnail","6":"product_brand-proxxon","7":"product_cat-yok-yok","9":"first","10":"instock","11":"taxable","12":"shipping-taxable","13":"purchasable","14":"product-type-simple","15":"add-to-wishlist-after_add_to_cart"},"acf":[],"_links":{"self":[{"href":"https:\/\/www.makitamarket.com.tr\/site\/wp-json\/wp\/v2\/product\/9900","targetHints":{"allow":["GET"]}}],"collection":[{"href":"https:\/\/www.makitamarket.com.tr\/site\/wp-json\/wp\/v2\/product"}],"about":[{"href":"https:\/\/www.makitamarket.com.tr\/site\/wp-json\/wp\/v2\/types\/product"}],"replies":[{"embeddable":true,"href":"https:\/\/www.makitamarket.com.tr\/site\/wp-json\/wp\/v2\/comments?post=9900"}],"wp:featuredmedia":[{"embeddable":true,"href":"https:\/\/www.makitamarket.com.tr\/site\/wp-json\/wp\/v2\/media\/10226"}],"wp:attachment":[{"href":"https:\/\/www.makitamarket.com.tr\/site\/wp-json\/wp\/v2\/media?parent=9900"}],"wp:term":[{"taxonomy":"product_brand","embeddable":true,"href":"https:\/\/www.makitamarket.com.tr\/site\/wp-json\/wp\/v2\/product_brand?post=9900"},{"taxonomy":"product_cat","embeddable":true,"href":"https:\/\/www.makitamarket.com.tr\/site\/wp-json\/wp\/v2\/product_cat?post=9900"},{"taxonomy":"product_tag","embeddable":true,"href":"https:\/\/www.makitamarket.com.tr\/site\/wp-json\/wp\/v2\/product_tag?post=9900"}],"curies":[{"name":"wp","href":"https:\/\/api.w.org\/{rel}","templated":true}]}}