{"id":9906,"date":"2024-11-27T19:57:44","date_gmt":"2024-11-27T16:57:44","guid":{"rendered":"https:\/\/www.makitamarket.com.tr\/site\/urun\/bmi-bmi-601060-inclitronic-dijital-egim-olcerli-su-terazisi-60-cm\/"},"modified":"2026-04-06T12:55:53","modified_gmt":"2026-04-06T09:55:53","slug":"bmi-bmi-601060-inclitronic-dijital-egim-olcerli-su-terazisi-60-cm","status":"publish","type":"product","link":"https:\/\/www.makitamarket.com.tr\/site\/urun\/bmi-bmi-601060-inclitronic-dijital-egim-olcerli-su-terazisi-60-cm\/","title":{"rendered":"Bmi 601060 BMI 601060 INCLITRONIC D\u0130J\u0130TAL E\u011e\u0130M \u00d6L\u00c7ERL\u0130 SU TERAZ\u0130S\u0130 60 CM"},"content":{"rendered":"<table>\n<tr>\n<td>0\u00b0 ve 90\u00b0 Hassasiyet<\/td>\n<td>\u00b1 0.1\u00b0<\/td>\n<\/tr>\n<tr>\n<td>1\u00b0\u2019den 89\u00b0\u2019ye Hassasiyet<\/td>\n<td>\u00b1 0.3\u00b0<\/td>\n<\/tr>\n<tr>\n<td>Uzunluk<\/td>\n<td>60 cm<\/td>\n<\/tr>\n<tr>\n<td>Batarya<\/td>\n<td>E Blok9V 6LR61<\/td>\n<\/tr>\n<\/table>\n","protected":false},"excerpt":{"rendered":"<p>0\u00b0 ve 90\u00b0 Hassasiyet \u00b1 0.1\u00b0 1\u00b0\u2019den 89\u00b0\u2019ye Hassasiyet \u00b1 0.3\u00b0 Uzunluk 60 cm Batarya E Blok9V 6LR61<\/p>\n","protected":false},"featured_media":9905,"comment_status":"open","ping_status":"closed","template":"","meta":{"_acf_changed":false},"product_brand":[1522],"product_cat":[974],"product_tag":[],"class_list":{"0":"post-9906","1":"product","2":"type-product","3":"status-publish","4":"has-post-thumbnail","6":"product_brand-bmi","7":"product_cat-su-terazileri","9":"first","10":"outofstock","11":"taxable","12":"shipping-taxable","13":"purchasable","14":"product-type-simple","15":"add-to-wishlist-after_add_to_cart"},"acf":[],"_links":{"self":[{"href":"https:\/\/www.makitamarket.com.tr\/site\/wp-json\/wp\/v2\/product\/9906","targetHints":{"allow":["GET"]}}],"collection":[{"href":"https:\/\/www.makitamarket.com.tr\/site\/wp-json\/wp\/v2\/product"}],"about":[{"href":"https:\/\/www.makitamarket.com.tr\/site\/wp-json\/wp\/v2\/types\/product"}],"replies":[{"embeddable":true,"href":"https:\/\/www.makitamarket.com.tr\/site\/wp-json\/wp\/v2\/comments?post=9906"}],"wp:featuredmedia":[{"embeddable":true,"href":"https:\/\/www.makitamarket.com.tr\/site\/wp-json\/wp\/v2\/media\/9905"}],"wp:attachment":[{"href":"https:\/\/www.makitamarket.com.tr\/site\/wp-json\/wp\/v2\/media?parent=9906"}],"wp:term":[{"taxonomy":"product_brand","embeddable":true,"href":"https:\/\/www.makitamarket.com.tr\/site\/wp-json\/wp\/v2\/product_brand?post=9906"},{"taxonomy":"product_cat","embeddable":true,"href":"https:\/\/www.makitamarket.com.tr\/site\/wp-json\/wp\/v2\/product_cat?post=9906"},{"taxonomy":"product_tag","embeddable":true,"href":"https:\/\/www.makitamarket.com.tr\/site\/wp-json\/wp\/v2\/product_tag?post=9906"}],"curies":[{"name":"wp","href":"https:\/\/api.w.org\/{rel}","templated":true}]}}