{"id":9914,"date":"2024-11-27T19:57:49","date_gmt":"2024-11-27T16:57:49","guid":{"rendered":"https:\/\/www.makitamarket.com.tr\/site\/urun\/knipex-twistor16-yuksuk-sikma-pensi-200-mm\/"},"modified":"2026-04-06T12:55:56","modified_gmt":"2026-04-06T09:55:56","slug":"knipex-twistor16-yuksuk-sikma-pensi-200-mm","status":"publish","type":"product","link":"https:\/\/www.makitamarket.com.tr\/site\/urun\/knipex-twistor16-yuksuk-sikma-pensi-200-mm\/","title":{"rendered":"Knipex 975318 TWISTOR16 Y\u00dcKS\u00dcK SIKMA PENS\u0130 200 mm"},"content":{"rendered":"<p><b>97 53 18 KNIPEX Twistor16\u00ae<\/b><br \/>S\u0131kma kafas\u0131 360\u00b0 serbest \u015fekilde d\u00f6nd\u00fcr\u00fclebilir, 8 sabitleme pozisyonu ile. Kare s\u0131kma profili, 0,14 ila 16 mm\u00b2 aras\u0131nda y\u00fcksek kapasite aral\u0131\u011f\u0131. Kablo y\u00fcks\u00fcklerini hemen hemen her \u00e7al\u0131\u015fma pozisyonundan presleme m\u00fcmk\u00fcnd\u00fcr. S\u0131kma pensesi \u00e7e\u015fitli kesit \u00f6l\u00e7\u00fclerine otomatik olarak ayarlan\u0131r. \u0130ki taraftan eri\u015filebilir s\u0131kma deli\u011fi, a\u015f\u0131r\u0131 uzunluktaki kablo y\u00fcks\u00fckleri de yerle\u015ftirilebilir. Azami 2 x 6 mm\u00b2 \u00f6l\u00e7\u00fcs\u00fcndeki Twin kablo y\u00fcks\u00fcklerini presleme m\u00fcmk\u00fcnd\u00fcr. C\u0131rc\u0131r mekanizmas\u0131 sayesinde tekrarlanabilen y\u00fcksek s\u0131kma kalitesi (kilidi a\u00e7\u0131labilir). Hafif ve pratik alet, kol mekanizmas\u0131 sayesinde el kuvveti g\u00fc\u00e7lendirilmi\u015ftir. <\/p>\n<li><b>Uygulama: <\/b>Kablo y\u00fcks\u00fc\u011f\u00fc<\/li>\n<li><b>Kapasite milimetrekare: <\/b>0,14 \u2014 16 mm\u00b2<\/li>\n<li><b>AWG: <\/b>26 \u2014 6 <\/li>\n<li><b>Yuva say\u0131s\u0131: <\/b>1<\/li>\n<table>\n<tr>\n<td>Uzunluk<\/td>\n<td>200<\/td>\n<\/tr>\n<tr>\n<td>Form<\/td>\n<td>Yayl\u0131<\/td>\n<\/tr>\n<tr>\n<td>Kapasite<\/td>\n<td>0.14-16mm\u00b2<\/td>\n<\/tr>\n<tr>\n<td>AWG<\/td>\n<td>26-5<\/td>\n<\/tr>\n<tr>\n<td>A\u011f\u0131rl\u0131k<\/td>\n<td>478 gr<\/td>\n<\/tr>\n<\/table>\n","protected":false},"excerpt":{"rendered":"<p><b>97 53 18 KNIPEX Twistor16\u00ae<\/b><br \/>S\u0131kma kafas\u0131 360\u00b0 serbest \u015fekilde d\u00f6nd\u00fcr\u00fclebilir, 8 sabitleme pozisyonu ile. Kare s\u0131kma profili, 0,14 ila 16 mm\u00b2 aras\u0131nda y\u00fcksek kapasite aral\u0131\u011f\u0131. Kablo y\u00fcks\u00fcklerini hemen hemen her \u00e7al\u0131\u015fma pozisyonundan presleme m\u00fcmk\u00fcnd\u00fcr. S\u0131kma pensesi \u00e7e\u015fitli kesit \u00f6l\u00e7\u00fclerine otomatik olarak ayarlan\u0131r. \u0130ki taraftan eri\u015filebilir s\u0131kma deli\u011fi, a\u015f\u0131r\u0131 uzunluktaki kablo y\u00fcks\u00fckleri de yerle\u015ftirilebilir. Azami 2 x 6 mm\u00b2 \u00f6l\u00e7\u00fcs\u00fcndeki Twin kablo y\u00fcks\u00fcklerini presleme m\u00fcmk\u00fcnd\u00fcr. C\u0131rc\u0131r mekanizmas\u0131 sayesinde tekrarlanabilen y\u00fcksek s\u0131kma kalitesi (kilidi a\u00e7\u0131labilir). Hafif ve pratik alet, kol mekanizmas\u0131 sayesinde el kuvveti g\u00fc\u00e7lendirilmi\u015ftir. <\/p>\n<li><b>Uygulama: <\/b>Kablo y\u00fcks\u00fc\u011f\u00fc<\/li>\n<li><b>Kapasite milimetrekare: <\/b>0,14 \u2014 16 mm\u00b2<\/li>\n<li><b>AWG: <\/b>26 \u2014 6 <\/li>\n<li><b>Yuva say\u0131s\u0131: <\/b>1<\/li>\n","protected":false},"featured_media":9913,"comment_status":"open","ping_status":"closed","template":"","meta":{"_acf_changed":false},"product_brand":[1486],"product_cat":[852],"product_tag":[],"class_list":{"0":"post-9914","1":"product","2":"type-product","3":"status-publish","4":"has-post-thumbnail","6":"product_brand-knipex","7":"product_cat-kablo-yuksuk-ve-pabuc-sikmalar","9":"first","10":"instock","11":"taxable","12":"shipping-taxable","13":"purchasable","14":"product-type-simple","15":"add-to-wishlist-after_add_to_cart"},"acf":[],"_links":{"self":[{"href":"https:\/\/www.makitamarket.com.tr\/site\/wp-json\/wp\/v2\/product\/9914","targetHints":{"allow":["GET"]}}],"collection":[{"href":"https:\/\/www.makitamarket.com.tr\/site\/wp-json\/wp\/v2\/product"}],"about":[{"href":"https:\/\/www.makitamarket.com.tr\/site\/wp-json\/wp\/v2\/types\/product"}],"replies":[{"embeddable":true,"href":"https:\/\/www.makitamarket.com.tr\/site\/wp-json\/wp\/v2\/comments?post=9914"}],"wp:featuredmedia":[{"embeddable":true,"href":"https:\/\/www.makitamarket.com.tr\/site\/wp-json\/wp\/v2\/media\/9913"}],"wp:attachment":[{"href":"https:\/\/www.makitamarket.com.tr\/site\/wp-json\/wp\/v2\/media?parent=9914"}],"wp:term":[{"taxonomy":"product_brand","embeddable":true,"href":"https:\/\/www.makitamarket.com.tr\/site\/wp-json\/wp\/v2\/product_brand?post=9914"},{"taxonomy":"product_cat","embeddable":true,"href":"https:\/\/www.makitamarket.com.tr\/site\/wp-json\/wp\/v2\/product_cat?post=9914"},{"taxonomy":"product_tag","embeddable":true,"href":"https:\/\/www.makitamarket.com.tr\/site\/wp-json\/wp\/v2\/product_tag?post=9914"}],"curies":[{"name":"wp","href":"https:\/\/api.w.org\/{rel}","templated":true}]}}