{"id":9920,"date":"2024-11-27T19:57:52","date_gmt":"2024-11-27T16:57:52","guid":{"rendered":"https:\/\/www.makitamarket.com.tr\/site\/urun\/proxxon-proxxon-27050-mp-400-tezgah-tipi-freze-makinasi\/"},"modified":"2026-04-13T19:28:43","modified_gmt":"2026-04-13T16:28:43","slug":"proxxon-proxxon-27050-mp-400-tezgah-tipi-freze-makinasi","status":"publish","type":"product","link":"https:\/\/www.makitamarket.com.tr\/site\/urun\/proxxon-proxxon-27050-mp-400-tezgah-tipi-freze-makinasi\/","title":{"rendered":"Proxxon 27050 MT300 PROXXON 27050 MP 400 TEZGAH T\u0130P\u0130 FREZE MAK\u0130NASI"},"content":{"rendered":"<p><strong>Kullan\u0131m Alanlar\u0131 : <\/strong>Profil a\u00e7ma, kanal ve yuva a\u00e7ma budak alma ve kesme i\u015flerinde Sanat okullar\u0131 ve e\u011fitim at\u00f6lyeleri i\u00e7in ideal.<\/p>\n<p><strong>Uyumlu Aksesuarlar:<\/strong><\/p>\n<p><strong>PROX29020: <\/strong>Kanal a\u00e7ma u\u00e7 seti<\/p>\n<p><strong>PROX29024:<\/strong> D\u00fcz kanal a\u00e7ma<\/p>\n<p><strong>PROX29026:<\/strong> D\u00fcz kanal a\u00e7ma<\/p>\n<p><strong>PROX29028:<\/strong> D\u00fcz kanal a\u00e7ma<\/p>\n<p><strong>PROX29030:<\/strong> Yuvarlak kanal a\u00e7ma<\/p>\n<p><strong>PROX29032:<\/strong> V kanal a\u00e7ma<\/p>\n<p><strong>PROX29034:<\/strong> Kombine kanal a\u00e7ma<\/p>\n<p><strong>PROX29036:<\/strong> D\u203a\u015f b\u00fckey pah k\u203arma<\/p>\n<p><strong>PROX29038:<\/strong> Lamba a\u00e7ma<\/p>\n<p><strong>PROX29040: <\/strong>D\u203a\u015f b\u00fckey profi l a\u00e7ma<\/p>\n<p><strong>Sevkiyat Kapsam\u0131:<\/strong> 3 adet pens ve<\/p>\n<p>3 adet u\u00e7 dahildir.<\/p>\n<table>\n<tr>\n<td>\u00c7al\u0131\u015fma gerilimi<\/td>\n<td>220-240V<\/td>\n<\/tr>\n<tr>\n<td>Devir<\/td>\n<td>25.000 d\/dak<\/td>\n<\/tr>\n<tr>\n<td>Tabla \u00d6l\u00e7\u00fcs\u00fc<\/td>\n<td>300x150mm<\/td>\n<\/tr>\n<tr>\n<td>A\u011f\u0131rl\u0131k<\/td>\n<td>2.0kg<\/td>\n<\/tr>\n<tr>\n<td>G\u00fc\u00e7<\/td>\n<td>100 W<\/td>\n<\/tr>\n<\/table>\n","protected":false},"excerpt":{"rendered":"<p><strong>Kullan\u0131m Alanlar\u0131 : <\/strong>Profil a\u00e7ma, kanal ve yuva a\u00e7ma budak alma ve kesme i\u015flerinde Sanat okullar\u0131 ve e\u011fitim at\u00f6lyeleri i\u00e7in ideal.<\/p>\n<p><strong>Uyumlu Aksesuarlar:<\/strong><\/p>\n<p><strong>PROX29020: <\/strong>Kanal a\u00e7ma u\u00e7 seti<\/p>\n<p><strong>PROX29024:<\/strong> D\u00fcz kanal a\u00e7ma<\/p>\n<p><strong>PROX29026:<\/strong> D\u00fcz kanal a\u00e7ma<\/p>\n<p><strong>PROX29028:<\/strong> D\u00fcz kanal a\u00e7ma<\/p>\n<p><strong>PROX29030:<\/strong> Yuvarlak kanal a\u00e7ma<\/p>\n<p><strong>PROX29032:<\/strong> V kanal a\u00e7ma<\/p>\n<p><strong>PROX29034:<\/strong> Kombine kanal a\u00e7ma<\/p>\n<p><strong>PROX29036:<\/strong> D\u203a\u015f b\u00fckey pah k\u203arma<\/p>\n<p><strong>PROX29038:<\/strong> Lamba a\u00e7ma<\/p>\n<p><strong>PROX29040: <\/strong>D\u203a\u015f b\u00fckey profi l a\u00e7ma<\/p>\n<p><strong>Sevkiyat Kapsam\u0131:<\/strong> 3 adet pens ve<\/p>\n<p>3 adet u\u00e7 dahildir.<\/p>\n","protected":false},"featured_media":9919,"comment_status":"open","ping_status":"closed","template":"","meta":{"_acf_changed":false},"product_brand":[1501],"product_cat":[1565],"product_tag":[],"class_list":{"0":"post-9920","1":"product","2":"type-product","3":"status-publish","4":"has-post-thumbnail","6":"product_brand-proxxon","7":"product_cat-yok-yok","9":"first","10":"instock","11":"taxable","12":"shipping-taxable","13":"purchasable","14":"product-type-simple","15":"add-to-wishlist-after_add_to_cart"},"acf":[],"_links":{"self":[{"href":"https:\/\/www.makitamarket.com.tr\/site\/wp-json\/wp\/v2\/product\/9920","targetHints":{"allow":["GET"]}}],"collection":[{"href":"https:\/\/www.makitamarket.com.tr\/site\/wp-json\/wp\/v2\/product"}],"about":[{"href":"https:\/\/www.makitamarket.com.tr\/site\/wp-json\/wp\/v2\/types\/product"}],"replies":[{"embeddable":true,"href":"https:\/\/www.makitamarket.com.tr\/site\/wp-json\/wp\/v2\/comments?post=9920"}],"wp:featuredmedia":[{"embeddable":true,"href":"https:\/\/www.makitamarket.com.tr\/site\/wp-json\/wp\/v2\/media\/9919"}],"wp:attachment":[{"href":"https:\/\/www.makitamarket.com.tr\/site\/wp-json\/wp\/v2\/media?parent=9920"}],"wp:term":[{"taxonomy":"product_brand","embeddable":true,"href":"https:\/\/www.makitamarket.com.tr\/site\/wp-json\/wp\/v2\/product_brand?post=9920"},{"taxonomy":"product_cat","embeddable":true,"href":"https:\/\/www.makitamarket.com.tr\/site\/wp-json\/wp\/v2\/product_cat?post=9920"},{"taxonomy":"product_tag","embeddable":true,"href":"https:\/\/www.makitamarket.com.tr\/site\/wp-json\/wp\/v2\/product_tag?post=9920"}],"curies":[{"name":"wp","href":"https:\/\/api.w.org\/{rel}","templated":true}]}}