{"id":9937,"date":"2024-11-27T19:57:59","date_gmt":"2024-11-27T16:57:59","guid":{"rendered":"https:\/\/www.makitamarket.com.tr\/site\/urun\/powerwash-vakum-hortumlu\/"},"modified":"2025-11-16T05:16:29","modified_gmt":"2025-11-16T02:16:29","slug":"powerwash-vakum-hortumlu","status":"publish","type":"product","link":"https:\/\/www.makitamarket.com.tr\/site\/urun\/powerwash-vakum-hortumlu\/","title":{"rendered":"Powerwash POWERWASHFSC056B VAKUM HORTUMLU"},"content":{"rendered":"<div>\n\tUyumlu modeller: Powerwash, CH603, AC602, AC151, Di\u011fer vakum \u00fcr\u00fcnleri<\/div>\n<div>\n\tPOWERWASHFSC056B: <strong>S\u0130YAH RENK<\/strong><\/div>\n<div>\n\tUzunluk: <strong>30mt<\/strong><\/div>\n<table><\/table>\n","protected":false},"excerpt":{"rendered":"<div>\n\tUyumlu modeller: Powerwash, CH603, AC602, AC151, Di\u011fer vakum \u00fcr\u00fcnleri<\/div>\n<div>\n\tPOWERWASHFSC056B: <strong>S\u0130YAH RENK<\/strong><\/div>\n<div>\n\tUzunluk: <strong>30mt<\/strong><\/div>\n","protected":false},"featured_media":9936,"comment_status":"open","ping_status":"closed","template":"","meta":{"_acf_changed":false},"product_brand":[1489],"product_cat":[1565],"product_tag":[],"class_list":{"0":"post-9937","1":"product","2":"type-product","3":"status-publish","4":"has-post-thumbnail","6":"product_brand-powerwash","7":"product_cat-yok-yok","9":"first","10":"outofstock","11":"taxable","12":"shipping-taxable","13":"purchasable","14":"product-type-simple","15":"add-to-wishlist-after_add_to_cart"},"acf":[],"_links":{"self":[{"href":"https:\/\/www.makitamarket.com.tr\/site\/wp-json\/wp\/v2\/product\/9937","targetHints":{"allow":["GET"]}}],"collection":[{"href":"https:\/\/www.makitamarket.com.tr\/site\/wp-json\/wp\/v2\/product"}],"about":[{"href":"https:\/\/www.makitamarket.com.tr\/site\/wp-json\/wp\/v2\/types\/product"}],"replies":[{"embeddable":true,"href":"https:\/\/www.makitamarket.com.tr\/site\/wp-json\/wp\/v2\/comments?post=9937"}],"wp:featuredmedia":[{"embeddable":true,"href":"https:\/\/www.makitamarket.com.tr\/site\/wp-json\/wp\/v2\/media\/9936"}],"wp:attachment":[{"href":"https:\/\/www.makitamarket.com.tr\/site\/wp-json\/wp\/v2\/media?parent=9937"}],"wp:term":[{"taxonomy":"product_brand","embeddable":true,"href":"https:\/\/www.makitamarket.com.tr\/site\/wp-json\/wp\/v2\/product_brand?post=9937"},{"taxonomy":"product_cat","embeddable":true,"href":"https:\/\/www.makitamarket.com.tr\/site\/wp-json\/wp\/v2\/product_cat?post=9937"},{"taxonomy":"product_tag","embeddable":true,"href":"https:\/\/www.makitamarket.com.tr\/site\/wp-json\/wp\/v2\/product_tag?post=9937"}],"curies":[{"name":"wp","href":"https:\/\/api.w.org\/{rel}","templated":true}]}}