{"id":9966,"date":"2024-11-27T19:58:18","date_gmt":"2024-11-27T16:58:18","guid":{"rendered":"https:\/\/www.makitamarket.com.tr\/site\/urun\/knipex-yuksuk-sikma-pensi-190-mm\/"},"modified":"2026-03-30T07:38:29","modified_gmt":"2026-03-30T04:38:29","slug":"knipex-yuksuk-sikma-pensi-190-mm","status":"publish","type":"product","link":"https:\/\/www.makitamarket.com.tr\/site\/urun\/knipex-yuksuk-sikma-pensi-190-mm\/","title":{"rendered":"Knipex 975309 Y\u00dcKS\u00dcK SIKMA PENS\u0130 190 mm"},"content":{"rendered":"<p><b>97 53 09 Kablo Y\u00fcksekleri \u0130\u00e7in Kendili\u011finden Ayarlanan S\u0131kma Pensesi<\/b><br \/>Kablo y\u00fcks\u00fcklerinin DIN 46228 B\u00f6l\u00fcm 1 + 4 normlar\u0131na g\u00f6re preslenmesi i\u00e7in. Arzu edilen kablo y\u00fcks\u00fckleri boyutuna kendili\u011finden ayarlama: Yanl\u0131\u015f mafsal kullan\u0131m\u0131 nedeniyle s\u0131kma hatas\u0131 olu\u015fmaz. Kablo y\u00fcks\u00fcklerin aletin i\u00e7ine \u00f6nden yerle\u015ftirilir. C\u0131rc\u0131r mekanizmas\u0131 sayesinde tekrarlanabilen y\u00fcksek s\u0131kma kalitesi (kilidi a\u00e7\u0131labilir). S\u0131kma bask\u0131s\u0131 fabrika taraf\u0131ndan tam olarak ayarlanm\u0131\u015ft\u0131r (kalibrasyonlu). Yayl\u0131 ara aparat\u0131 sayesinde kullan\u0131c\u0131y\u0131 yormaz,optimum g\u00fc\u00e7 aktar\u0131m\u0131 sa\u011flan\u0131r. Kullan\u0131\u015fl\u0131 yap\u0131s\u0131 ve a\u011f\u0131rl\u0131\u011f\u0131n\u0131n d\u00fc\u015f\u00fck olmas\u0131ndan dolay\u0131 y\u00fcksek kullan\u0131m rahatl\u0131\u011f\u0131 Tek profil i\u00e7inde 0,08 &#8211; 10,0 mm\u00b2 ve 16,0 mm\u00b2 s\u0131k\u0131l\u0131r. S\u0131kma aral\u0131\u011f\u0131n\u0131n, 0,08 &#8211; 10 veya 16,0 mm\u00b2 ayarlanmas\u0131 i\u00e7in se\u00e7me kolu ile. <\/p>\n<li><b>Uygulama: <\/b>Kablo y\u00fcks\u00fc\u011f\u00fc<\/li>\n<li><b>Kapasite milimetrekare: <\/b>0,08 \u2014 10 \/ 16 mm\u00b2<\/li>\n<li><b>Yuva say\u0131s\u0131: <\/b>1<\/li>\n<li><b>AWG: <\/b>28 \u2014 6 <\/li>\n<table>\n<tr>\n<td>A\u011f\u0131rl\u0131k<\/td>\n<td>190 gr<\/td>\n<\/tr>\n<tr>\n<td>Sap<\/td>\n<td>Kal\u0131n izole<\/td>\n<\/tr>\n<tr>\n<td>Kullanma Yeri<\/td>\n<td>Kablo ucu d\u00f6rt k\u00f6\u015fe papu\u00e7 s\u0131kma<\/td>\n<\/tr>\n<tr>\n<td>Kapasite<\/td>\n<td>0.08-10\/ 16mm\u00b2<\/td>\n<\/tr>\n<tr>\n<td>A\u011f\u0131rl\u0131k<\/td>\n<td>486 gr<\/td>\n<\/tr>\n<\/table>\n","protected":false},"excerpt":{"rendered":"<p><b>97 53 09 Kablo Y\u00fcksekleri \u0130\u00e7in Kendili\u011finden Ayarlanan S\u0131kma Pensesi<\/b><br \/>Kablo y\u00fcks\u00fcklerinin DIN 46228 B\u00f6l\u00fcm 1 + 4 normlar\u0131na g\u00f6re preslenmesi i\u00e7in. Arzu edilen kablo y\u00fcks\u00fckleri boyutuna kendili\u011finden ayarlama: Yanl\u0131\u015f mafsal kullan\u0131m\u0131 nedeniyle s\u0131kma hatas\u0131 olu\u015fmaz. Kablo y\u00fcks\u00fcklerin aletin i\u00e7ine \u00f6nden yerle\u015ftirilir. C\u0131rc\u0131r mekanizmas\u0131 sayesinde tekrarlanabilen y\u00fcksek s\u0131kma kalitesi (kilidi a\u00e7\u0131labilir). S\u0131kma bask\u0131s\u0131 fabrika taraf\u0131ndan tam olarak ayarlanm\u0131\u015ft\u0131r (kalibrasyonlu). Yayl\u0131 ara aparat\u0131 sayesinde kullan\u0131c\u0131y\u0131 yormaz,optimum g\u00fc\u00e7 aktar\u0131m\u0131 sa\u011flan\u0131r. Kullan\u0131\u015fl\u0131 yap\u0131s\u0131 ve a\u011f\u0131rl\u0131\u011f\u0131n\u0131n d\u00fc\u015f\u00fck olmas\u0131ndan dolay\u0131 y\u00fcksek kullan\u0131m rahatl\u0131\u011f\u0131 Tek profil i\u00e7inde 0,08 &#8211; 10,0 mm\u00b2 ve 16,0 mm\u00b2 s\u0131k\u0131l\u0131r. S\u0131kma aral\u0131\u011f\u0131n\u0131n, 0,08 &#8211; 10 veya 16,0 mm\u00b2 ayarlanmas\u0131 i\u00e7in se\u00e7me kolu ile. <\/p>\n<li><b>Uygulama: <\/b>Kablo y\u00fcks\u00fc\u011f\u00fc<\/li>\n<li><b>Kapasite milimetrekare: <\/b>0,08 \u2014 10 \/ 16 mm\u00b2<\/li>\n<li><b>Yuva say\u0131s\u0131: <\/b>1<\/li>\n<li><b>AWG: <\/b>28 \u2014 6 <\/li>\n","protected":false},"featured_media":9965,"comment_status":"open","ping_status":"closed","template":"","meta":{"_acf_changed":false},"product_brand":[1486],"product_cat":[852],"product_tag":[],"class_list":{"0":"post-9966","1":"product","2":"type-product","3":"status-publish","4":"has-post-thumbnail","6":"product_brand-knipex","7":"product_cat-kablo-yuksuk-ve-pabuc-sikmalar","9":"first","10":"instock","11":"taxable","12":"shipping-taxable","13":"purchasable","14":"product-type-simple","15":"add-to-wishlist-after_add_to_cart"},"acf":[],"_links":{"self":[{"href":"https:\/\/www.makitamarket.com.tr\/site\/wp-json\/wp\/v2\/product\/9966","targetHints":{"allow":["GET"]}}],"collection":[{"href":"https:\/\/www.makitamarket.com.tr\/site\/wp-json\/wp\/v2\/product"}],"about":[{"href":"https:\/\/www.makitamarket.com.tr\/site\/wp-json\/wp\/v2\/types\/product"}],"replies":[{"embeddable":true,"href":"https:\/\/www.makitamarket.com.tr\/site\/wp-json\/wp\/v2\/comments?post=9966"}],"wp:featuredmedia":[{"embeddable":true,"href":"https:\/\/www.makitamarket.com.tr\/site\/wp-json\/wp\/v2\/media\/9965"}],"wp:attachment":[{"href":"https:\/\/www.makitamarket.com.tr\/site\/wp-json\/wp\/v2\/media?parent=9966"}],"wp:term":[{"taxonomy":"product_brand","embeddable":true,"href":"https:\/\/www.makitamarket.com.tr\/site\/wp-json\/wp\/v2\/product_brand?post=9966"},{"taxonomy":"product_cat","embeddable":true,"href":"https:\/\/www.makitamarket.com.tr\/site\/wp-json\/wp\/v2\/product_cat?post=9966"},{"taxonomy":"product_tag","embeddable":true,"href":"https:\/\/www.makitamarket.com.tr\/site\/wp-json\/wp\/v2\/product_tag?post=9966"}],"curies":[{"name":"wp","href":"https:\/\/api.w.org\/{rel}","templated":true}]}}