{"id":9970,"date":"2024-11-27T19:58:24","date_gmt":"2024-11-27T16:58:24","guid":{"rendered":"https:\/\/www.makitamarket.com.tr\/site\/urun\/knipex-segman-pense-seti\/"},"modified":"2026-04-06T13:53:13","modified_gmt":"2026-04-06T10:53:13","slug":"knipex-segman-pense-seti","status":"publish","type":"product","link":"https:\/\/www.makitamarket.com.tr\/site\/urun\/knipex-segman-pense-seti\/","title":{"rendered":"Knipex 002003V02 SEGMAN PENSE SET\u0130"},"content":{"rendered":"<p><b>00 20 03 V02 Segman Pense Set<\/b><br \/>. Self servis delikli \u015f\u0131k sat\u0131\u015f ambalaj\u0131. Sa\u011flam plastik ambalaj: Penselerin daha sonra muhafaza edilmesi i\u00e7in de elveri\u015flidir. Y\u00fcksek beklentilere cevap verebilecek, yayg\u0131n olarak kullan\u0131lan a\u011f\u0131r hizmet segman penseleri ile donat\u0131lm\u0131\u015ft\u0131r. 4 Par\u00e7al\u0131. self servis kart\/kabartma. <br \/><b>Teslimat kapsam\u0131:<\/b> 1 x 44 11 J1 KNIPEX Segman pensesi Delikler i\u00e7indeki i\u00e7 segmanlar i\u00e7in (\u00d8 12 &#8211; 25 mm), 1 x 44 11 J2 KNIPEX Segman pensesi Delikler i\u00e7indeki i\u00e7 segmanlar i\u00e7in (\u00d8 19 &#8211; 60 mm), 1 x 46 11 A1 KNIPEX Segman pensesi Millerdeki d\u0131\u015f segman i\u00e7in (\u00d8 10 \u2013 25 mm), 1 x 46 11 A2 KNIPEX Segman pensesi Millerdeki d\u0131\u015f segman i\u00e7in (\u00d8 19 \u2013 60 mm),<\/p>\n<table><\/table>\n","protected":false},"excerpt":{"rendered":"<p><b>00 20 03 V02 Segman Pense Set<\/b><br \/>. Self servis delikli \u015f\u0131k sat\u0131\u015f ambalaj\u0131. Sa\u011flam plastik ambalaj: Penselerin daha sonra muhafaza edilmesi i\u00e7in de elveri\u015flidir. Y\u00fcksek beklentilere cevap verebilecek, yayg\u0131n olarak kullan\u0131lan a\u011f\u0131r hizmet segman penseleri ile donat\u0131lm\u0131\u015ft\u0131r. 4 Par\u00e7al\u0131. self servis kart\/kabartma. <br \/><b>Teslimat kapsam\u0131:<\/b> 1 x 44 11 J1 KNIPEX Segman pensesi Delikler i\u00e7indeki i\u00e7 segmanlar i\u00e7in (\u00d8 12 &#8211; 25 mm), 1 x 44 11 J2 KNIPEX Segman pensesi Delikler i\u00e7indeki i\u00e7 segmanlar i\u00e7in (\u00d8 19 &#8211; 60 mm), 1 x 46 11 A1 KNIPEX Segman pensesi Millerdeki d\u0131\u015f segman i\u00e7in (\u00d8 10 \u2013 25 mm), 1 x 46 11 A2 KNIPEX Segman pensesi Millerdeki d\u0131\u015f segman i\u00e7in (\u00d8 19 \u2013 60 mm),<\/p>\n","protected":false},"featured_media":11940,"comment_status":"open","ping_status":"closed","template":"","meta":{"_acf_changed":false},"product_brand":[1486],"product_cat":[956],"product_tag":[],"class_list":{"0":"post-9970","1":"product","2":"type-product","3":"status-publish","4":"has-post-thumbnail","6":"product_brand-knipex","7":"product_cat-ayarli-penseler","9":"first","10":"instock","11":"taxable","12":"shipping-taxable","13":"purchasable","14":"product-type-simple","15":"add-to-wishlist-after_add_to_cart"},"acf":[],"_links":{"self":[{"href":"https:\/\/www.makitamarket.com.tr\/site\/wp-json\/wp\/v2\/product\/9970","targetHints":{"allow":["GET"]}}],"collection":[{"href":"https:\/\/www.makitamarket.com.tr\/site\/wp-json\/wp\/v2\/product"}],"about":[{"href":"https:\/\/www.makitamarket.com.tr\/site\/wp-json\/wp\/v2\/types\/product"}],"replies":[{"embeddable":true,"href":"https:\/\/www.makitamarket.com.tr\/site\/wp-json\/wp\/v2\/comments?post=9970"}],"wp:featuredmedia":[{"embeddable":true,"href":"https:\/\/www.makitamarket.com.tr\/site\/wp-json\/wp\/v2\/media\/11940"}],"wp:attachment":[{"href":"https:\/\/www.makitamarket.com.tr\/site\/wp-json\/wp\/v2\/media?parent=9970"}],"wp:term":[{"taxonomy":"product_brand","embeddable":true,"href":"https:\/\/www.makitamarket.com.tr\/site\/wp-json\/wp\/v2\/product_brand?post=9970"},{"taxonomy":"product_cat","embeddable":true,"href":"https:\/\/www.makitamarket.com.tr\/site\/wp-json\/wp\/v2\/product_cat?post=9970"},{"taxonomy":"product_tag","embeddable":true,"href":"https:\/\/www.makitamarket.com.tr\/site\/wp-json\/wp\/v2\/product_tag?post=9970"}],"curies":[{"name":"wp","href":"https:\/\/api.w.org\/{rel}","templated":true}]}}