{"id":9972,"date":"2024-11-27T19:58:24","date_gmt":"2024-11-27T16:58:24","guid":{"rendered":"https:\/\/www.makitamarket.com.tr\/site\/urun\/gison-1-2-mini-havali-somun-sikma\/"},"modified":"2026-03-30T07:46:33","modified_gmt":"2026-03-30T04:46:33","slug":"gison-1-2-mini-havali-somun-sikma","status":"publish","type":"product","link":"https:\/\/www.makitamarket.com.tr\/site\/urun\/gison-1-2-mini-havali-somun-sikma\/","title":{"rendered":"Gison GW17J1 1\/2&#8243; M\u0130N\u0130 HAVALI SOMUN SIKMA"},"content":{"rendered":"<div>\n\t\u2022 Ultra Kompakt, 99mm Uzunluk<\/div>\n<div>\n\t\u2022 Mini<\/div>\n<div>\n\t<strong>Kullan\u0131m Alanlar\u0131 :<\/strong><\/div>\n<div>\n\tT\u00fcm otomotiv sekt\u00f6r\u00fcndeki \u015fanz\u0131man ve motor gibi \u00e7ok k\u0131s\u0131tl\u0131 dar alanlardaki onar\u0131m i\u015fleri i\u00e7in idealdir.<\/div>\n<table>\n<tr>\n<td>Soket \u00d6l\u00e7\u00fcs\u00fc<\/td>\n<td>1\/2&#8243; (12.7 mm.)<\/td>\n<\/tr>\n<tr>\n<td>Somun Kapasitesi<\/td>\n<td>16 mm.<\/td>\n<\/tr>\n<tr>\n<td>Tork G\u00fcc\u00fc<\/td>\n<td>69.1 kg.m (678 Nm)<\/td>\n<\/tr>\n<tr>\n<td>Net A\u011f\u0131rl\u0131k<\/td>\n<td>1.40 kg.<\/td>\n<\/tr>\n<tr>\n<td>Uzunluk<\/td>\n<td>99 mm.<\/td>\n<\/tr>\n<tr>\n<td>Hava T\u00fcketimi<\/td>\n<td>0.20 m\u00b3\/dak<\/td>\n<\/tr>\n<tr>\n<td>Hava Giri\u015fi<\/td>\n<td>1\/4&#8243;<\/td>\n<\/tr>\n<tr>\n<td>Hortum \u00d6l\u00e7\u00fcs\u00fc <\/td>\n<td>10 mm.<\/td>\n<\/tr>\n<tr>\n<td>Hava Bas\u0131nc\u0131<\/td>\n<td>90 psi (6.3 kg.\/cm\u00b2)<\/td>\n<\/tr>\n<tr>\n<td>G\u00fcr\u00fclt\u00fc Seviyesi<\/td>\n<td>92 dBA<\/td>\n<\/tr>\n<tr>\n<td>Sars\u0131nt\u0131 Seviyesi<\/td>\n<td>2.8 m\/S\u00b2<\/td>\n<\/tr>\n<tr>\n<td>Mekanizma Yap\u0131s\u0131<\/td>\n<td>Jumbo Hammer<\/td>\n<\/tr>\n<tr>\n<td>Standart\u0131<\/td>\n<td>CE-Made in Taiwan<\/td>\n<\/tr>\n<\/table>\n","protected":false},"excerpt":{"rendered":"<div>\n\t\u2022 Ultra Kompakt, 99mm Uzunluk<\/div>\n<div>\n\t\u2022 Mini<\/div>\n<div>\n\t<strong>Kullan\u0131m Alanlar\u0131 :<\/strong><\/div>\n<div>\n\tT\u00fcm otomotiv sekt\u00f6r\u00fcndeki \u015fanz\u0131man ve motor gibi \u00e7ok k\u0131s\u0131tl\u0131 dar alanlardaki onar\u0131m i\u015fleri i\u00e7in idealdir.<\/div>\n","protected":false},"featured_media":10438,"comment_status":"open","ping_status":"closed","template":"","meta":{"_acf_changed":false},"product_brand":[1512],"product_cat":[880],"product_tag":[],"class_list":{"0":"post-9972","1":"product","2":"type-product","3":"status-publish","4":"has-post-thumbnail","6":"product_brand-gison","7":"product_cat-havali-somun-sikmalar","9":"first","10":"instock","11":"taxable","12":"shipping-taxable","13":"purchasable","14":"product-type-simple","15":"add-to-wishlist-after_add_to_cart"},"acf":[],"_links":{"self":[{"href":"https:\/\/www.makitamarket.com.tr\/site\/wp-json\/wp\/v2\/product\/9972","targetHints":{"allow":["GET"]}}],"collection":[{"href":"https:\/\/www.makitamarket.com.tr\/site\/wp-json\/wp\/v2\/product"}],"about":[{"href":"https:\/\/www.makitamarket.com.tr\/site\/wp-json\/wp\/v2\/types\/product"}],"replies":[{"embeddable":true,"href":"https:\/\/www.makitamarket.com.tr\/site\/wp-json\/wp\/v2\/comments?post=9972"}],"wp:featuredmedia":[{"embeddable":true,"href":"https:\/\/www.makitamarket.com.tr\/site\/wp-json\/wp\/v2\/media\/10438"}],"wp:attachment":[{"href":"https:\/\/www.makitamarket.com.tr\/site\/wp-json\/wp\/v2\/media?parent=9972"}],"wp:term":[{"taxonomy":"product_brand","embeddable":true,"href":"https:\/\/www.makitamarket.com.tr\/site\/wp-json\/wp\/v2\/product_brand?post=9972"},{"taxonomy":"product_cat","embeddable":true,"href":"https:\/\/www.makitamarket.com.tr\/site\/wp-json\/wp\/v2\/product_cat?post=9972"},{"taxonomy":"product_tag","embeddable":true,"href":"https:\/\/www.makitamarket.com.tr\/site\/wp-json\/wp\/v2\/product_tag?post=9972"}],"curies":[{"name":"wp","href":"https:\/\/api.w.org\/{rel}","templated":true}]}}